{"id":847,"date":"2019-12-16T11:40:12","date_gmt":"2019-12-16T10:40:12","guid":{"rendered":"https:\/\/villa-pasman.com\/ueber-pasman\/"},"modified":"2019-12-16T16:36:52","modified_gmt":"2019-12-16T15:36:52","slug":"ueber-pasman","status":"publish","type":"page","link":"https:\/\/villa-pasman.com\/de\/ueber-pasman\/","title":{"rendered":"\u00dcber Pa\u0161man"},"content":{"rendered":"<p>[vc_row css_animation=&#8221;&#8221; row_type=&#8221;row&#8221; use_row_as_full_screen_section=&#8221;no&#8221; type=&#8221;full_width&#8221; angled_section=&#8221;no&#8221; text_align=&#8221;left&#8221; background_image_as_pattern=&#8221;without_pattern&#8221; padding_top=&#8221;0&#8243; padding_bottom=&#8221;0&#8243; z_index=&#8221;&#8221;][vc_column width=&#8221;1\/2&#8243; offset=&#8221;vc_col-md-6&#8243; css=&#8221;.vc_custom_1574761674154{padding-top: 7% !important;padding-right: 10% !important;padding-bottom: 5% !important;padding-left: 10% !important;}&#8221;][vc_column_text]<\/p>\n<h2>Die Insel Pa\u0161man<\/h2>\n<p>[\/vc_column_text][vc_separator type=&#8221;small&#8221; position=&#8221;left&#8221; color=&#8221;#0a0a0a&#8221; transparency=&#8221;1&#8243; thickness=&#8221;1&#8243; width=&#8221;63&#8243; up=&#8221;33&#8243; down=&#8221;45&#8243;][vc_column_text]Die Insel Pa\u0161man ist das perfekte Reiseziel zum Entspannen. Reich an zahlreichen Sandstr\u00e4nden, Buchten sowie mediterraner Flora und Fauna, verleiht die Insel ein Gef\u00fchl der Sicherheit und Attraktivit\u00e4t. Wenn Sie Lust auf ein Abenteuer haben, dann bietet Pa\u0161man eingerichtete Gebirgsradwege und Aussichtswarten, die auf die Kornaten, den Vransko See, den Pa\u0161man-Kanal und die Meereslandschaft blicken, die einem den Atem rauben.<\/p>\n<p>&nbsp;<\/p>\n<p>Dank der reichen Geschichte k\u00f6nnen Sie auf Pa\u0161man \u00dcberreste illyrischer St\u00e4dte, arch\u00e4ologische Funde aus Zeiten der alten R\u00f6mer, die Statue des hl. Michael aus dem 12. Jahrhundert, das Benediktinerkloster der hl. Kosmas und Damian sowie zahlreiche andere Denkm\u00e4ler bewundern. Au\u00dfer dem geschichtlichen Aspekt k\u00f6nnen Sie dabei genie\u00dfen, zu betrachten, wie die lokale Bev\u00f6lkerung auf der Insel Pa\u0161man heutzutage lebt. Die Inselbewohner befassen sich mit Landwirtschaft und Fischerei, in der neueren Zeit haben sie aber auch ein reiches touristisches Angebot entwickelt.<\/p>\n<p>&nbsp;<\/p>\n<p>Im Archipel von Zadar gelegen umgibt die Insel Pa\u0161man das sauberste Meer an der Adria, und zwar dank den Meeresstr\u00f6mungen, die alle sechs Stunden die Richtung wechseln. Von Zadar und Biograd wird sie vom Pa\u0161man-Kanal getrennt, auf dem sich verstreut ein Dutzend wundersch\u00f6ner Kleininseln befindet. Pa\u0161man ist in \u017ddrelac mittels einer Br\u00fccke mit Ugljan verbunden, und durch F\u00e4hren mit den St\u00e4dten Zadar und Biograd.[\/vc_column_text][\/vc_column][vc_column width=&#8221;1\/2&#8243; offset=&#8221;vc_col-md-6&#8243; css=&#8221;.vc_custom_1575467184215{background-position: center !important;background-repeat: no-repeat !important;background-size: cover !important;}&#8221;][vc_empty_space]\n\t\t\t<!-- START pasman REVOLUTION SLIDER 6.1.3 --><p class=\"rs-p-wp-fix\"><\/p>\n\t\t\t<rs-module-wrap id=\"rev_slider_5_1_wrapper\" data-source=\"gallery\" style=\"background:transparent;padding:0;margin:0px auto;margin-top:0;margin-bottom:0;\">\n\t\t\t\t<rs-module id=\"rev_slider_5_1\" style=\"display:none;\" data-version=\"6.1.3\">\n\t\t\t\t\t<rs-slides>\n\t\t\t\t\t\t<rs-slide data-key=\"rs-18\" data-title=\"Slide\" data-thumb=\"\/\/villa-pasman.com\/wp-content\/uploads\/2019\/12\/island-galesnjak-50x100.jpg\" data-anim=\"ei:d;eo:d;s:1000;r:0;t:fade;sl:0;\">\n\t\t\t\t\t\t\t<img loading=\"lazy\" decoding=\"async\" src=\"\/\/villa-pasman.com\/wp-content\/uploads\/2019\/12\/island-galesnjak.jpg\" alt=\"island galesnjak\" title=\"island galesnjak\" width=\"1920\" height=\"1439\" class=\"rev-slidebg\" data-no-retina>\n<!---->\t\t\t\t\t\t<\/rs-slide>\n\t\t\t\t\t\t<rs-slide data-key=\"rs-15\" data-title=\"Slide\" data-thumb=\"\/\/villa-pasman.com\/wp-content\/uploads\/2019\/11\/pasman-island-croatia-50x100.jpg\" data-anim=\"ei:d;eo:d;s:1000;r:0;t:fade;sl:0;\">\n\t\t\t\t\t\t\t<img loading=\"lazy\" decoding=\"async\" src=\"\/\/villa-pasman.com\/wp-content\/uploads\/2019\/11\/pasman-island-croatia.jpg\" alt=\"pasman island croatia\" title=\"pasman island croatia\" width=\"1920\" height=\"1281\" class=\"rev-slidebg\" data-no-retina>\n<!---->\t\t\t\t\t\t<\/rs-slide>\n\t\t\t\t\t\t<rs-slide data-key=\"rs-14\" data-title=\"Slide\" data-thumb=\"\/\/villa-pasman.com\/wp-content\/uploads\/2019\/12\/island-pasman-coast-50x100.jpg\" data-anim=\"ei:d;eo:d;s:1000;r:0;t:fade;sl:0;\">\n\t\t\t\t\t\t\t<img loading=\"lazy\" decoding=\"async\" src=\"\/\/villa-pasman.com\/wp-content\/uploads\/2019\/12\/island-pasman-coast.jpg\" alt=\"island pasman coast\" title=\"island pasman coast\" width=\"1920\" height=\"1440\" class=\"rev-slidebg\" data-no-retina>\n<!---->\t\t\t\t\t\t<\/rs-slide>\n\t\t\t\t\t\t<rs-slide data-key=\"rs-16\" data-title=\"Slide\" data-thumb=\"\/\/villa-pasman.com\/wp-content\/uploads\/2019\/12\/channel-pasman-50x100.jpg\" data-anim=\"ei:d;eo:d;s:1000;r:0;t:fade;sl:0;\">\n\t\t\t\t\t\t\t<img loading=\"lazy\" decoding=\"async\" src=\"\/\/villa-pasman.com\/wp-content\/uploads\/2019\/12\/channel-pasman.jpg\" alt=\"channel pasman\" title=\"channel pasman\" width=\"1920\" height=\"1275\" class=\"rev-slidebg\" data-no-retina>\n<!---->\t\t\t\t\t\t<\/rs-slide>\n\t\t\t\t\t\t<rs-slide data-key=\"rs-20\" data-title=\"Slide\" data-thumb=\"\/\/villa-pasman.com\/wp-content\/uploads\/2019\/12\/kornati-islands-50x100.jpg\" data-anim=\"ei:d;eo:d;s:1000;r:0;t:fade;sl:0;\">\n\t\t\t\t\t\t\t<img loading=\"lazy\" decoding=\"async\" src=\"\/\/villa-pasman.com\/wp-content\/uploads\/2019\/12\/kornati-islands.jpg\" alt=\"kornati islands\" title=\"kornati islands\" width=\"1920\" height=\"1439\" class=\"rev-slidebg\" data-no-retina>\n<!---->\t\t\t\t\t\t<\/rs-slide>\n\t\t\t\t\t\t<rs-slide data-key=\"rs-17\" data-title=\"Slide\" data-thumb=\"\/\/villa-pasman.com\/wp-content\/uploads\/2019\/12\/coast-of-pasman-island-50x100.jpg\" data-anim=\"ei:d;eo:d;s:1000;r:0;t:fade;sl:0;\">\n\t\t\t\t\t\t\t<img loading=\"lazy\" decoding=\"async\" src=\"\/\/villa-pasman.com\/wp-content\/uploads\/2019\/12\/coast-of-pasman-island.jpg\" alt=\"coast of pasman island\" title=\"coast of pasman island\" width=\"1920\" height=\"1275\" class=\"rev-slidebg\" data-no-retina>\n<!---->\t\t\t\t\t\t<\/rs-slide>\n\t\t\t\t\t\t<rs-slide data-key=\"rs-26\" data-title=\"Slide\" data-thumb=\"\/\/villa-pasman.com\/wp-content\/uploads\/2019\/12\/vrana-lake-50x100.jpg\" data-anim=\"ei:d;eo:d;s:1000;r:0;t:fade;sl:0;\">\n\t\t\t\t\t\t\t<img loading=\"lazy\" decoding=\"async\" src=\"\/\/villa-pasman.com\/wp-content\/uploads\/2019\/12\/vrana-lake.jpg\" alt=\"vrana lake\" title=\"vrana lake\" width=\"1920\" height=\"1281\" class=\"rev-slidebg\" data-no-retina>\n<!---->\t\t\t\t\t\t<\/rs-slide>\n\t\t\t\t\t\t<rs-slide data-key=\"rs-19\" data-title=\"Slide\" data-thumb=\"\/\/villa-pasman.com\/wp-content\/uploads\/2019\/12\/island-pasman-under-trees-50x100.jpg\" data-anim=\"ei:d;eo:d;s:1000;r:0;t:fade;sl:0;\">\n\t\t\t\t\t\t\t<img loading=\"lazy\" decoding=\"async\" src=\"\/\/villa-pasman.com\/wp-content\/uploads\/2019\/12\/island-pasman-under-trees.jpg\" alt=\"island pasman under trees\" title=\"island pasman under trees\" width=\"1920\" height=\"1275\" class=\"rev-slidebg\" data-no-retina>\n<!---->\t\t\t\t\t\t<\/rs-slide>\n\t\t\t\t\t\t<rs-slide data-key=\"rs-21\" data-title=\"Slide\" data-thumb=\"\/\/villa-pasman.com\/wp-content\/uploads\/2019\/12\/olive-pasman-island-50x100.jpg\" data-anim=\"ei:d;eo:d;s:1000;r:0;t:fade;sl:0;\">\n\t\t\t\t\t\t\t<img loading=\"lazy\" decoding=\"async\" src=\"\/\/villa-pasman.com\/wp-content\/uploads\/2019\/12\/olive-pasman-island.jpg\" alt=\"olive pasman island\" title=\"olive pasman island\" width=\"1920\" height=\"1275\" class=\"rev-slidebg\" data-no-retina>\n<!---->\t\t\t\t\t\t<\/rs-slide>\n\t\t\t\t\t\t<rs-slide data-key=\"rs-27\" data-title=\"Slide\" data-thumb=\"\/\/villa-pasman.com\/wp-content\/uploads\/2019\/12\/zadar-archipelago-50x100.jpg\" data-anim=\"ei:d;eo:d;s:1000;r:0;t:fade;sl:0;\">\n\t\t\t\t\t\t\t<img loading=\"lazy\" decoding=\"async\" src=\"\/\/villa-pasman.com\/wp-content\/uploads\/2019\/12\/zadar-archipelago.jpg\" alt=\"zadar archipelago\" title=\"zadar archipelago\" width=\"1920\" height=\"1279\" class=\"rev-slidebg\" data-no-retina>\n<!---->\t\t\t\t\t\t<\/rs-slide>\n\t\t\t\t\t\t<rs-slide data-key=\"rs-22\" data-title=\"Slide\" data-thumb=\"\/\/villa-pasman.com\/wp-content\/uploads\/2019\/12\/pasman-coast-50x100.jpg\" data-anim=\"ei:d;eo:d;s:1000;r:0;t:fade;sl:0;\">\n\t\t\t\t\t\t\t<img loading=\"lazy\" decoding=\"async\" src=\"\/\/villa-pasman.com\/wp-content\/uploads\/2019\/12\/pasman-coast.jpg\" alt=\"pasman coast\" title=\"pasman coast\" width=\"1920\" height=\"1440\" class=\"rev-slidebg\" data-no-retina>\n<!---->\t\t\t\t\t\t<\/rs-slide>\n\t\t\t\t\t\t<rs-slide data-key=\"rs-23\" data-title=\"Slide\" data-thumb=\"\/\/villa-pasman.com\/wp-content\/uploads\/2019\/12\/pasman-island-channel-50x100.jpg\" data-anim=\"ei:d;eo:d;s:1000;r:0;t:fade;sl:0;\">\n\t\t\t\t\t\t\t<img loading=\"lazy\" decoding=\"async\" src=\"\/\/villa-pasman.com\/wp-content\/uploads\/2019\/12\/pasman-island-channel.jpg\" alt=\"pasman island channel\" title=\"pasman island channel\" width=\"1920\" height=\"1275\" class=\"rev-slidebg\" data-no-retina>\n<!---->\t\t\t\t\t\t<\/rs-slide>\n\t\t\t\t\t\t<rs-slide data-key=\"rs-24\" data-title=\"Slide\" data-thumb=\"\/\/villa-pasman.com\/wp-content\/uploads\/2019\/12\/pasman-island-coast-50x100.jpg\" data-anim=\"ei:d;eo:d;s:1000;r:0;t:fade;sl:0;\">\n\t\t\t\t\t\t\t<img loading=\"lazy\" decoding=\"async\" src=\"\/\/villa-pasman.com\/wp-content\/uploads\/2019\/12\/pasman-island-coast.jpg\" alt=\"pasman island coast\" title=\"pasman island coast\" width=\"1920\" height=\"1275\" class=\"rev-slidebg\" data-no-retina>\n<!---->\t\t\t\t\t\t<\/rs-slide>\n\t\t\t\t\t\t<rs-slide data-key=\"rs-25\" data-title=\"Slide\" data-thumb=\"\/\/villa-pasman.com\/wp-content\/uploads\/2019\/12\/pasman-island-from-top-50x100.jpg\" data-anim=\"ei:d;eo:d;s:1000;r:0;t:fade;sl:0;\">\n\t\t\t\t\t\t\t<img loading=\"lazy\" decoding=\"async\" src=\"\/\/villa-pasman.com\/wp-content\/uploads\/2019\/12\/pasman-island-from-top.jpg\" alt=\"pasman island from top\" title=\"pasman island from top\" width=\"1920\" height=\"1275\" class=\"rev-slidebg\" data-no-retina>\n<!---->\t\t\t\t\t\t<\/rs-slide>\n\t\t\t\t\t<\/rs-slides>\n\t\t\t\t\t<rs-progress class=\"rs-bottom\" style=\"visibility: hidden !important;\"><\/rs-progress>\n\t\t\t\t<\/rs-module>\n\t\t\t\t<script type=\"text\/javascript\">\n\t\t\t\t\tsetREVStartSize({c: 'rev_slider_5_1',rl:[1240,1024,778,480],el:[900],gw:[1240],gh:[900],layout:'fullwidth',mh:\"0\"});\n\t\t\t\t\tvar\trevapi5,\n\t\t\t\t\t\ttpj;\n\t\t\t\t\tjQuery(function() {\n\t\t\t\t\t\ttpj = jQuery;\n\t\t\t\t\t\tif(tpj(\"#rev_slider_5_1\").revolution == undefined){\n\t\t\t\t\t\t\trevslider_showDoubleJqueryError(\"#rev_slider_5_1\");\n\t\t\t\t\t\t}else{\n\t\t\t\t\t\t\trevapi5 = tpj(\"#rev_slider_5_1\").show().revolution({\n\t\t\t\t\t\t\t\tsliderType:\"carousel\",\n\t\t\t\t\t\t\t\tjsFileLocation:\"\/\/villa-pasman.com\/wp-content\/plugins\/revslider\/public\/assets\/js\/\",\n\t\t\t\t\t\t\t\tvisibilityLevels:\"1240,1024,778,480\",\n\t\t\t\t\t\t\t\tgridwidth:1240,\n\t\t\t\t\t\t\t\tgridheight:900,\n\t\t\t\t\t\t\t\tminHeight:\"\",\n\t\t\t\t\t\t\t\tspinner:\"spinner2\",\n\t\t\t\t\t\t\t\teditorheight:\"900,768,960,720\",\n\t\t\t\t\t\t\t\tresponsiveLevels:\"1240,1024,778,480\",\n\t\t\t\t\t\t\t\tdisableProgressBar:\"on\",\n\t\t\t\t\t\t\t\tnavigation: {\n\t\t\t\t\t\t\t\t\tonHoverStop:false,\n\t\t\t\t\t\t\t\t\tbullets: {\n\t\t\t\t\t\t\t\t\t\tenable:true,\n\t\t\t\t\t\t\t\t\t\ttmp:\"\",\n\t\t\t\t\t\t\t\t\t\tstyle:\"custom-nav\"\n\t\t\t\t\t\t\t\t\t}\n\t\t\t\t\t\t\t\t},\n\t\t\t\t\t\t\t\tfallbacks: {\n\t\t\t\t\t\t\t\t\tallowHTML5AutoPlayOnAndroid:true\n\t\t\t\t\t\t\t\t},\n\t\t\t\t\t\t\t});\n\t\t\t\t\t\t}\n\t\t\t\t\t\t\n\t\t\t\t\t});\n\t\t\t\t<\/script>\n\t\t\t\t<script>\n\t\t\t\t\tvar htmlDivCss = ' #rev_slider_5_1_wrapper rs-loader.spinner2{ background-color: #ffffff !important; } '\n\t\t\t\t\tvar htmlDiv = document.getElementById('rs-plugin-settings-inline-css');\n\t\t\t\t\tif(htmlDiv) {\n\t\t\t\t\t\thtmlDiv.innerHTML = htmlDiv.innerHTML + htmlDivCss;\n\t\t\t\t\t}else{\n\t\t\t\t\t\tvar htmlDiv = document.createElement('div');\n\t\t\t\t\t\thtmlDiv.innerHTML = '<style>' + htmlDivCss + '<\/style>';\n\t\t\t\t\t\tdocument.getElementsByTagName('head')[0].appendChild(htmlDiv.childNodes[0]);\n\t\t\t\t\t}\n\t\t\t\t<\/script>\n\t\t\t\t<script>\n\t\t\t\t\tvar htmlDivCss = unescape(\"%23rev_slider_5_1_wrapper%20.custom-nav%20.tp-bullet%20%7B%0A%20%20box-sizing%3Acontent-box%3B%20-webkit-box-sizing%3Acontent-box%3B%0A%20%20background-color%3A%20%23b7b7b7%3B%0A%20%20width%3A36px%3Bheight%3A4px%3B%0A%20%20-webkit-transition%3A%20all%200.3s%20ease%3B%0A%20%20transition%3A%20all%200.3s%20ease%3B%0A%20%7D%0A%20%0A%23rev_slider_5_1_wrapper%20.custom-nav%20.tp-bullet%3Ahover%2C%0A%23rev_slider_5_1_wrapper%20.custom-nav%20.tp-bullet.selected%7B%0A%09background-color%3A%20%23fff%3B%0A%20%20%20%20border-color%3A%20%23fff%3B%0A%7D%0A%20%20%0A%20%20%20%20%20%20%20%0A%0A\");\n\t\t\t\t\tvar htmlDiv = document.getElementById('rs-plugin-settings-inline-css');\n\t\t\t\t\tif(htmlDiv) {\n\t\t\t\t\t\thtmlDiv.innerHTML = htmlDiv.innerHTML + htmlDivCss;\n\t\t\t\t\t}else{\n\t\t\t\t\t\tvar htmlDiv = document.createElement('div');\n\t\t\t\t\t\thtmlDiv.innerHTML = '<style>' + htmlDivCss + '<\/style>';\n\t\t\t\t\t\tdocument.getElementsByTagName('head')[0].appendChild(htmlDiv.childNodes[0]);\n\t\t\t\t\t}\n\t\t\t\t<\/script>\n\t\t\t\t<script>\n\t\t\t\t\tvar htmlDivCss = unescape(\"%0A%0A%0A%0A%0A%0A%0A%0A%0A%0A%0A%0A%0A%0A\");\n\t\t\t\t\tvar htmlDiv = document.getElementById('rs-plugin-settings-inline-css');\n\t\t\t\t\tif(htmlDiv) {\n\t\t\t\t\t\thtmlDiv.innerHTML = htmlDiv.innerHTML + htmlDivCss;\n\t\t\t\t\t}else{\n\t\t\t\t\t\tvar htmlDiv = document.createElement('div');\n\t\t\t\t\t\thtmlDiv.innerHTML = '<style>' + htmlDivCss + '<\/style>';\n\t\t\t\t\t\tdocument.getElementsByTagName('head')[0].appendChild(htmlDiv.childNodes[0]);\n\t\t\t\t\t}\n\t\t\t\t<\/script>\n\t\t\t<\/rs-module-wrap>\n\t\t\t<!-- END REVOLUTION SLIDER -->\n[\/vc_column][\/vc_row][vc_row css_animation=&#8221;&#8221; row_type=&#8221;row&#8221; use_row_as_full_screen_section=&#8221;no&#8221; type=&#8221;full_width&#8221; angled_section=&#8221;no&#8221; text_align=&#8221;left&#8221; background_image_as_pattern=&#8221;without_pattern&#8221; padding_top=&#8221;0&#8243; padding_bottom=&#8221;0&#8243; z_index=&#8221;&#8221; css=&#8221;.vc_custom_1575020243310{background-color: #f2f2f2 !important;}&#8221; el_class=&#8221;reverse-row&#8221;][vc_column width=&#8221;1\/2&#8243; offset=&#8221;vc_col-md-6&#8243; css=&#8221;.vc_custom_1574761416426{padding-top: 60% !important;background-image: url(http:\/\/villa-pasman.com\/wp-content\/uploads\/2019\/11\/kraj-otok-pasman.jpg?id=514) !important;background-position: center !important;background-repeat: no-repeat !important;background-size: cover !important;}&#8221;][\/vc_column][vc_column width=&#8221;1\/2&#8243; offset=&#8221;vc_col-md-6&#8243; css=&#8221;.vc_custom_1574761633470{padding-top: 7% !important;padding-right: 10% !important;padding-left: 10% !important;}&#8221;][vc_column_text]<\/p>\n<h2>Kraj<\/h2>\n<p>[\/vc_column_text][vc_separator type=&#8221;small&#8221; position=&#8221;left&#8221; color=&#8221;#0a0a0a&#8221; transparency=&#8221;1&#8243; thickness=&#8221;1&#8243; width=&#8221;63&#8243; up=&#8221;33&#8243; down=&#8221;45&#8243;][vc_column_text]Die im s\u00fcd\u00f6stlichen Teil der Insel Pa\u0161man gelegene Ortschaft Kraj erstreckt sich entlang zweier herrlicher Sandstr\u00e4nde. Neben der Aussicht auf den Pa\u0161man-Kanal sowie die Kleininseln Mali und Veliki Du\u017eac, bietet die Ortschaft eine Begehung des historischen Stadtkerns mit traditionellen Steinh\u00e4usern und des Franziskanerklosters des hl. Domnius mit dazugeh\u00f6riger Kirche samt Museum aus dem 14. Jahrhundert.<\/p>\n<p>&nbsp;<\/p>\n<p>Kraj ist eine Ortschaft, an dem man die authentische Lebensweise der dalmatinischen Inseln und ihrer Bewohner erleben kann, und als solche bietet sie eine Umgebung, die zum Entspannen notwendig sind.[\/vc_column_text][vc_empty_space][\/vc_column][\/vc_row][vc_row css_animation=&#8221;&#8221; row_type=&#8221;row&#8221; use_row_as_full_screen_section=&#8221;no&#8221; type=&#8221;grid&#8221; angled_section=&#8221;no&#8221; text_align=&#8221;center&#8221; background_image_as_pattern=&#8221;without_pattern&#8221; padding_top=&#8221;135&#8243; padding_bottom=&#8221;103&#8243; z_index=&#8221;&#8221; css=&#8221;.vc_custom_1575024120478{padding-top: 15% !important;padding-right: 5% !important;padding-bottom: 15% !important;padding-left: 5% !important;background: #f2f0ef url(http:\/\/villa-pasman.com\/wp-content\/uploads\/2019\/11\/swimming-pool-girl-villa-pasman.jpg?id=525) !important;background-position: center !important;background-repeat: no-repeat !important;background-size: cover !important;}&#8221; el_class=&#8221;centriraj&#8221;][vc_column css=&#8221;.vc_custom_1573634420134{padding-top: 10% !important;padding-right: 2% !important;padding-bottom: 5% !important;padding-left: 2% !important;}&#8221;][vc_row_inner row_type=&#8221;row&#8221; type=&#8221;full_width&#8221; text_align=&#8221;left&#8221; css_animation=&#8221;&#8221;][vc_column_inner width=&#8221;1\/4&#8243;][\/vc_column_inner][vc_column_inner el_class=&#8221;centriraj&#8221; width=&#8221;1\/2&#8243; css=&#8221;.vc_custom_1573635678644{padding-top: 10% !important;padding-right: 5% !important;padding-bottom: 5% !important;padding-left: 5% !important;background-color: rgba(255,255,255,0.9) !important;*background-color: rgb(255,255,255) !important;}&#8221;][vc_column_text]<\/p>\n<h2>Buchen Villa Pa\u0161man<\/h2>\n<p>[\/vc_column_text][vc_separator type=&#8221;small&#8221; position=&#8221;center&#8221; color=&#8221;#0a0a0a&#8221; transparency=&#8221;1&#8243; thickness=&#8221;1&#8243; width=&#8221;63&#8243; up=&#8221;31&#8243; down=&#8221;48&#8243;][vc_column_text]M\u00f6chten Sie unseren gesamten Villenkomplex Homes4You oder eine der Luxusvillen buchen?[\/vc_column_text]<a  itemprop=\"url\" href=\"\/de\/buchen\/\" target=\"_self\" data-hover-background-color=#424242  class=\"qbutton  medium center default\" style=\"color: #ffffff; margin: 4% 0 0 0; background-color: #070707;\">BUCHEN<\/a>[\/vc_column_inner][vc_column_inner width=&#8221;1\/4&#8243;][\/vc_column_inner][\/vc_row_inner][\/vc_column][\/vc_row]<\/p>\n","protected":false},"excerpt":{"rendered":"<p>[vc_row css_animation=&#8221;&#8221; row_type=&#8221;row&#8221; use_row_as_full_screen_section=&#8221;no&#8221; type=&#8221;full_width&#8221; angled_section=&#8221;no&#8221; text_align=&#8221;left&#8221; background_image_as_pattern=&#8221;without_pattern&#8221; padding_top=&#8221;0&#8243; padding_bottom=&#8221;0&#8243; z_index=&#8221;&#8221;][vc_column width=&#8221;1\/2&#8243; offset=&#8221;vc_col-md-6&#8243; css=&#8221;.vc_custom_1574761674154{padding-top: 7% !important;padding-right: 10% !important;padding-bottom: 5% !important;padding-left: 10% !important;}&#8221;][vc_column_text] Die Insel Pa\u0161man [\/vc_column_text][vc_separator type=&#8221;small&#8221; position=&#8221;left&#8221; color=&#8221;#0a0a0a&#8221; transparency=&#8221;1&#8243; thickness=&#8221;1&#8243; width=&#8221;63&#8243; up=&#8221;33&#8243; down=&#8221;45&#8243;][vc_column_text]Die Insel Pa\u0161man ist das perfekte Reiseziel zum Entspannen. Reich an zahlreichen&#8230;<\/p>\n","protected":false},"author":1,"featured_media":0,"parent":0,"menu_order":0,"comment_status":"closed","ping_status":"closed","template":"full_width.php","meta":{"footnotes":""},"class_list":["post-847","page","type-page","status-publish","hentry"],"yoast_head":"<!-- This site is optimized with the Yoast SEO plugin v27.5 - https:\/\/yoast.com\/product\/yoast-seo-wordpress\/ -->\n<title>\u00dcber die Insel Pa\u0161man | Kraj | Homes4You Villa Pa\u0161man<\/title>\n<meta name=\"description\" content=\"Die Insel Pa\u0161man ist das perfekte Reiseziel zum Entspannen, reich an zahlreichen Sandstr\u00e4nden, Buchten sowie mediterraner Flora und Fauna.\" \/>\n<meta name=\"robots\" content=\"index, follow, max-snippet:-1, max-image-preview:large, max-video-preview:-1\" \/>\n<link rel=\"canonical\" href=\"https:\/\/villa-pasman.com\/de\/ueber-pasman\/\" \/>\n<meta property=\"og:locale\" content=\"de_DE\" \/>\n<meta property=\"og:type\" content=\"article\" \/>\n<meta property=\"og:title\" content=\"\u00dcber die Insel Pa\u0161man | Kraj | Homes4You Villa Pa\u0161man\" \/>\n<meta property=\"og:description\" content=\"Die Insel Pa\u0161man ist das perfekte Reiseziel zum Entspannen, reich an zahlreichen Sandstr\u00e4nden, Buchten sowie mediterraner Flora und Fauna.\" \/>\n<meta property=\"og:url\" content=\"https:\/\/villa-pasman.com\/de\/ueber-pasman\/\" \/>\n<meta property=\"og:site_name\" content=\"Homes4You Villa Pasman\" \/>\n<meta property=\"article:modified_time\" content=\"2019-12-16T15:36:52+00:00\" \/>\n<meta name=\"twitter:card\" content=\"summary_large_image\" \/>\n<meta name=\"twitter:label1\" content=\"Est. reading time\" \/>\n\t<meta name=\"twitter:data1\" content=\"4 minutes\" \/>\n<script type=\"application\/ld+json\" class=\"yoast-schema-graph\">{\"@context\":\"https:\\\/\\\/schema.org\",\"@graph\":[{\"@type\":\"WebPage\",\"@id\":\"https:\\\/\\\/villa-pasman.com\\\/de\\\/ueber-pasman\\\/\",\"url\":\"https:\\\/\\\/villa-pasman.com\\\/de\\\/ueber-pasman\\\/\",\"name\":\"\u00dcber die Insel Pa\u0161man | Kraj | Homes4You Villa Pa\u0161man\",\"isPartOf\":{\"@id\":\"https:\\\/\\\/villa-pasman.com\\\/de\\\/#website\"},\"datePublished\":\"2019-12-16T10:40:12+00:00\",\"dateModified\":\"2019-12-16T15:36:52+00:00\",\"description\":\"Die Insel Pa\u0161man ist das perfekte Reiseziel zum Entspannen, reich an zahlreichen Sandstr\u00e4nden, Buchten sowie mediterraner Flora und Fauna.\",\"breadcrumb\":{\"@id\":\"https:\\\/\\\/villa-pasman.com\\\/de\\\/ueber-pasman\\\/#breadcrumb\"},\"inLanguage\":\"de-DE\",\"potentialAction\":[{\"@type\":\"ReadAction\",\"target\":[\"https:\\\/\\\/villa-pasman.com\\\/de\\\/ueber-pasman\\\/\"]}]},{\"@type\":\"BreadcrumbList\",\"@id\":\"https:\\\/\\\/villa-pasman.com\\\/de\\\/ueber-pasman\\\/#breadcrumb\",\"itemListElement\":[{\"@type\":\"ListItem\",\"position\":1,\"name\":\"Po\u010detna stranica\",\"item\":\"https:\\\/\\\/villa-pasman.com\\\/de\\\/\"},{\"@type\":\"ListItem\",\"position\":2,\"name\":\"\u00dcber Pa\u0161man\"}]},{\"@type\":\"WebSite\",\"@id\":\"https:\\\/\\\/villa-pasman.com\\\/de\\\/#website\",\"url\":\"https:\\\/\\\/villa-pasman.com\\\/de\\\/\",\"name\":\"Homes4You Villa Pasman\",\"description\":\"Rent luxury Villa Complex\",\"potentialAction\":[{\"@type\":\"SearchAction\",\"target\":{\"@type\":\"EntryPoint\",\"urlTemplate\":\"https:\\\/\\\/villa-pasman.com\\\/de\\\/?s={search_term_string}\"},\"query-input\":{\"@type\":\"PropertyValueSpecification\",\"valueRequired\":true,\"valueName\":\"search_term_string\"}}],\"inLanguage\":\"de-DE\"}]}<\/script>\n<!-- \/ Yoast SEO plugin. -->","yoast_head_json":{"title":"\u00dcber die Insel Pa\u0161man | Kraj | Homes4You Villa Pa\u0161man","description":"Die Insel Pa\u0161man ist das perfekte Reiseziel zum Entspannen, reich an zahlreichen Sandstr\u00e4nden, Buchten sowie mediterraner Flora und Fauna.","robots":{"index":"index","follow":"follow","max-snippet":"max-snippet:-1","max-image-preview":"max-image-preview:large","max-video-preview":"max-video-preview:-1"},"canonical":"https:\/\/villa-pasman.com\/de\/ueber-pasman\/","og_locale":"de_DE","og_type":"article","og_title":"\u00dcber die Insel Pa\u0161man | Kraj | Homes4You Villa Pa\u0161man","og_description":"Die Insel Pa\u0161man ist das perfekte Reiseziel zum Entspannen, reich an zahlreichen Sandstr\u00e4nden, Buchten sowie mediterraner Flora und Fauna.","og_url":"https:\/\/villa-pasman.com\/de\/ueber-pasman\/","og_site_name":"Homes4You Villa Pasman","article_modified_time":"2019-12-16T15:36:52+00:00","twitter_card":"summary_large_image","twitter_misc":{"Est. reading time":"4 minutes"},"schema":{"@context":"https:\/\/schema.org","@graph":[{"@type":"WebPage","@id":"https:\/\/villa-pasman.com\/de\/ueber-pasman\/","url":"https:\/\/villa-pasman.com\/de\/ueber-pasman\/","name":"\u00dcber die Insel Pa\u0161man | Kraj | Homes4You Villa Pa\u0161man","isPartOf":{"@id":"https:\/\/villa-pasman.com\/de\/#website"},"datePublished":"2019-12-16T10:40:12+00:00","dateModified":"2019-12-16T15:36:52+00:00","description":"Die Insel Pa\u0161man ist das perfekte Reiseziel zum Entspannen, reich an zahlreichen Sandstr\u00e4nden, Buchten sowie mediterraner Flora und Fauna.","breadcrumb":{"@id":"https:\/\/villa-pasman.com\/de\/ueber-pasman\/#breadcrumb"},"inLanguage":"de-DE","potentialAction":[{"@type":"ReadAction","target":["https:\/\/villa-pasman.com\/de\/ueber-pasman\/"]}]},{"@type":"BreadcrumbList","@id":"https:\/\/villa-pasman.com\/de\/ueber-pasman\/#breadcrumb","itemListElement":[{"@type":"ListItem","position":1,"name":"Po\u010detna stranica","item":"https:\/\/villa-pasman.com\/de\/"},{"@type":"ListItem","position":2,"name":"\u00dcber Pa\u0161man"}]},{"@type":"WebSite","@id":"https:\/\/villa-pasman.com\/de\/#website","url":"https:\/\/villa-pasman.com\/de\/","name":"Homes4You Villa Pasman","description":"Rent luxury Villa Complex","potentialAction":[{"@type":"SearchAction","target":{"@type":"EntryPoint","urlTemplate":"https:\/\/villa-pasman.com\/de\/?s={search_term_string}"},"query-input":{"@type":"PropertyValueSpecification","valueRequired":true,"valueName":"search_term_string"}}],"inLanguage":"de-DE"}]}},"_links":{"self":[{"href":"https:\/\/villa-pasman.com\/de\/wp-json\/wp\/v2\/pages\/847","targetHints":{"allow":["GET"]}}],"collection":[{"href":"https:\/\/villa-pasman.com\/de\/wp-json\/wp\/v2\/pages"}],"about":[{"href":"https:\/\/villa-pasman.com\/de\/wp-json\/wp\/v2\/types\/page"}],"author":[{"embeddable":true,"href":"https:\/\/villa-pasman.com\/de\/wp-json\/wp\/v2\/users\/1"}],"replies":[{"embeddable":true,"href":"https:\/\/villa-pasman.com\/de\/wp-json\/wp\/v2\/comments?post=847"}],"version-history":[{"count":3,"href":"https:\/\/villa-pasman.com\/de\/wp-json\/wp\/v2\/pages\/847\/revisions"}],"predecessor-version":[{"id":968,"href":"https:\/\/villa-pasman.com\/de\/wp-json\/wp\/v2\/pages\/847\/revisions\/968"}],"wp:attachment":[{"href":"https:\/\/villa-pasman.com\/de\/wp-json\/wp\/v2\/media?parent=847"}],"curies":[{"name":"wp","href":"https:\/\/api.w.org\/{rel}","templated":true}]}}