{"id":920,"date":"2019-12-16T13:04:46","date_gmt":"2019-12-16T12:04:46","guid":{"rendered":"https:\/\/villa-pasman.com\/additional-service\/"},"modified":"2023-06-27T12:20:59","modified_gmt":"2023-06-27T10:20:59","slug":"zusatzlicher-service","status":"publish","type":"page","link":"https:\/\/villa-pasman.com\/de\/zusatzlicher-service\/","title":{"rendered":"Zus\u00e4tzlicher Service"},"content":{"rendered":"<p>[vc_row css_animation=&#8221;&#8221; row_type=&#8221;row&#8221; use_row_as_full_screen_section=&#8221;no&#8221; type=&#8221;grid&#8221; angled_section=&#8221;no&#8221; text_align=&#8221;left&#8221; background_image_as_pattern=&#8221;without_pattern&#8221; padding_top=&#8221;30&#8243; padding_bottom=&#8221;30&#8243; z_index=&#8221;&#8221; css=&#8221;.vc_custom_1575558183940{padding-top: 5% !important;padding-bottom: 5% !important;background-color: #f2f2f2 !important;}&#8221;][vc_column][vc_row_inner row_type=&#8221;row&#8221; type=&#8221;full_width&#8221; text_align=&#8221;left&#8221; css_animation=&#8221;&#8221;][vc_column_inner width=&#8221;1\/2&#8243;][vc_column_text]<\/p>\n<h2>Private Bootstour zu den Inseln<\/h2>\n<p>[\/vc_column_text][vc_separator type=&#8221;small&#8221; position=&#8221;center&#8221; color=&#8221;#0a0a0a&#8221; transparency=&#8221;1&#8243; thickness=&#8221;1&#8243; width=&#8221;63&#8243; up=&#8221;21&#8243; down=&#8221;20&#8243;][vc_column_text]Die Adriak\u00fcste bietet viele sch\u00f6ne Orte, die Sie w\u00e4hrend Ihres Urlaubs nicht verpassen sollten. Die Kornaten geh\u00f6ren in der Tat zu einem dieser Orte. Eine bekannte Legende besagt, dass Gott bei der Erschaffung der Welt eine Handvoll wei\u00dfer Steine \u200b\u200bhatte, die er sich \u00fcber die Schulter warf, um sie sp\u00e4ter abzulegen. Aber als er sich umdrehte, sah er, dass sie wundersch\u00f6n arrangiert waren und beschloss, sie einfach so zu lassen.<\/p>\n<p>&nbsp;<\/p>\n<p>Pa\u0161man ist eine Insel des Gl\u00fccks, kleine Leute mit gro\u00dfen Herzen, die Sie w\u00e4hrend Ihres Besuchs sehen werden. Nutzen Sie w\u00e4hrend Ihres Aufenthalts auf Pasman die Gelegenheit, die umliegenden Ziele zu erkunden, die Sie gleicherma\u00dfen begeistern werden.[\/vc_column_text][\/vc_column_inner][vc_column_inner width=&#8221;1\/2&#8243;][vc_single_image image=&#8221;681&#8243; img_size=&#8221;full&#8221; alignment=&#8221;center&#8221; qode_css_animation=&#8221;&#8221;][vc_empty_space][\/vc_column_inner][\/vc_row_inner][vc_empty_space][vc_column_text]Wir haben verschiedene Ziele und Routen f\u00fcr private Bootstouren, die die perfekte Gelegenheit sind, die Adriak\u00fcste zu erkunden und zu entdecken. Auf unseren privaten Inselrundfahrten k\u00f6nnen Sie sich einen hervorragenden Eindruck von der kroatischen Meereslandschaft verschaffen.<br \/>\nWir stehen zu Ihrer Verf\u00fcgung, um vor Ort eine unvergessliche Tour an der Adriak\u00fcste zu organisieren, die auf Ihre W\u00fcnsche und Bed\u00fcrfnisse zugeschnitten ist.<\/p>\n<p>&nbsp;<\/p>\n<p>Wenn Sie Ihre private Tour vor Ihrer Ankunft in Pa\u0161man vereinbaren m\u00f6chten, k\u00f6nnen Sie sich gerne an uns wenden. Wir stehen Ihnen zur Verf\u00fcgung![\/vc_column_text][vc_empty_space][vc_gallery type=&#8221;image_grid&#8221; images=&#8221;703,677,686,1014,1017,1048,1054,1020,1023,1057,1060,1063,1066,1069&#8243; img_size=&#8221;300&#215;250&#8243; column_number=&#8221;4&#8243; grayscale=&#8221;no&#8221; images_space=&#8221;gallery_with_space&#8221;][\/vc_column][\/vc_row][vc_row css_animation=&#8221;&#8221; row_type=&#8221;row&#8221; use_row_as_full_screen_section=&#8221;no&#8221; type=&#8221;grid&#8221; angled_section=&#8221;no&#8221; text_align=&#8221;center&#8221; background_image_as_pattern=&#8221;without_pattern&#8221; padding_top=&#8221;135&#8243; padding_bottom=&#8221;103&#8243; z_index=&#8221;&#8221; css=&#8221;.vc_custom_1575631092561{padding-top: 2% !important;padding-right: 5% !important;padding-bottom: 5% !important;padding-left: 5% !important;background: #f2f0ef url(http:\/\/villa-pasman.com\/wp-content\/uploads\/2019\/12\/pasman-coast.jpg?id=683) !important;background-position: center !important;background-repeat: no-repeat !important;background-size: cover !important;}&#8221; el_class=&#8221;centriraj&#8221;][vc_column css=&#8221;.vc_custom_1573634420134{padding-top: 10% !important;padding-right: 2% !important;padding-bottom: 5% !important;padding-left: 2% !important;}&#8221;][vc_row_inner row_type=&#8221;row&#8221; type=&#8221;full_width&#8221; text_align=&#8221;left&#8221; css_animation=&#8221;&#8221;][vc_column_inner width=&#8221;1\/4&#8243;][\/vc_column_inner][vc_column_inner el_class=&#8221;centriraj&#8221; width=&#8221;1\/2&#8243; css=&#8221;.vc_custom_1573635678644{padding-top: 10% !important;padding-right: 5% !important;padding-bottom: 5% !important;padding-left: 5% !important;background-color: rgba(255,255,255,0.9) !important;*background-color: rgb(255,255,255) !important;}&#8221;][vc_column_text]<\/p>\n<h2>Private Tour buchen<\/h2>\n<p>[\/vc_column_text][vc_separator type=&#8221;small&#8221; position=&#8221;center&#8221; color=&#8221;#0a0a0a&#8221; transparency=&#8221;1&#8243; thickness=&#8221;1&#8243; width=&#8221;63&#8243; up=&#8221;31&#8243; down=&#8221;48&#8243;]\n<div class=\"wpcf7 no-js\" id=\"wpcf7-f915-o1\" lang=\"en-US\" dir=\"ltr\" data-wpcf7-id=\"915\">\n<div class=\"screen-reader-response\"><p role=\"status\" aria-live=\"polite\" aria-atomic=\"true\"><\/p> <ul><\/ul><\/div>\n<form action=\"\/de\/wp-json\/wp\/v2\/pages\/920#wpcf7-f915-o1\" method=\"post\" class=\"wpcf7-form init default\" aria-label=\"Contact form\" novalidate=\"novalidate\" data-status=\"init\">\n<fieldset class=\"hidden-fields-container\"><input type=\"hidden\" name=\"_wpcf7\" value=\"915\" \/><input type=\"hidden\" name=\"_wpcf7_version\" value=\"6.1.5\" \/><input type=\"hidden\" name=\"_wpcf7_locale\" value=\"en_US\" \/><input type=\"hidden\" name=\"_wpcf7_unit_tag\" value=\"wpcf7-f915-o1\" \/><input type=\"hidden\" name=\"_wpcf7_container_post\" value=\"0\" \/><input type=\"hidden\" name=\"_wpcf7_posted_data_hash\" value=\"\" \/><input type=\"hidden\" name=\"_wpcf7_recaptcha_response\" value=\"\" \/>\n<\/fieldset>\n<div class=\"bijela-pozadina\">\n\t<p><span class=\"wpcf7-form-control-wrap\" data-name=\"ime\"><input size=\"40\" maxlength=\"400\" class=\"wpcf7-form-control wpcf7-text\" aria-invalid=\"false\" placeholder=\"Name*\" value=\"\" type=\"text\" name=\"ime\" \/><\/span>\n\t<\/p>\n<\/div>\n<div class=\"bijela-pozadina\">\n\t<p><span class=\"wpcf7-form-control-wrap\" data-name=\"mail\"><input size=\"40\" maxlength=\"400\" class=\"wpcf7-form-control wpcf7-email wpcf7-validates-as-required wpcf7-text wpcf7-validates-as-email\" aria-required=\"true\" aria-invalid=\"false\" placeholder=\"Email*\" value=\"\" type=\"email\" name=\"mail\" \/><\/span>\n\t<\/p>\n<\/div>\n<div class=\"bijela-pozadina\">\n\t<p><span class=\"wpcf7-form-control-wrap\" data-name=\"dolazak\"><input class=\"wpcf7-form-control wpcf7-date wpcf7-validates-as-required wpcf7-validates-as-date\" aria-required=\"true\" aria-invalid=\"false\" value=\"\" type=\"date\" name=\"dolazak\" \/><\/span>\n\t<\/p>\n<\/div>\n<div class=\"bijela-pozadina\">\n\t<p><span class=\"wpcf7-form-control-wrap\" data-name=\"odlazak\"><input class=\"wpcf7-form-control wpcf7-date wpcf7-validates-as-required wpcf7-validates-as-date\" aria-required=\"true\" aria-invalid=\"false\" value=\"\" type=\"date\" name=\"odlazak\" \/><\/span>\n\t<\/p>\n<\/div>\n<div class=\"bijela-pozadina\">\n\t<p><span class=\"wpcf7-form-control-wrap\" data-name=\"broj\"><input class=\"wpcf7-form-control wpcf7-number wpcf7-validates-as-required wpcf7-validates-as-number\" min=\"1\" max=\"24\" aria-required=\"true\" aria-invalid=\"false\" placeholder=\"Anzahl der Personen\" value=\"\" type=\"number\" name=\"broj\" \/><\/span>\n\t<\/p>\n<\/div>\n<div class=\"bijela-pozadina\">\n\t<p><span class=\"wpcf7-form-control-wrap\" data-name=\"poruka\"><textarea cols=\"40\" rows=\"10\" maxlength=\"2000\" class=\"wpcf7-form-control wpcf7-textarea\" aria-invalid=\"false\" placeholder=\"Nachricht\" name=\"poruka\"><\/textarea><\/span>\n\t<\/p>\n<\/div>\n<div>\n\t<p><span class=\"wpcf7-form-control-wrap\" data-name=\"gdpr-acceptance\"><span class=\"wpcf7-form-control wpcf7-acceptance\"><span class=\"wpcf7-list-item\"><label><input type=\"checkbox\" name=\"gdpr-acceptance\" value=\"1\" aria-invalid=\"false\" \/><span class=\"wpcf7-list-item-label\">Bitte kreuzen Sie an, um zuzustimmen, dass Ihre Daten gem\u00e4\u00df den in unserer <a href=\"https:\/\/villa-pasman.com\/privacy-policy\/\" target=\"_blank\">Datenschutzrichtlinie<\/a>festgelegten Richtlinien gespeichert werden<\/span><\/label><\/span><\/span><\/span>\n\t<\/p>\n<\/div>\n<p><input class=\"wpcf7-form-control wpcf7-submit has-spinner\" type=\"submit\" value=\"Senden\" \/>\n<\/p><div class=\"wpcf7-response-output\" aria-hidden=\"true\"><\/div>\n<\/form>\n<\/div>\n[\/vc_column_inner][vc_column_inner width=&#8221;1\/4&#8243;][\/vc_column_inner][\/vc_row_inner][\/vc_column][\/vc_row]<\/p>\n","protected":false},"excerpt":{"rendered":"<p>[vc_row css_animation=&#8221;&#8221; row_type=&#8221;row&#8221; use_row_as_full_screen_section=&#8221;no&#8221; type=&#8221;grid&#8221; angled_section=&#8221;no&#8221; text_align=&#8221;left&#8221; background_image_as_pattern=&#8221;without_pattern&#8221; padding_top=&#8221;30&#8243; padding_bottom=&#8221;30&#8243; z_index=&#8221;&#8221; css=&#8221;.vc_custom_1575558183940{padding-top: 5% !important;padding-bottom: 5% !important;background-color: #f2f2f2 !important;}&#8221;][vc_column][vc_row_inner row_type=&#8221;row&#8221; type=&#8221;full_width&#8221; text_align=&#8221;left&#8221; css_animation=&#8221;&#8221;][vc_column_inner width=&#8221;1\/2&#8243;][vc_column_text] Private Bootstour zu den Inseln [\/vc_column_text][vc_separator type=&#8221;small&#8221; position=&#8221;center&#8221; color=&#8221;#0a0a0a&#8221; transparency=&#8221;1&#8243; thickness=&#8221;1&#8243; width=&#8221;63&#8243; up=&#8221;21&#8243; down=&#8221;20&#8243;][vc_column_text]Die Adriak\u00fcste bietet viele sch\u00f6ne Orte, die Sie w\u00e4hrend&#8230;<\/p>\n","protected":false},"author":1,"featured_media":0,"parent":0,"menu_order":0,"comment_status":"closed","ping_status":"closed","template":"full_width.php","meta":{"footnotes":""},"class_list":["post-920","page","type-page","status-publish","hentry"],"yoast_head":"<!-- This site is optimized with the Yoast SEO plugin v27.5 - https:\/\/yoast.com\/product\/yoast-seo-wordpress\/ -->\n<title>Zus\u00e4tzlicher Service | Private Bootstour zu den Inseln | Homes4You<\/title>\n<meta name=\"description\" content=\"Wir haben verschiedene Ziele und Routen f\u00fcr private Bootstouren, die die perfekte Gelegenheit sind, die Adriak\u00fcste zu erkunden und zu entdecken.\" \/>\n<meta name=\"robots\" content=\"index, follow, max-snippet:-1, max-image-preview:large, max-video-preview:-1\" \/>\n<link rel=\"canonical\" href=\"https:\/\/villa-pasman.com\/de\/zusatzlicher-service\/\" \/>\n<meta property=\"og:locale\" content=\"de_DE\" \/>\n<meta property=\"og:type\" content=\"article\" \/>\n<meta property=\"og:title\" content=\"Zus\u00e4tzlicher Service | Private Bootstour zu den Inseln | Homes4You\" \/>\n<meta property=\"og:description\" content=\"Wir haben verschiedene Ziele und Routen f\u00fcr private Bootstouren, die die perfekte Gelegenheit sind, die Adriak\u00fcste zu erkunden und zu entdecken.\" \/>\n<meta property=\"og:url\" content=\"https:\/\/villa-pasman.com\/de\/zusatzlicher-service\/\" \/>\n<meta property=\"og:site_name\" content=\"Homes4You Villa Pasman\" \/>\n<meta property=\"article:modified_time\" content=\"2023-06-27T10:20:59+00:00\" \/>\n<meta name=\"twitter:card\" content=\"summary_large_image\" \/>\n<meta name=\"twitter:label1\" content=\"Est. reading time\" \/>\n\t<meta name=\"twitter:data1\" content=\"2 minutes\" \/>\n<script type=\"application\/ld+json\" class=\"yoast-schema-graph\">{\"@context\":\"https:\\\/\\\/schema.org\",\"@graph\":[{\"@type\":\"WebPage\",\"@id\":\"https:\\\/\\\/villa-pasman.com\\\/de\\\/zusatzlicher-service\\\/\",\"url\":\"https:\\\/\\\/villa-pasman.com\\\/de\\\/zusatzlicher-service\\\/\",\"name\":\"Zus\u00e4tzlicher Service | Private Bootstour zu den Inseln | Homes4You\",\"isPartOf\":{\"@id\":\"https:\\\/\\\/villa-pasman.com\\\/de\\\/#website\"},\"datePublished\":\"2019-12-16T12:04:46+00:00\",\"dateModified\":\"2023-06-27T10:20:59+00:00\",\"description\":\"Wir haben verschiedene Ziele und Routen f\u00fcr private Bootstouren, die die perfekte Gelegenheit sind, die Adriak\u00fcste zu erkunden und zu entdecken.\",\"breadcrumb\":{\"@id\":\"https:\\\/\\\/villa-pasman.com\\\/de\\\/zusatzlicher-service\\\/#breadcrumb\"},\"inLanguage\":\"de-DE\",\"potentialAction\":[{\"@type\":\"ReadAction\",\"target\":[\"https:\\\/\\\/villa-pasman.com\\\/de\\\/zusatzlicher-service\\\/\"]}]},{\"@type\":\"BreadcrumbList\",\"@id\":\"https:\\\/\\\/villa-pasman.com\\\/de\\\/zusatzlicher-service\\\/#breadcrumb\",\"itemListElement\":[{\"@type\":\"ListItem\",\"position\":1,\"name\":\"Po\u010detna stranica\",\"item\":\"https:\\\/\\\/villa-pasman.com\\\/de\\\/\"},{\"@type\":\"ListItem\",\"position\":2,\"name\":\"Zus\u00e4tzlicher Service\"}]},{\"@type\":\"WebSite\",\"@id\":\"https:\\\/\\\/villa-pasman.com\\\/de\\\/#website\",\"url\":\"https:\\\/\\\/villa-pasman.com\\\/de\\\/\",\"name\":\"Homes4You Villa Pasman\",\"description\":\"Rent luxury Villa Complex\",\"potentialAction\":[{\"@type\":\"SearchAction\",\"target\":{\"@type\":\"EntryPoint\",\"urlTemplate\":\"https:\\\/\\\/villa-pasman.com\\\/de\\\/?s={search_term_string}\"},\"query-input\":{\"@type\":\"PropertyValueSpecification\",\"valueRequired\":true,\"valueName\":\"search_term_string\"}}],\"inLanguage\":\"de-DE\"}]}<\/script>\n<!-- \/ Yoast SEO plugin. -->","yoast_head_json":{"title":"Zus\u00e4tzlicher Service | Private Bootstour zu den Inseln | Homes4You","description":"Wir haben verschiedene Ziele und Routen f\u00fcr private Bootstouren, die die perfekte Gelegenheit sind, die Adriak\u00fcste zu erkunden und zu entdecken.","robots":{"index":"index","follow":"follow","max-snippet":"max-snippet:-1","max-image-preview":"max-image-preview:large","max-video-preview":"max-video-preview:-1"},"canonical":"https:\/\/villa-pasman.com\/de\/zusatzlicher-service\/","og_locale":"de_DE","og_type":"article","og_title":"Zus\u00e4tzlicher Service | Private Bootstour zu den Inseln | Homes4You","og_description":"Wir haben verschiedene Ziele und Routen f\u00fcr private Bootstouren, die die perfekte Gelegenheit sind, die Adriak\u00fcste zu erkunden und zu entdecken.","og_url":"https:\/\/villa-pasman.com\/de\/zusatzlicher-service\/","og_site_name":"Homes4You Villa Pasman","article_modified_time":"2023-06-27T10:20:59+00:00","twitter_card":"summary_large_image","twitter_misc":{"Est. reading time":"2 minutes"},"schema":{"@context":"https:\/\/schema.org","@graph":[{"@type":"WebPage","@id":"https:\/\/villa-pasman.com\/de\/zusatzlicher-service\/","url":"https:\/\/villa-pasman.com\/de\/zusatzlicher-service\/","name":"Zus\u00e4tzlicher Service | Private Bootstour zu den Inseln | Homes4You","isPartOf":{"@id":"https:\/\/villa-pasman.com\/de\/#website"},"datePublished":"2019-12-16T12:04:46+00:00","dateModified":"2023-06-27T10:20:59+00:00","description":"Wir haben verschiedene Ziele und Routen f\u00fcr private Bootstouren, die die perfekte Gelegenheit sind, die Adriak\u00fcste zu erkunden und zu entdecken.","breadcrumb":{"@id":"https:\/\/villa-pasman.com\/de\/zusatzlicher-service\/#breadcrumb"},"inLanguage":"de-DE","potentialAction":[{"@type":"ReadAction","target":["https:\/\/villa-pasman.com\/de\/zusatzlicher-service\/"]}]},{"@type":"BreadcrumbList","@id":"https:\/\/villa-pasman.com\/de\/zusatzlicher-service\/#breadcrumb","itemListElement":[{"@type":"ListItem","position":1,"name":"Po\u010detna stranica","item":"https:\/\/villa-pasman.com\/de\/"},{"@type":"ListItem","position":2,"name":"Zus\u00e4tzlicher Service"}]},{"@type":"WebSite","@id":"https:\/\/villa-pasman.com\/de\/#website","url":"https:\/\/villa-pasman.com\/de\/","name":"Homes4You Villa Pasman","description":"Rent luxury Villa Complex","potentialAction":[{"@type":"SearchAction","target":{"@type":"EntryPoint","urlTemplate":"https:\/\/villa-pasman.com\/de\/?s={search_term_string}"},"query-input":{"@type":"PropertyValueSpecification","valueRequired":true,"valueName":"search_term_string"}}],"inLanguage":"de-DE"}]}},"_links":{"self":[{"href":"https:\/\/villa-pasman.com\/de\/wp-json\/wp\/v2\/pages\/920","targetHints":{"allow":["GET"]}}],"collection":[{"href":"https:\/\/villa-pasman.com\/de\/wp-json\/wp\/v2\/pages"}],"about":[{"href":"https:\/\/villa-pasman.com\/de\/wp-json\/wp\/v2\/types\/page"}],"author":[{"embeddable":true,"href":"https:\/\/villa-pasman.com\/de\/wp-json\/wp\/v2\/users\/1"}],"replies":[{"embeddable":true,"href":"https:\/\/villa-pasman.com\/de\/wp-json\/wp\/v2\/comments?post=920"}],"version-history":[{"count":9,"href":"https:\/\/villa-pasman.com\/de\/wp-json\/wp\/v2\/pages\/920\/revisions"}],"predecessor-version":[{"id":1105,"href":"https:\/\/villa-pasman.com\/de\/wp-json\/wp\/v2\/pages\/920\/revisions\/1105"}],"wp:attachment":[{"href":"https:\/\/villa-pasman.com\/de\/wp-json\/wp\/v2\/media?parent=920"}],"curies":[{"name":"wp","href":"https:\/\/api.w.org\/{rel}","templated":true}]}}