{"id":927,"date":"2019-12-16T13:13:16","date_gmt":"2019-12-16T12:13:16","guid":{"rendered":"https:\/\/villa-pasman.com\/datenschutz-bestimmungen\/"},"modified":"2020-11-12T13:43:40","modified_gmt":"2020-11-12T12:43:40","slug":"datenschutz-bestimmungen","status":"publish","type":"page","link":"https:\/\/villa-pasman.com\/de\/datenschutz-bestimmungen\/","title":{"rendered":"Datenschutz-Bestimmungen"},"content":{"rendered":"<p>[vc_row css_animation=&#8221;&#8221; row_type=&#8221;row&#8221; use_row_as_full_screen_section=&#8221;no&#8221; type=&#8221;full_width&#8221; angled_section=&#8221;no&#8221; text_align=&#8221;left&#8221; background_image_as_pattern=&#8221;without_pattern&#8221;][vc_column][vc_column_text]<\/p>\n<h2>Datenschutz-Bestimmungen<\/h2>\n<p>&nbsp;<\/p>\n<p>ID COMPANY D.O.O. (\u201ewir\u201c, \u201ewir\u201c oder \u201eunser\u201c) betreibt die Website https:\/\/villa-pasman.com\/ (der \u201eService\u201c).<\/p>\n<p>Diese Seite informiert Sie \u00fcber unsere Richtlinien in Bezug auf die Erhebung, Verwendung und Weitergabe personenbezogener Daten, wenn Sie unseren Service nutzen, sowie \u00fcber die Auswahlm\u00f6glichkeiten, die Sie mit diesen Daten verbunden haben.<\/p>\n<p>Wir verwenden Ihre Daten, um den Service bereitzustellen und zu verbessern. Durch die Nutzung des Dienstes stimmen Sie der Erfassung und Verwendung von Informationen gem\u00e4\u00df dieser Richtlinie zu. Sofern in dieser Datenschutzrichtlinie nichts anderes festgelegt ist, haben die in dieser Datenschutzrichtlinie verwendeten Begriffe die gleiche Bedeutung wie in unseren Allgemeinen Gesch\u00e4ftsbedingungen, die unter https:\/\/villa-pasman.com\/ abgerufen werden k\u00f6nnen.<\/p>\n<p>&nbsp;<\/p>\n<h2>Erhebung und Nutzung von Informationen<\/h2>\n<p>Wir sammeln verschiedene Arten von Informationen f\u00fcr verschiedene Zwecke, um unseren Service f\u00fcr Sie bereitzustellen und zu verbessern.<\/p>\n<p>&nbsp;<\/p>\n<h3>Arten von erhobenen Daten<\/h3>\n<h3>Pers\u00f6nliche Daten<\/h3>\n<p>W\u00e4hrend der Nutzung unseres Dienstes bitten wir Sie m\u00f6glicherweise, uns bestimmte personenbezogene Daten zur Verf\u00fcgung zu stellen, mit denen Sie kontaktiert oder identifiziert werden k\u00f6nnen (\u201epersonenbezogene Daten\u201c). Pers\u00f6nlich identifizierbare Informationen k\u00f6nnen umfassen, sind aber nicht beschr\u00e4nkt auf:<br \/>\nE-Mail-Addresse<br \/>\nVorname und Nachname<br \/>\nTelefonnummer<br \/>\nAdresse, Bundesland, Provinz, Postleitzahl, Stadt<br \/>\nCookies und Nutzungsdaten<\/p>\n<p>&nbsp;<\/p>\n<h3>Nutzungsdaten<\/h3>\n<p>M\u00f6glicherweise erfassen wir auch Informationen dar\u00fcber, wie auf den Service zugegriffen und dieser genutzt wird (\u201eNutzungsdaten\u201c). Diese Nutzungsdaten k\u00f6nnen Informationen wie die Internetprotokolladresse Ihres Computers (z. B. IP-Adresse), den Browsertyp, die Browserversion, die von Ihnen besuchten Seiten unseres Service, die Uhrzeit und das Datum Ihres Besuchs sowie die auf diesen Seiten verbrachte Zeit enthalten Ger\u00e4tekennungen und andere Diagnosedaten.<\/p>\n<h3>Tracking &amp; amp; Cookies Daten<\/h3>\n<p>Wir verwenden Cookies und \u00e4hnliche Tracking-Technologien, um die Aktivit\u00e4ten in unserem Service zu verfolgen und bestimmte Informationen zu speichern.<br \/>\nCookies sind Dateien mit einer geringen Datenmenge, die eine anonyme eindeutige Kennung enthalten k\u00f6nnen. Cookies werden von einer Website an Ihren Browser gesendet und auf Ihrem Ger\u00e4t gespeichert. Tracking-Technologien, die ebenfalls verwendet werden, sind Beacons, Tags und Skripte, um Informationen zu sammeln und zu verfolgen sowie unseren Service zu verbessern und zu analysieren.<\/p>\n<p>Sie k\u00f6nnen Ihren Browser anweisen, alle Cookies abzulehnen oder anzuzeigen, wann ein Cookie gesendet wird. Wenn Sie jedoch keine Cookies akzeptieren, k\u00f6nnen Sie m\u00f6glicherweise einige Teile unseres Service nicht nutzen.<\/p>\n<p>Beispiele f\u00fcr Cookies, die wir verwenden:<\/p>\n<p>Sitzungs-Cookies. Wir verwenden Session-Cookies, um unseren Service zu betreiben.<br \/>\nBevorzugte Cookies. Wir verwenden Pr\u00e4ferenz-Cookies, um Ihre Pr\u00e4ferenzen und verschiedene Einstellungen zu speichern.<br \/>\nSicherheits-Cookies. Wir verwenden Sicherheits-Cookies zu Sicherheitszwecken.<\/p>\n<p>&nbsp;<\/p>\n<h2>Verwendung von Daten<\/h2>\n<p>ID COMPANY D.O.O. verwendet die erhobenen Daten f\u00fcr verschiedene Zwecke:<br \/>\nBereitstellung und Wartung des Dienstes<br \/>\nUm Sie \u00fcber \u00c4nderungen an unserem Service zu informieren<br \/>\nDamit Sie an interaktiven Funktionen unseres Service teilnehmen k\u00f6nnen, wenn Sie dies w\u00fcnschen<br \/>\nKundenbetreuung und -unterst\u00fctzung<br \/>\nBereitstellung von Analysen oder wertvollen Informationen, damit wir den Service verbessern k\u00f6nnen<br \/>\n\u00dcberwachung der Nutzung des Dienstes<br \/>\nTechnische Probleme erkennen, verhindern und beheben<\/p>\n<h2>Daten\u00fcbertragung<\/h2>\n<p>Ihre Daten, einschlie\u00dflich personenbezogener Daten, werden m\u00f6glicherweise auf Computer au\u00dferhalb Ihres Bundesstaates, Ihrer Provinz, Ihres Landes oder einer anderen staatlichen Gerichtsbarkeit \u00fcbertragen und dort gespeichert, wo die Datenschutzgesetze m\u00f6glicherweise von denen Ihrer Gerichtsbarkeit abweichen.<br \/>\nWenn Sie sich au\u00dferhalb Kroatiens befinden und uns Informationen zur Verf\u00fcgung stellen m\u00f6chten, beachten Sie bitte, dass wir die Daten, einschlie\u00dflich personenbezogener Daten, nach Kroatien \u00fcbertragen und dort verarbeiten.<\/p>\n<p>Ihre Zustimmung zu dieser Datenschutzrichtlinie, gefolgt von Ihrer \u00dcbermittlung solcher Informationen, stellt Ihre Zustimmung zu dieser \u00dcbertragung dar.<\/p>\n<p>ID COMPANY D.O.O. wird alle angemessenen Schritte unternehmen, um sicherzustellen, dass Ihre Daten sicher und in \u00dcbereinstimmung mit dieser Datenschutzrichtlinie behandelt werden. Eine Weitergabe Ihrer personenbezogenen Daten an eine Organisation oder ein Land findet nur statt, wenn angemessene Kontrollen vorhanden sind, einschlie\u00dflich der Sicherheit Ihrer Daten Daten und andere pers\u00f6nliche Informationen.<\/p>\n<h2>Offenlegung von Daten<\/h2>\n<h3>gesetzliche Anforderungen<\/h3>\n<p>ID COMPANY D.O.O. kann Ihre personenbezogenen Daten nach Treu und Glauben offenlegen, dass solche Ma\u00dfnahmen erforderlich sind, um:<br \/>\nEinhaltung einer gesetzlichen Verpflichtung<br \/>\nZum Schutz und zur Verteidigung der Rechte oder des Eigentums von ID COMPANY D.O.O.<br \/>\nUm m\u00f6gliche Fehlverhalten im Zusammenhang mit dem Service zu verhindern oder zu untersuchen<br \/>\nZum Schutz der pers\u00f6nlichen Sicherheit der Nutzer des Dienstes oder der \u00d6ffentlichkeit<br \/>\nZum Schutz vor gesetzlicher Haftung<\/p>\n<p>&nbsp;<\/p>\n<h2>Datensicherheit<\/h2>\n<p>Die Sicherheit Ihrer Daten ist uns wichtig. Beachten Sie jedoch, dass weder die \u00dcbertragung \u00fcber das Internet noch die elektronische Speicherung zu 100% sicher ist. Obwohl wir uns bem\u00fchen, Ihre personenbezogenen Daten mit wirtschaftlich vertretbaren Mitteln zu sch\u00fctzen, k\u00f6nnen wir deren absolute Sicherheit nicht garantieren.<\/p>\n<h2>Dienstanbieter<\/h2>\n<p>Wir k\u00f6nnen Unternehmen und Einzelpersonen von Drittanbietern damit beauftragen, unseren Service zu vereinfachen (\u201eService Provider\u201c), den Service in unserem Namen bereitzustellen, Service-bezogene Services durchzuf\u00fchren oder uns bei der Analyse der Nutzung unseres Service zu unterst\u00fctzen.<br \/>\nDiese Dritten haben Zugriff auf Ihre personenbezogenen Daten, um diese Aufgaben nur in unserem Namen auszuf\u00fchren, und sind verpflichtet, sie nicht weiterzugeben oder f\u00fcr andere Zwecke zu verwenden.<\/p>\n<p>&nbsp;<\/p>\n<h3>Analytics<\/h3>\n<p>Wir k\u00f6nnen Drittanbieter einsetzen, um die Nutzung unseres Dienstes zu \u00fcberwachen und zu analysieren.<br \/>\nGoogle Analytics: Google Analytics ist ein von Google angebotener Webanalysedienst, der den Website-Verkehr protokolliert und protokolliert. Google verwendet die gesammelten Daten, um die Nutzung unseres Dienstes zu verfolgen und zu \u00fcberwachen. Diese Daten werden mit anderen Google-Diensten geteilt. Google kann die gesammelten Daten verwenden, um die Anzeigen seines eigenen Werbenetzwerks zu kontextualisieren und zu personalisieren. Sie k\u00f6nnen die Bereitstellung Ihrer Aktivit\u00e4t f\u00fcr den Service f\u00fcr Google Analytics deaktivieren, indem Sie das Browser-Add-On f\u00fcr die Deaktivierung von Google Analytics installieren. Das Add-On verhindert, dass das Google Analytics-JavaScript (ga.js, analytics.js und dc.js) Informationen \u00fcber die Besuchsaktivit\u00e4t mit Google Analytics teilt. Weitere Informationen zu den Datenschutzbestimmungen von Google finden Sie unter Google Privacy &amp; amp; Nutzungsbedingungen Webseite.<\/p>\n<h2>Links zu anderen Websites<\/h2>\n<p>Unser Service kann Links zu anderen Sites enthalten, die nicht von uns betrieben werden. Wenn Sie auf einen Link eines Drittanbieters klicken, werden Sie auf die Website dieses Drittanbieters weitergeleitet. Wir empfehlen Ihnen dringend, die Datenschutzbestimmungen aller von Ihnen besuchten Websites zu lesen.<br \/>\nWir haben keine Kontrolle \u00fcber und \u00fcbernehmen keine Verantwortung f\u00fcr die Inhalte, Datenschutzrichtlinien oder Praktiken von Websites oder Diensten Dritter.<\/p>\n<p>&nbsp;<\/p>\n<h2>Privatsph\u00e4re von Kindern<\/h2>\n<p>Unser Service richtet sich nicht an Personen unter 18 Jahren (\u201eKinder\u201c).<br \/>\nWir erfassen wissentlich keine personenbezogenen Daten von Personen unter 18 Jahren. Wenn Sie Elternteil oder Erziehungsberechtigter sind und wissen, dass Ihre Kinder uns personenbezogene Daten zur Verf\u00fcgung gestellt haben, nehmen Sie bitte Kontakt mit uns auf. Wenn wir feststellen, dass wir personenbezogene Daten von Kindern ohne \u00dcberpr\u00fcfung der Einwilligung der Eltern erfasst haben, werden wir diese Informationen von unseren Servern entfernen.<\/p>\n<h2>\u00c4nderungen dieser Datenschutzrichtlinie<\/h2>\n<p>Wir k\u00f6nnen unsere Datenschutzrichtlinie von Zeit zu Zeit aktualisieren. Wir werden Sie \u00fcber \u00c4nderungen informieren, indem wir die neue Datenschutzrichtlinie auf dieser Seite ver\u00f6ffentlichen.<br \/>\nWir werden Sie vor Inkrafttreten der \u00c4nderung per E-Mail und \/ oder \u00fcber einen wichtigen Hinweis auf unseren Service informieren und das \u201eDatum des Inkrafttretens\u201c oben in dieser Datenschutzrichtlinie aktualisieren.<\/p>\n<p>Es wird empfohlen, diese Datenschutzrichtlinie regelm\u00e4\u00dfig auf \u00c4nderungen zu \u00fcberpr\u00fcfen. \u00c4nderungen an dieser Datenschutzrichtlinie werden wirksam, wenn sie auf dieser Seite ver\u00f6ffentlicht werden.<\/p>\n<p>&nbsp;<\/p>\n<h2>Kontaktieren<\/h2>\n<p>Wenn Sie Fragen zu dieser Datenschutzrichtlinie haben, wenden Sie sich bitte an uns:<br \/>\nPer E-Mail: info@homes4you.eu<br \/>\nPer Telefon: +385 (0) 99 600 2000[\/vc_column_text][vc_empty_space height=&#8221;50px&#8221;][\/vc_column][\/vc_row]<\/p>\n","protected":false},"excerpt":{"rendered":"<p>[vc_row css_animation=&#8221;&#8221; row_type=&#8221;row&#8221; use_row_as_full_screen_section=&#8221;no&#8221; type=&#8221;full_width&#8221; angled_section=&#8221;no&#8221; text_align=&#8221;left&#8221; background_image_as_pattern=&#8221;without_pattern&#8221;][vc_column][vc_column_text] Datenschutz-Bestimmungen &nbsp; ID COMPANY D.O.O. (\u201ewir\u201c, \u201ewir\u201c oder \u201eunser\u201c) betreibt die Website https:\/\/villa-pasman.com\/ (der \u201eService\u201c). Diese Seite informiert Sie \u00fcber unsere Richtlinien in Bezug auf die Erhebung, Verwendung und Weitergabe personenbezogener Daten, wenn Sie unseren Service nutzen,&#8230;<\/p>\n","protected":false},"author":1,"featured_media":0,"parent":0,"menu_order":0,"comment_status":"closed","ping_status":"open","template":"","meta":{"footnotes":""},"class_list":["post-927","page","type-page","status-publish","hentry"],"yoast_head":"<!-- This site is optimized with the Yoast SEO plugin v27.5 - https:\/\/yoast.com\/product\/yoast-seo-wordpress\/ -->\n<title>Datenschutz-Bestimmungen | Homes4You Villa Pa\u0161man | Villenanlage auf der Insel Pa\u0161man<\/title>\n<meta name=\"robots\" content=\"index, follow, max-snippet:-1, max-image-preview:large, max-video-preview:-1\" \/>\n<link rel=\"canonical\" href=\"https:\/\/villa-pasman.com\/de\/datenschutz-bestimmungen\/\" \/>\n<meta property=\"og:locale\" content=\"de_DE\" \/>\n<meta property=\"og:type\" content=\"article\" \/>\n<meta property=\"og:title\" content=\"Datenschutz-Bestimmungen | Homes4You Villa Pa\u0161man | Villenanlage auf der Insel Pa\u0161man\" \/>\n<meta property=\"og:description\" content=\"[vc_row css_animation=&#8221;&#8221; row_type=&#8221;row&#8221; use_row_as_full_screen_section=&#8221;no&#8221; type=&#8221;full_width&#8221; angled_section=&#8221;no&#8221; text_align=&#8221;left&#8221; background_image_as_pattern=&#8221;without_pattern&#8221;][vc_column][vc_column_text] Datenschutz-Bestimmungen &nbsp; ID COMPANY D.O.O. (\u201ewir\u201c, \u201ewir\u201c oder \u201eunser\u201c) betreibt die Website https:\/\/villa-pasman.com\/ (der \u201eService\u201c). Diese Seite informiert Sie \u00fcber unsere Richtlinien in Bezug auf die Erhebung, Verwendung und Weitergabe personenbezogener Daten, wenn Sie unseren Service nutzen,...\" \/>\n<meta property=\"og:url\" content=\"https:\/\/villa-pasman.com\/de\/datenschutz-bestimmungen\/\" \/>\n<meta property=\"og:site_name\" content=\"Homes4You Villa Pasman\" \/>\n<meta property=\"article:modified_time\" content=\"2020-11-12T12:43:40+00:00\" \/>\n<meta name=\"twitter:card\" content=\"summary_large_image\" \/>\n<meta name=\"twitter:label1\" content=\"Est. reading time\" \/>\n\t<meta name=\"twitter:data1\" content=\"6 minutes\" \/>\n<script type=\"application\/ld+json\" class=\"yoast-schema-graph\">{\"@context\":\"https:\\\/\\\/schema.org\",\"@graph\":[{\"@type\":\"WebPage\",\"@id\":\"https:\\\/\\\/villa-pasman.com\\\/de\\\/datenschutz-bestimmungen\\\/\",\"url\":\"https:\\\/\\\/villa-pasman.com\\\/de\\\/datenschutz-bestimmungen\\\/\",\"name\":\"Datenschutz-Bestimmungen | Homes4You Villa Pa\u0161man | Villenanlage auf der Insel Pa\u0161man\",\"isPartOf\":{\"@id\":\"https:\\\/\\\/villa-pasman.com\\\/de\\\/#website\"},\"datePublished\":\"2019-12-16T12:13:16+00:00\",\"dateModified\":\"2020-11-12T12:43:40+00:00\",\"breadcrumb\":{\"@id\":\"https:\\\/\\\/villa-pasman.com\\\/de\\\/datenschutz-bestimmungen\\\/#breadcrumb\"},\"inLanguage\":\"de-DE\",\"potentialAction\":[{\"@type\":\"ReadAction\",\"target\":[\"https:\\\/\\\/villa-pasman.com\\\/de\\\/datenschutz-bestimmungen\\\/\"]}]},{\"@type\":\"BreadcrumbList\",\"@id\":\"https:\\\/\\\/villa-pasman.com\\\/de\\\/datenschutz-bestimmungen\\\/#breadcrumb\",\"itemListElement\":[{\"@type\":\"ListItem\",\"position\":1,\"name\":\"Po\u010detna stranica\",\"item\":\"https:\\\/\\\/villa-pasman.com\\\/de\\\/\"},{\"@type\":\"ListItem\",\"position\":2,\"name\":\"Datenschutz-Bestimmungen\"}]},{\"@type\":\"WebSite\",\"@id\":\"https:\\\/\\\/villa-pasman.com\\\/de\\\/#website\",\"url\":\"https:\\\/\\\/villa-pasman.com\\\/de\\\/\",\"name\":\"Homes4You Villa Pasman\",\"description\":\"Rent luxury Villa Complex\",\"potentialAction\":[{\"@type\":\"SearchAction\",\"target\":{\"@type\":\"EntryPoint\",\"urlTemplate\":\"https:\\\/\\\/villa-pasman.com\\\/de\\\/?s={search_term_string}\"},\"query-input\":{\"@type\":\"PropertyValueSpecification\",\"valueRequired\":true,\"valueName\":\"search_term_string\"}}],\"inLanguage\":\"de-DE\"}]}<\/script>\n<!-- \/ Yoast SEO plugin. -->","yoast_head_json":{"title":"Datenschutz-Bestimmungen | Homes4You Villa Pa\u0161man | Villenanlage auf der Insel Pa\u0161man","robots":{"index":"index","follow":"follow","max-snippet":"max-snippet:-1","max-image-preview":"max-image-preview:large","max-video-preview":"max-video-preview:-1"},"canonical":"https:\/\/villa-pasman.com\/de\/datenschutz-bestimmungen\/","og_locale":"de_DE","og_type":"article","og_title":"Datenschutz-Bestimmungen | Homes4You Villa Pa\u0161man | Villenanlage auf der Insel Pa\u0161man","og_description":"[vc_row css_animation=&#8221;&#8221; row_type=&#8221;row&#8221; use_row_as_full_screen_section=&#8221;no&#8221; type=&#8221;full_width&#8221; angled_section=&#8221;no&#8221; text_align=&#8221;left&#8221; background_image_as_pattern=&#8221;without_pattern&#8221;][vc_column][vc_column_text] Datenschutz-Bestimmungen &nbsp; ID COMPANY D.O.O. (\u201ewir\u201c, \u201ewir\u201c oder \u201eunser\u201c) betreibt die Website https:\/\/villa-pasman.com\/ (der \u201eService\u201c). Diese Seite informiert Sie \u00fcber unsere Richtlinien in Bezug auf die Erhebung, Verwendung und Weitergabe personenbezogener Daten, wenn Sie unseren Service nutzen,...","og_url":"https:\/\/villa-pasman.com\/de\/datenschutz-bestimmungen\/","og_site_name":"Homes4You Villa Pasman","article_modified_time":"2020-11-12T12:43:40+00:00","twitter_card":"summary_large_image","twitter_misc":{"Est. reading time":"6 minutes"},"schema":{"@context":"https:\/\/schema.org","@graph":[{"@type":"WebPage","@id":"https:\/\/villa-pasman.com\/de\/datenschutz-bestimmungen\/","url":"https:\/\/villa-pasman.com\/de\/datenschutz-bestimmungen\/","name":"Datenschutz-Bestimmungen | Homes4You Villa Pa\u0161man | Villenanlage auf der Insel Pa\u0161man","isPartOf":{"@id":"https:\/\/villa-pasman.com\/de\/#website"},"datePublished":"2019-12-16T12:13:16+00:00","dateModified":"2020-11-12T12:43:40+00:00","breadcrumb":{"@id":"https:\/\/villa-pasman.com\/de\/datenschutz-bestimmungen\/#breadcrumb"},"inLanguage":"de-DE","potentialAction":[{"@type":"ReadAction","target":["https:\/\/villa-pasman.com\/de\/datenschutz-bestimmungen\/"]}]},{"@type":"BreadcrumbList","@id":"https:\/\/villa-pasman.com\/de\/datenschutz-bestimmungen\/#breadcrumb","itemListElement":[{"@type":"ListItem","position":1,"name":"Po\u010detna stranica","item":"https:\/\/villa-pasman.com\/de\/"},{"@type":"ListItem","position":2,"name":"Datenschutz-Bestimmungen"}]},{"@type":"WebSite","@id":"https:\/\/villa-pasman.com\/de\/#website","url":"https:\/\/villa-pasman.com\/de\/","name":"Homes4You Villa Pasman","description":"Rent luxury Villa Complex","potentialAction":[{"@type":"SearchAction","target":{"@type":"EntryPoint","urlTemplate":"https:\/\/villa-pasman.com\/de\/?s={search_term_string}"},"query-input":{"@type":"PropertyValueSpecification","valueRequired":true,"valueName":"search_term_string"}}],"inLanguage":"de-DE"}]}},"_links":{"self":[{"href":"https:\/\/villa-pasman.com\/de\/wp-json\/wp\/v2\/pages\/927","targetHints":{"allow":["GET"]}}],"collection":[{"href":"https:\/\/villa-pasman.com\/de\/wp-json\/wp\/v2\/pages"}],"about":[{"href":"https:\/\/villa-pasman.com\/de\/wp-json\/wp\/v2\/types\/page"}],"author":[{"embeddable":true,"href":"https:\/\/villa-pasman.com\/de\/wp-json\/wp\/v2\/users\/1"}],"replies":[{"embeddable":true,"href":"https:\/\/villa-pasman.com\/de\/wp-json\/wp\/v2\/comments?post=927"}],"version-history":[{"count":4,"href":"https:\/\/villa-pasman.com\/de\/wp-json\/wp\/v2\/pages\/927\/revisions"}],"predecessor-version":[{"id":1002,"href":"https:\/\/villa-pasman.com\/de\/wp-json\/wp\/v2\/pages\/927\/revisions\/1002"}],"wp:attachment":[{"href":"https:\/\/villa-pasman.com\/de\/wp-json\/wp\/v2\/media?parent=927"}],"curies":[{"name":"wp","href":"https:\/\/api.w.org\/{rel}","templated":true}]}}