{"id":811,"date":"2019-12-12T18:00:28","date_gmt":"2019-12-12T17:00:28","guid":{"rendered":"http:\/\/villa-pasman.com\/o-pasmanu\/"},"modified":"2019-12-16T16:39:26","modified_gmt":"2019-12-16T15:39:26","slug":"o-pasmanu","status":"publish","type":"page","link":"https:\/\/villa-pasman.com\/hr\/o-pasmanu\/","title":{"rendered":"O Pa\u0161manu"},"content":{"rendered":"<p>[vc_row css_animation=&#8221;&#8221; row_type=&#8221;row&#8221; use_row_as_full_screen_section=&#8221;no&#8221; type=&#8221;full_width&#8221; angled_section=&#8221;no&#8221; text_align=&#8221;left&#8221; background_image_as_pattern=&#8221;without_pattern&#8221; padding_top=&#8221;0&#8243; padding_bottom=&#8221;0&#8243; z_index=&#8221;&#8221;][vc_column width=&#8221;1\/2&#8243; offset=&#8221;vc_col-md-6&#8243; css=&#8221;.vc_custom_1574761674154{padding-top: 7% !important;padding-right: 10% !important;padding-bottom: 5% !important;padding-left: 10% !important;}&#8221;][vc_column_text]<\/p>\n<h2>Otok Pa\u0161man<\/h2>\n<p>&nbsp;[\/vc_column_text][vc_separator type=&#8221;small&#8221; position=&#8221;left&#8221; color=&#8221;#0a0a0a&#8221; transparency=&#8221;1&#8243; thickness=&#8221;1&#8243; width=&#8221;63&#8243; up=&#8221;33&#8243; down=&#8221;45&#8243;][vc_column_text]Otok Pa\u0161man je savr\u0161ena destinacija za opu\u0161tanje. Bogat brojnim pje\u0161\u010danim pla\u017eama, uvalama i mediteranskom florom i faunom, otok ostavlja dojam sigurnosti i privla\u010dnosti. Ako ste raspolo\u017eeni za avanturu, Pa\u0161man nudi ure\u0111ene, brdske biciklisti\u010dke staze i vidikovce koji gledaju na Kornate, Vransko Jezero, Pa\u0161manski kanal i morski pejza\u017e koji ostavlja bez daha.<\/p>\n<p>&nbsp;<\/p>\n<p>Zahvaljuju\u0107i bogatoj povijesti, na Pa\u0161manu mo\u017eete vidjeti ostatke ilirskih gradova, arheolo\u0161ke nalaze iz doba Rima, kip Sv. Mihovila iz 12. stolje\u0107a, benediktinski samostan Sv. Kuzme i Damjana, te brojne druge spomenike. Osim u povijesti, mo\u017eete u\u017eivati promatraju\u0107i sada\u0161njost \u017eivota lokalnih stanovnika na otoku Pa\u0161manu. Oto\u010dani se bave poljoprivredom i ribarstvom, a u novije vrijeme razvili su bogatu turisti\u010dku ponudu.<\/p>\n<p>&nbsp;<\/p>\n<p>Smje\u0161ten u zadarskom arhipelagu, otok Pa\u0161man okru\u017euje naj\u010di\u0161\u0107e more na Jadranu, zahvaljuju\u0107i morskoj struji koja mijenja svoj smjer svakih \u0161est sati. Od Zadra i Biograda ga dijeli Pa\u0161manski kanal po kojem je razbacano desetak prekrasnih oto\u010di\u0107a. Pa\u0161man je povezan s Ugljanom putem mosta u prolazu \u017ddrelac, a trajektne linije ga povezuju sa Zadrom i Biogradom.[\/vc_column_text][\/vc_column][vc_column width=&#8221;1\/2&#8243; offset=&#8221;vc_col-md-6&#8243; css=&#8221;.vc_custom_1575467184215{background-position: center !important;background-repeat: no-repeat !important;background-size: cover !important;}&#8221;][vc_empty_space]\n\t\t\t<!-- START pasman REVOLUTION SLIDER 6.1.3 --><p class=\"rs-p-wp-fix\"><\/p>\n\t\t\t<rs-module-wrap id=\"rev_slider_5_1_wrapper\" data-source=\"gallery\" style=\"background:transparent;padding:0;margin:0px auto;margin-top:0;margin-bottom:0;\">\n\t\t\t\t<rs-module id=\"rev_slider_5_1\" style=\"display:none;\" data-version=\"6.1.3\">\n\t\t\t\t\t<rs-slides>\n\t\t\t\t\t\t<rs-slide data-key=\"rs-18\" data-title=\"Slide\" data-thumb=\"\/\/villa-pasman.com\/wp-content\/uploads\/2019\/12\/island-galesnjak-50x100.jpg\" data-anim=\"ei:d;eo:d;s:1000;r:0;t:fade;sl:0;\">\n\t\t\t\t\t\t\t<img loading=\"lazy\" decoding=\"async\" src=\"\/\/villa-pasman.com\/wp-content\/uploads\/2019\/12\/island-galesnjak.jpg\" alt=\"island galesnjak\" title=\"island galesnjak\" width=\"1920\" height=\"1439\" class=\"rev-slidebg\" data-no-retina>\n<!---->\t\t\t\t\t\t<\/rs-slide>\n\t\t\t\t\t\t<rs-slide data-key=\"rs-15\" data-title=\"Slide\" data-thumb=\"\/\/villa-pasman.com\/wp-content\/uploads\/2019\/11\/pasman-island-croatia-50x100.jpg\" data-anim=\"ei:d;eo:d;s:1000;r:0;t:fade;sl:0;\">\n\t\t\t\t\t\t\t<img loading=\"lazy\" decoding=\"async\" src=\"\/\/villa-pasman.com\/wp-content\/uploads\/2019\/11\/pasman-island-croatia.jpg\" alt=\"pasman island croatia\" title=\"pasman island croatia\" width=\"1920\" height=\"1281\" class=\"rev-slidebg\" data-no-retina>\n<!---->\t\t\t\t\t\t<\/rs-slide>\n\t\t\t\t\t\t<rs-slide data-key=\"rs-14\" data-title=\"Slide\" data-thumb=\"\/\/villa-pasman.com\/wp-content\/uploads\/2019\/12\/island-pasman-coast-50x100.jpg\" data-anim=\"ei:d;eo:d;s:1000;r:0;t:fade;sl:0;\">\n\t\t\t\t\t\t\t<img loading=\"lazy\" decoding=\"async\" src=\"\/\/villa-pasman.com\/wp-content\/uploads\/2019\/12\/island-pasman-coast.jpg\" alt=\"island pasman coast\" title=\"island pasman coast\" width=\"1920\" height=\"1440\" class=\"rev-slidebg\" data-no-retina>\n<!---->\t\t\t\t\t\t<\/rs-slide>\n\t\t\t\t\t\t<rs-slide data-key=\"rs-16\" data-title=\"Slide\" data-thumb=\"\/\/villa-pasman.com\/wp-content\/uploads\/2019\/12\/channel-pasman-50x100.jpg\" data-anim=\"ei:d;eo:d;s:1000;r:0;t:fade;sl:0;\">\n\t\t\t\t\t\t\t<img loading=\"lazy\" decoding=\"async\" src=\"\/\/villa-pasman.com\/wp-content\/uploads\/2019\/12\/channel-pasman.jpg\" alt=\"channel pasman\" title=\"channel pasman\" width=\"1920\" height=\"1275\" class=\"rev-slidebg\" data-no-retina>\n<!---->\t\t\t\t\t\t<\/rs-slide>\n\t\t\t\t\t\t<rs-slide data-key=\"rs-20\" data-title=\"Slide\" data-thumb=\"\/\/villa-pasman.com\/wp-content\/uploads\/2019\/12\/kornati-islands-50x100.jpg\" data-anim=\"ei:d;eo:d;s:1000;r:0;t:fade;sl:0;\">\n\t\t\t\t\t\t\t<img loading=\"lazy\" decoding=\"async\" src=\"\/\/villa-pasman.com\/wp-content\/uploads\/2019\/12\/kornati-islands.jpg\" alt=\"kornati islands\" title=\"kornati islands\" width=\"1920\" height=\"1439\" class=\"rev-slidebg\" data-no-retina>\n<!---->\t\t\t\t\t\t<\/rs-slide>\n\t\t\t\t\t\t<rs-slide data-key=\"rs-17\" data-title=\"Slide\" data-thumb=\"\/\/villa-pasman.com\/wp-content\/uploads\/2019\/12\/coast-of-pasman-island-50x100.jpg\" data-anim=\"ei:d;eo:d;s:1000;r:0;t:fade;sl:0;\">\n\t\t\t\t\t\t\t<img loading=\"lazy\" decoding=\"async\" src=\"\/\/villa-pasman.com\/wp-content\/uploads\/2019\/12\/coast-of-pasman-island.jpg\" alt=\"coast of pasman island\" title=\"coast of pasman island\" width=\"1920\" height=\"1275\" class=\"rev-slidebg\" data-no-retina>\n<!---->\t\t\t\t\t\t<\/rs-slide>\n\t\t\t\t\t\t<rs-slide data-key=\"rs-26\" data-title=\"Slide\" data-thumb=\"\/\/villa-pasman.com\/wp-content\/uploads\/2019\/12\/vrana-lake-50x100.jpg\" data-anim=\"ei:d;eo:d;s:1000;r:0;t:fade;sl:0;\">\n\t\t\t\t\t\t\t<img loading=\"lazy\" decoding=\"async\" src=\"\/\/villa-pasman.com\/wp-content\/uploads\/2019\/12\/vrana-lake.jpg\" alt=\"vrana lake\" title=\"vrana lake\" width=\"1920\" height=\"1281\" class=\"rev-slidebg\" data-no-retina>\n<!---->\t\t\t\t\t\t<\/rs-slide>\n\t\t\t\t\t\t<rs-slide data-key=\"rs-19\" data-title=\"Slide\" data-thumb=\"\/\/villa-pasman.com\/wp-content\/uploads\/2019\/12\/island-pasman-under-trees-50x100.jpg\" data-anim=\"ei:d;eo:d;s:1000;r:0;t:fade;sl:0;\">\n\t\t\t\t\t\t\t<img loading=\"lazy\" decoding=\"async\" src=\"\/\/villa-pasman.com\/wp-content\/uploads\/2019\/12\/island-pasman-under-trees.jpg\" alt=\"island pasman under trees\" title=\"island pasman under trees\" width=\"1920\" height=\"1275\" class=\"rev-slidebg\" data-no-retina>\n<!---->\t\t\t\t\t\t<\/rs-slide>\n\t\t\t\t\t\t<rs-slide data-key=\"rs-21\" data-title=\"Slide\" data-thumb=\"\/\/villa-pasman.com\/wp-content\/uploads\/2019\/12\/olive-pasman-island-50x100.jpg\" data-anim=\"ei:d;eo:d;s:1000;r:0;t:fade;sl:0;\">\n\t\t\t\t\t\t\t<img loading=\"lazy\" decoding=\"async\" src=\"\/\/villa-pasman.com\/wp-content\/uploads\/2019\/12\/olive-pasman-island.jpg\" alt=\"olive pasman island\" title=\"olive pasman island\" width=\"1920\" height=\"1275\" class=\"rev-slidebg\" data-no-retina>\n<!---->\t\t\t\t\t\t<\/rs-slide>\n\t\t\t\t\t\t<rs-slide data-key=\"rs-27\" data-title=\"Slide\" data-thumb=\"\/\/villa-pasman.com\/wp-content\/uploads\/2019\/12\/zadar-archipelago-50x100.jpg\" data-anim=\"ei:d;eo:d;s:1000;r:0;t:fade;sl:0;\">\n\t\t\t\t\t\t\t<img loading=\"lazy\" decoding=\"async\" src=\"\/\/villa-pasman.com\/wp-content\/uploads\/2019\/12\/zadar-archipelago.jpg\" alt=\"zadar archipelago\" title=\"zadar archipelago\" width=\"1920\" height=\"1279\" class=\"rev-slidebg\" data-no-retina>\n<!---->\t\t\t\t\t\t<\/rs-slide>\n\t\t\t\t\t\t<rs-slide data-key=\"rs-22\" data-title=\"Slide\" data-thumb=\"\/\/villa-pasman.com\/wp-content\/uploads\/2019\/12\/pasman-coast-50x100.jpg\" data-anim=\"ei:d;eo:d;s:1000;r:0;t:fade;sl:0;\">\n\t\t\t\t\t\t\t<img loading=\"lazy\" decoding=\"async\" src=\"\/\/villa-pasman.com\/wp-content\/uploads\/2019\/12\/pasman-coast.jpg\" alt=\"pasman coast\" title=\"pasman coast\" width=\"1920\" height=\"1440\" class=\"rev-slidebg\" data-no-retina>\n<!---->\t\t\t\t\t\t<\/rs-slide>\n\t\t\t\t\t\t<rs-slide data-key=\"rs-23\" data-title=\"Slide\" data-thumb=\"\/\/villa-pasman.com\/wp-content\/uploads\/2019\/12\/pasman-island-channel-50x100.jpg\" data-anim=\"ei:d;eo:d;s:1000;r:0;t:fade;sl:0;\">\n\t\t\t\t\t\t\t<img loading=\"lazy\" decoding=\"async\" src=\"\/\/villa-pasman.com\/wp-content\/uploads\/2019\/12\/pasman-island-channel.jpg\" alt=\"pasman island channel\" title=\"pasman island channel\" width=\"1920\" height=\"1275\" class=\"rev-slidebg\" data-no-retina>\n<!---->\t\t\t\t\t\t<\/rs-slide>\n\t\t\t\t\t\t<rs-slide data-key=\"rs-24\" data-title=\"Slide\" data-thumb=\"\/\/villa-pasman.com\/wp-content\/uploads\/2019\/12\/pasman-island-coast-50x100.jpg\" data-anim=\"ei:d;eo:d;s:1000;r:0;t:fade;sl:0;\">\n\t\t\t\t\t\t\t<img loading=\"lazy\" decoding=\"async\" src=\"\/\/villa-pasman.com\/wp-content\/uploads\/2019\/12\/pasman-island-coast.jpg\" alt=\"pasman island coast\" title=\"pasman island coast\" width=\"1920\" height=\"1275\" class=\"rev-slidebg\" data-no-retina>\n<!---->\t\t\t\t\t\t<\/rs-slide>\n\t\t\t\t\t\t<rs-slide data-key=\"rs-25\" data-title=\"Slide\" data-thumb=\"\/\/villa-pasman.com\/wp-content\/uploads\/2019\/12\/pasman-island-from-top-50x100.jpg\" data-anim=\"ei:d;eo:d;s:1000;r:0;t:fade;sl:0;\">\n\t\t\t\t\t\t\t<img loading=\"lazy\" decoding=\"async\" src=\"\/\/villa-pasman.com\/wp-content\/uploads\/2019\/12\/pasman-island-from-top.jpg\" alt=\"pasman island from top\" title=\"pasman island from top\" width=\"1920\" height=\"1275\" class=\"rev-slidebg\" data-no-retina>\n<!---->\t\t\t\t\t\t<\/rs-slide>\n\t\t\t\t\t<\/rs-slides>\n\t\t\t\t\t<rs-progress class=\"rs-bottom\" style=\"visibility: hidden !important;\"><\/rs-progress>\n\t\t\t\t<\/rs-module>\n\t\t\t\t<script type=\"text\/javascript\">\n\t\t\t\t\tsetREVStartSize({c: 'rev_slider_5_1',rl:[1240,1024,778,480],el:[900],gw:[1240],gh:[900],layout:'fullwidth',mh:\"0\"});\n\t\t\t\t\tvar\trevapi5,\n\t\t\t\t\t\ttpj;\n\t\t\t\t\tjQuery(function() {\n\t\t\t\t\t\ttpj = jQuery;\n\t\t\t\t\t\tif(tpj(\"#rev_slider_5_1\").revolution == undefined){\n\t\t\t\t\t\t\trevslider_showDoubleJqueryError(\"#rev_slider_5_1\");\n\t\t\t\t\t\t}else{\n\t\t\t\t\t\t\trevapi5 = tpj(\"#rev_slider_5_1\").show().revolution({\n\t\t\t\t\t\t\t\tsliderType:\"carousel\",\n\t\t\t\t\t\t\t\tjsFileLocation:\"\/\/villa-pasman.com\/wp-content\/plugins\/revslider\/public\/assets\/js\/\",\n\t\t\t\t\t\t\t\tvisibilityLevels:\"1240,1024,778,480\",\n\t\t\t\t\t\t\t\tgridwidth:1240,\n\t\t\t\t\t\t\t\tgridheight:900,\n\t\t\t\t\t\t\t\tminHeight:\"\",\n\t\t\t\t\t\t\t\tspinner:\"spinner2\",\n\t\t\t\t\t\t\t\teditorheight:\"900,768,960,720\",\n\t\t\t\t\t\t\t\tresponsiveLevels:\"1240,1024,778,480\",\n\t\t\t\t\t\t\t\tdisableProgressBar:\"on\",\n\t\t\t\t\t\t\t\tnavigation: {\n\t\t\t\t\t\t\t\t\tonHoverStop:false,\n\t\t\t\t\t\t\t\t\tbullets: {\n\t\t\t\t\t\t\t\t\t\tenable:true,\n\t\t\t\t\t\t\t\t\t\ttmp:\"\",\n\t\t\t\t\t\t\t\t\t\tstyle:\"custom-nav\"\n\t\t\t\t\t\t\t\t\t}\n\t\t\t\t\t\t\t\t},\n\t\t\t\t\t\t\t\tfallbacks: {\n\t\t\t\t\t\t\t\t\tallowHTML5AutoPlayOnAndroid:true\n\t\t\t\t\t\t\t\t},\n\t\t\t\t\t\t\t});\n\t\t\t\t\t\t}\n\t\t\t\t\t\t\n\t\t\t\t\t});\n\t\t\t\t<\/script>\n\t\t\t\t<script>\n\t\t\t\t\tvar htmlDivCss = ' #rev_slider_5_1_wrapper rs-loader.spinner2{ background-color: #ffffff !important; } '\n\t\t\t\t\tvar htmlDiv = document.getElementById('rs-plugin-settings-inline-css');\n\t\t\t\t\tif(htmlDiv) {\n\t\t\t\t\t\thtmlDiv.innerHTML = htmlDiv.innerHTML + htmlDivCss;\n\t\t\t\t\t}else{\n\t\t\t\t\t\tvar htmlDiv = document.createElement('div');\n\t\t\t\t\t\thtmlDiv.innerHTML = '<style>' + htmlDivCss + '<\/style>';\n\t\t\t\t\t\tdocument.getElementsByTagName('head')[0].appendChild(htmlDiv.childNodes[0]);\n\t\t\t\t\t}\n\t\t\t\t<\/script>\n\t\t\t\t<script>\n\t\t\t\t\tvar htmlDivCss = unescape(\"%23rev_slider_5_1_wrapper%20.custom-nav%20.tp-bullet%20%7B%0A%20%20box-sizing%3Acontent-box%3B%20-webkit-box-sizing%3Acontent-box%3B%0A%20%20background-color%3A%20%23b7b7b7%3B%0A%20%20width%3A36px%3Bheight%3A4px%3B%0A%20%20-webkit-transition%3A%20all%200.3s%20ease%3B%0A%20%20transition%3A%20all%200.3s%20ease%3B%0A%20%7D%0A%20%0A%23rev_slider_5_1_wrapper%20.custom-nav%20.tp-bullet%3Ahover%2C%0A%23rev_slider_5_1_wrapper%20.custom-nav%20.tp-bullet.selected%7B%0A%09background-color%3A%20%23fff%3B%0A%20%20%20%20border-color%3A%20%23fff%3B%0A%7D%0A%20%20%0A%20%20%20%20%20%20%20%0A%0A\");\n\t\t\t\t\tvar htmlDiv = document.getElementById('rs-plugin-settings-inline-css');\n\t\t\t\t\tif(htmlDiv) {\n\t\t\t\t\t\thtmlDiv.innerHTML = htmlDiv.innerHTML + htmlDivCss;\n\t\t\t\t\t}else{\n\t\t\t\t\t\tvar htmlDiv = document.createElement('div');\n\t\t\t\t\t\thtmlDiv.innerHTML = '<style>' + htmlDivCss + '<\/style>';\n\t\t\t\t\t\tdocument.getElementsByTagName('head')[0].appendChild(htmlDiv.childNodes[0]);\n\t\t\t\t\t}\n\t\t\t\t<\/script>\n\t\t\t\t<script>\n\t\t\t\t\tvar htmlDivCss = unescape(\"%0A%0A%0A%0A%0A%0A%0A%0A%0A%0A%0A%0A%0A%0A\");\n\t\t\t\t\tvar htmlDiv = document.getElementById('rs-plugin-settings-inline-css');\n\t\t\t\t\tif(htmlDiv) {\n\t\t\t\t\t\thtmlDiv.innerHTML = htmlDiv.innerHTML + htmlDivCss;\n\t\t\t\t\t}else{\n\t\t\t\t\t\tvar htmlDiv = document.createElement('div');\n\t\t\t\t\t\thtmlDiv.innerHTML = '<style>' + htmlDivCss + '<\/style>';\n\t\t\t\t\t\tdocument.getElementsByTagName('head')[0].appendChild(htmlDiv.childNodes[0]);\n\t\t\t\t\t}\n\t\t\t\t<\/script>\n\t\t\t<\/rs-module-wrap>\n\t\t\t<!-- END REVOLUTION SLIDER -->\n[\/vc_column][\/vc_row][vc_row css_animation=&#8221;&#8221; row_type=&#8221;row&#8221; use_row_as_full_screen_section=&#8221;no&#8221; type=&#8221;full_width&#8221; angled_section=&#8221;no&#8221; text_align=&#8221;left&#8221; background_image_as_pattern=&#8221;without_pattern&#8221; padding_top=&#8221;0&#8243; padding_bottom=&#8221;0&#8243; z_index=&#8221;&#8221; css=&#8221;.vc_custom_1575020243310{background-color: #f2f2f2 !important;}&#8221; el_class=&#8221;reverse-row&#8221;][vc_column width=&#8221;1\/2&#8243; offset=&#8221;vc_col-md-6&#8243; css=&#8221;.vc_custom_1574761416426{padding-top: 60% !important;background-image: url(http:\/\/villa-pasman.com\/wp-content\/uploads\/2019\/11\/kraj-otok-pasman.jpg?id=514) !important;background-position: center !important;background-repeat: no-repeat !important;background-size: cover !important;}&#8221;][\/vc_column][vc_column width=&#8221;1\/2&#8243; offset=&#8221;vc_col-md-6&#8243; css=&#8221;.vc_custom_1574761633470{padding-top: 7% !important;padding-right: 10% !important;padding-left: 10% !important;}&#8221;][vc_column_text]<\/p>\n<h2>Kraj<\/h2>\n<p>&nbsp;[\/vc_column_text][vc_separator type=&#8221;small&#8221; position=&#8221;left&#8221; color=&#8221;#0a0a0a&#8221; transparency=&#8221;1&#8243; thickness=&#8221;1&#8243; width=&#8221;63&#8243; up=&#8221;33&#8243; down=&#8221;45&#8243;][vc_column_text]Naselje Kraj, smje\u0161teno na jugoisto\u010dnom dijelu otoka Pa\u0161mana, se prostire uzdu\u017e dvije prekrasne pje\u0161\u010dane pla\u017ee. Uz pogled na Pa\u0161manski kanal te oto\u010di\u0107e Mali i Veliki Du\u017eac, naselje pru\u017ea obilazak stare jezgre ispunjene tradicionalnim kamenim ku\u0107ama i franjeva\u010dki samostan svetog Dujma s pripadaju\u0107om crkvom i muzejom iz 14. Stolje\u0107a. <\/p>\n<p>&nbsp;<\/p>\n<p>Kraj je mjesto u kojem se mo\u017ee do\u017eivjeti autenti\u010dan na\u010din \u017eivota dalmatinskih otoka i njihovih mje\u0161tana, te kao takvo pru\u017ea okru\u017eenje potrebno za opu\u0161tanje.[\/vc_column_text][vc_empty_space][\/vc_column][\/vc_row][vc_row css_animation=&#8221;&#8221; row_type=&#8221;row&#8221; use_row_as_full_screen_section=&#8221;no&#8221; type=&#8221;grid&#8221; angled_section=&#8221;no&#8221; text_align=&#8221;center&#8221; background_image_as_pattern=&#8221;without_pattern&#8221; padding_top=&#8221;135&#8243; padding_bottom=&#8221;103&#8243; z_index=&#8221;&#8221; css=&#8221;.vc_custom_1575024120478{padding-top: 15% !important;padding-right: 5% !important;padding-bottom: 15% !important;padding-left: 5% !important;background: #f2f0ef url(http:\/\/villa-pasman.com\/wp-content\/uploads\/2019\/11\/swimming-pool-girl-villa-pasman.jpg?id=525) !important;background-position: center !important;background-repeat: no-repeat !important;background-size: cover !important;}&#8221; el_class=&#8221;centriraj&#8221;][vc_column css=&#8221;.vc_custom_1573634420134{padding-top: 10% !important;padding-right: 2% !important;padding-bottom: 5% !important;padding-left: 2% !important;}&#8221;][vc_row_inner row_type=&#8221;row&#8221; type=&#8221;full_width&#8221; text_align=&#8221;left&#8221; css_animation=&#8221;&#8221;][vc_column_inner width=&#8221;1\/4&#8243;][\/vc_column_inner][vc_column_inner el_class=&#8221;centriraj&#8221; width=&#8221;1\/2&#8243; css=&#8221;.vc_custom_1573635678644{padding-top: 10% !important;padding-right: 5% !important;padding-bottom: 5% !important;padding-left: 5% !important;background-color: rgba(255,255,255,0.9) !important;*background-color: rgb(255,255,255) !important;}&#8221;][vc_column_text]<\/p>\n<h2>Rezerviraj Vilu Pa\u0161man<\/h2>\n<p>&nbsp;[\/vc_column_text][vc_separator type=&#8221;small&#8221; position=&#8221;center&#8221; color=&#8221;#0a0a0a&#8221; transparency=&#8221;1&#8243; thickness=&#8221;1&#8243; width=&#8221;63&#8243; up=&#8221;31&#8243; down=&#8221;48&#8243;][vc_column_text]\u017delite li rezervirati cijeli kompleks Homes4You ili jednu od njegovih luksuznih vila?[\/vc_column_text]<a  itemprop=\"url\" href=\"\/hr\/rezervacija\/\" target=\"_self\" data-hover-background-color=#424242  class=\"qbutton  medium center default\" style=\"color: #ffffff; margin: 4% 0 0 0; background-color: #070707;\">REZERVIRAJ<\/a>[\/vc_column_inner][vc_column_inner width=&#8221;1\/4&#8243;][\/vc_column_inner][\/vc_row_inner][\/vc_column][\/vc_row]<\/p>\n","protected":false},"excerpt":{"rendered":"<p>[vc_row css_animation=&#8221;&#8221; row_type=&#8221;row&#8221; use_row_as_full_screen_section=&#8221;no&#8221; type=&#8221;full_width&#8221; angled_section=&#8221;no&#8221; text_align=&#8221;left&#8221; background_image_as_pattern=&#8221;without_pattern&#8221; padding_top=&#8221;0&#8243; padding_bottom=&#8221;0&#8243; z_index=&#8221;&#8221;][vc_column width=&#8221;1\/2&#8243; offset=&#8221;vc_col-md-6&#8243; css=&#8221;.vc_custom_1574761674154{padding-top: 7% !important;padding-right: 10% !important;padding-bottom: 5% !important;padding-left: 10% !important;}&#8221;][vc_column_text] Otok Pa\u0161man &nbsp;[\/vc_column_text][vc_separator type=&#8221;small&#8221; position=&#8221;left&#8221; color=&#8221;#0a0a0a&#8221; transparency=&#8221;1&#8243; thickness=&#8221;1&#8243; width=&#8221;63&#8243; up=&#8221;33&#8243; down=&#8221;45&#8243;][vc_column_text]Otok Pa\u0161man je savr\u0161ena destinacija za opu\u0161tanje. Bogat brojnim pje\u0161\u010danim pla\u017eama, uvalama i&#8230;<\/p>\n","protected":false},"author":1,"featured_media":0,"parent":0,"menu_order":0,"comment_status":"closed","ping_status":"closed","template":"full_width.php","meta":{"footnotes":""},"class_list":["post-811","page","type-page","status-publish","hentry"],"yoast_head":"<!-- This site is optimized with the Yoast SEO plugin v27.5 - https:\/\/yoast.com\/product\/yoast-seo-wordpress\/ -->\n<title>O otoku Pa\u0161manu | Kraj | Homes4You Vila Pa\u0161man<\/title>\n<meta name=\"description\" content=\"Otok Pa\u0161man je savr\u0161ena destinacija za opu\u0161tanje s brojnim pje\u0161\u010danim pla\u017eama, uvalama i mediteranskom florom i faunom.\" \/>\n<meta name=\"robots\" content=\"index, follow, max-snippet:-1, max-image-preview:large, max-video-preview:-1\" \/>\n<link rel=\"canonical\" href=\"https:\/\/villa-pasman.com\/hr\/o-pasmanu\/\" \/>\n<meta property=\"og:locale\" content=\"hr_HR\" \/>\n<meta property=\"og:type\" content=\"article\" \/>\n<meta property=\"og:title\" content=\"O otoku Pa\u0161manu | Kraj | Homes4You Vila Pa\u0161man\" \/>\n<meta property=\"og:description\" content=\"Otok Pa\u0161man je savr\u0161ena destinacija za opu\u0161tanje s brojnim pje\u0161\u010danim pla\u017eama, uvalama i mediteranskom florom i faunom.\" \/>\n<meta property=\"og:url\" content=\"https:\/\/villa-pasman.com\/hr\/o-pasmanu\/\" \/>\n<meta property=\"og:site_name\" content=\"Homes4You Villa Pasman\" \/>\n<meta property=\"article:modified_time\" content=\"2019-12-16T15:39:26+00:00\" \/>\n<meta name=\"twitter:card\" content=\"summary_large_image\" \/>\n<meta name=\"twitter:label1\" content=\"Procijenjeno vrijeme \u010ditanja\" \/>\n\t<meta name=\"twitter:data1\" content=\"4 minute\" \/>\n<script type=\"application\/ld+json\" class=\"yoast-schema-graph\">{\"@context\":\"https:\\\/\\\/schema.org\",\"@graph\":[{\"@type\":\"WebPage\",\"@id\":\"https:\\\/\\\/villa-pasman.com\\\/hr\\\/o-pasmanu\\\/\",\"url\":\"https:\\\/\\\/villa-pasman.com\\\/hr\\\/o-pasmanu\\\/\",\"name\":\"O otoku Pa\u0161manu | Kraj | Homes4You Vila Pa\u0161man\",\"isPartOf\":{\"@id\":\"https:\\\/\\\/villa-pasman.com\\\/hr\\\/#website\"},\"datePublished\":\"2019-12-12T17:00:28+00:00\",\"dateModified\":\"2019-12-16T15:39:26+00:00\",\"description\":\"Otok Pa\u0161man je savr\u0161ena destinacija za opu\u0161tanje s brojnim pje\u0161\u010danim pla\u017eama, uvalama i mediteranskom florom i faunom.\",\"breadcrumb\":{\"@id\":\"https:\\\/\\\/villa-pasman.com\\\/hr\\\/o-pasmanu\\\/#breadcrumb\"},\"inLanguage\":\"hr\",\"potentialAction\":[{\"@type\":\"ReadAction\",\"target\":[\"https:\\\/\\\/villa-pasman.com\\\/hr\\\/o-pasmanu\\\/\"]}]},{\"@type\":\"BreadcrumbList\",\"@id\":\"https:\\\/\\\/villa-pasman.com\\\/hr\\\/o-pasmanu\\\/#breadcrumb\",\"itemListElement\":[{\"@type\":\"ListItem\",\"position\":1,\"name\":\"Po\u010detna stranica\",\"item\":\"https:\\\/\\\/villa-pasman.com\\\/hr\\\/\"},{\"@type\":\"ListItem\",\"position\":2,\"name\":\"O Pa\u0161manu\"}]},{\"@type\":\"WebSite\",\"@id\":\"https:\\\/\\\/villa-pasman.com\\\/hr\\\/#website\",\"url\":\"https:\\\/\\\/villa-pasman.com\\\/hr\\\/\",\"name\":\"Homes4You Villa Pasman\",\"description\":\"Rent luxury Villa Complex\",\"potentialAction\":[{\"@type\":\"SearchAction\",\"target\":{\"@type\":\"EntryPoint\",\"urlTemplate\":\"https:\\\/\\\/villa-pasman.com\\\/hr\\\/?s={search_term_string}\"},\"query-input\":{\"@type\":\"PropertyValueSpecification\",\"valueRequired\":true,\"valueName\":\"search_term_string\"}}],\"inLanguage\":\"hr\"}]}<\/script>\n<!-- \/ Yoast SEO plugin. -->","yoast_head_json":{"title":"O otoku Pa\u0161manu | Kraj | Homes4You Vila Pa\u0161man","description":"Otok Pa\u0161man je savr\u0161ena destinacija za opu\u0161tanje s brojnim pje\u0161\u010danim pla\u017eama, uvalama i mediteranskom florom i faunom.","robots":{"index":"index","follow":"follow","max-snippet":"max-snippet:-1","max-image-preview":"max-image-preview:large","max-video-preview":"max-video-preview:-1"},"canonical":"https:\/\/villa-pasman.com\/hr\/o-pasmanu\/","og_locale":"hr_HR","og_type":"article","og_title":"O otoku Pa\u0161manu | Kraj | Homes4You Vila Pa\u0161man","og_description":"Otok Pa\u0161man je savr\u0161ena destinacija za opu\u0161tanje s brojnim pje\u0161\u010danim pla\u017eama, uvalama i mediteranskom florom i faunom.","og_url":"https:\/\/villa-pasman.com\/hr\/o-pasmanu\/","og_site_name":"Homes4You Villa Pasman","article_modified_time":"2019-12-16T15:39:26+00:00","twitter_card":"summary_large_image","twitter_misc":{"Procijenjeno vrijeme \u010ditanja":"4 minute"},"schema":{"@context":"https:\/\/schema.org","@graph":[{"@type":"WebPage","@id":"https:\/\/villa-pasman.com\/hr\/o-pasmanu\/","url":"https:\/\/villa-pasman.com\/hr\/o-pasmanu\/","name":"O otoku Pa\u0161manu | Kraj | Homes4You Vila Pa\u0161man","isPartOf":{"@id":"https:\/\/villa-pasman.com\/hr\/#website"},"datePublished":"2019-12-12T17:00:28+00:00","dateModified":"2019-12-16T15:39:26+00:00","description":"Otok Pa\u0161man je savr\u0161ena destinacija za opu\u0161tanje s brojnim pje\u0161\u010danim pla\u017eama, uvalama i mediteranskom florom i faunom.","breadcrumb":{"@id":"https:\/\/villa-pasman.com\/hr\/o-pasmanu\/#breadcrumb"},"inLanguage":"hr","potentialAction":[{"@type":"ReadAction","target":["https:\/\/villa-pasman.com\/hr\/o-pasmanu\/"]}]},{"@type":"BreadcrumbList","@id":"https:\/\/villa-pasman.com\/hr\/o-pasmanu\/#breadcrumb","itemListElement":[{"@type":"ListItem","position":1,"name":"Po\u010detna stranica","item":"https:\/\/villa-pasman.com\/hr\/"},{"@type":"ListItem","position":2,"name":"O Pa\u0161manu"}]},{"@type":"WebSite","@id":"https:\/\/villa-pasman.com\/hr\/#website","url":"https:\/\/villa-pasman.com\/hr\/","name":"Homes4You Villa Pasman","description":"Rent luxury Villa Complex","potentialAction":[{"@type":"SearchAction","target":{"@type":"EntryPoint","urlTemplate":"https:\/\/villa-pasman.com\/hr\/?s={search_term_string}"},"query-input":{"@type":"PropertyValueSpecification","valueRequired":true,"valueName":"search_term_string"}}],"inLanguage":"hr"}]}},"_links":{"self":[{"href":"https:\/\/villa-pasman.com\/hr\/wp-json\/wp\/v2\/pages\/811","targetHints":{"allow":["GET"]}}],"collection":[{"href":"https:\/\/villa-pasman.com\/hr\/wp-json\/wp\/v2\/pages"}],"about":[{"href":"https:\/\/villa-pasman.com\/hr\/wp-json\/wp\/v2\/types\/page"}],"author":[{"embeddable":true,"href":"https:\/\/villa-pasman.com\/hr\/wp-json\/wp\/v2\/users\/1"}],"replies":[{"embeddable":true,"href":"https:\/\/villa-pasman.com\/hr\/wp-json\/wp\/v2\/comments?post=811"}],"version-history":[{"count":2,"href":"https:\/\/villa-pasman.com\/hr\/wp-json\/wp\/v2\/pages\/811\/revisions"}],"predecessor-version":[{"id":948,"href":"https:\/\/villa-pasman.com\/hr\/wp-json\/wp\/v2\/pages\/811\/revisions\/948"}],"wp:attachment":[{"href":"https:\/\/villa-pasman.com\/hr\/wp-json\/wp\/v2\/media?parent=811"}],"curies":[{"name":"wp","href":"https:\/\/api.w.org\/{rel}","templated":true}]}}