{"id":817,"date":"2019-12-12T18:58:31","date_gmt":"2019-12-12T17:58:31","guid":{"rendered":"http:\/\/villa-pasman.com\/dodatna-usluga\/"},"modified":"2023-06-27T12:20:06","modified_gmt":"2023-06-27T10:20:06","slug":"dodatna-usluga","status":"publish","type":"page","link":"https:\/\/villa-pasman.com\/hr\/dodatna-usluga\/","title":{"rendered":"Dodatna usluga"},"content":{"rendered":"<p>[vc_row css_animation=&#8221;&#8221; row_type=&#8221;row&#8221; use_row_as_full_screen_section=&#8221;no&#8221; type=&#8221;grid&#8221; angled_section=&#8221;no&#8221; text_align=&#8221;left&#8221; background_image_as_pattern=&#8221;without_pattern&#8221; padding_top=&#8221;30&#8243; padding_bottom=&#8221;30&#8243; z_index=&#8221;&#8221; css=&#8221;.vc_custom_1575558183940{padding-top: 5% !important;padding-bottom: 5% !important;background-color: #f2f2f2 !important;}&#8221;][vc_column][vc_row_inner row_type=&#8221;row&#8221; type=&#8221;full_width&#8221; text_align=&#8221;left&#8221; css_animation=&#8221;&#8221;][vc_column_inner width=&#8221;1\/2&#8243;][vc_column_text]<\/p>\n<h2>Privatni obilazak otoka brodom<\/h2>\n<p>[\/vc_column_text][vc_separator type=&#8221;small&#8221; position=&#8221;center&#8221; color=&#8221;#0a0a0a&#8221; transparency=&#8221;1&#8243; thickness=&#8221;1&#8243; width=&#8221;63&#8243; up=&#8221;21&#8243; down=&#8221;20&#8243;][vc_column_text]Jadranska obala nudi obilje prekrasnih lokacija koje ne smijete propustiti za vrijeme svog odmora. Oto\u010dje Kornata svakako spada u jednu od tih lokacija. Poznata legenda ka\u017ee kako je pri stvaranju svijeta Bogu preostalo pregr\u0161t bijelih stijena koje je nasumice bacio preko ramena, s namjerom da \u0107e ih kasnije poslo\u017eiti. No, kad se okrenuo vidjeo je da su se prekrasno poslo\u017eili i odlu\u010dio ih je ostaviti upravo takvima.<\/p>\n<p>&nbsp;<\/p>\n<p>Pa\u0161man je otok sre\u0107e,malih ljudi velikog srce, u \u0161to \u0107ete se i uvjeriti za vrijeme svog posjeta. Dok ste na Pa\u0161manu, za\u0161to ne iskoristiti priliku da istra\u017eite okolne destinacije koje \u0107e Vas ostaviti jednako odu\u0161evljenima.[\/vc_column_text][\/vc_column_inner][vc_column_inner width=&#8221;1\/2&#8243;][vc_single_image image=&#8221;681&#8243; img_size=&#8221;full&#8221; alignment=&#8221;center&#8221; qode_css_animation=&#8221;&#8221;][vc_empty_space][\/vc_column_inner][\/vc_row_inner][vc_empty_space][vc_column_text]U na\u0161oj ponudi imamo razli\u010dita odredi\u0161ta i rute za privatne izlete brodom, koji su savr\u0161ena prilika za istra\u017eivanje i otkrivanje Jadranske obale. Na na\u0161im privatnim turama otoka mo\u017eete dobiti savr\u0161en dojam hrvatskog morskog pejza\u017ea.<\/p>\n<p>&nbsp;<\/p>\n<p>Stojimo Vam na raspolaganju, kako bi na licu mjesta dogovorili i organizirali nezaboravni obilazak Jadranske obale skrojen upravo po Va\u0161im \u017eeljama i potrebama.<\/p>\n<p>&nbsp;<\/p>\n<p>Ako \u017eelite dogovoriti svoju privatnu turu prije dolaska na Pa\u0161man, slobodno nas kontaktirajte. Stojimo Vam na raspolaganju![\/vc_column_text][vc_empty_space][vc_gallery type=&#8221;image_grid&#8221; images=&#8221;703,677,686,1012,1015,1018,1021,1047,1052,1055,1058,1061,1064,1067&#8243; img_size=&#8221;300&#215;250&#8243; column_number=&#8221;4&#8243; grayscale=&#8221;no&#8221; images_space=&#8221;gallery_with_space&#8221;][\/vc_column][\/vc_row][vc_row css_animation=&#8221;&#8221; row_type=&#8221;row&#8221; use_row_as_full_screen_section=&#8221;no&#8221; type=&#8221;grid&#8221; angled_section=&#8221;no&#8221; text_align=&#8221;center&#8221; background_image_as_pattern=&#8221;without_pattern&#8221; padding_top=&#8221;135&#8243; padding_bottom=&#8221;103&#8243; z_index=&#8221;&#8221; css=&#8221;.vc_custom_1575631092561{padding-top: 2% !important;padding-right: 5% !important;padding-bottom: 5% !important;padding-left: 5% !important;background: #f2f0ef url(http:\/\/villa-pasman.com\/wp-content\/uploads\/2019\/12\/pasman-coast.jpg?id=683) !important;background-position: center !important;background-repeat: no-repeat !important;background-size: cover !important;}&#8221; el_class=&#8221;centriraj&#8221;][vc_column css=&#8221;.vc_custom_1573634420134{padding-top: 10% !important;padding-right: 2% !important;padding-bottom: 5% !important;padding-left: 2% !important;}&#8221;][vc_row_inner row_type=&#8221;row&#8221; type=&#8221;full_width&#8221; text_align=&#8221;left&#8221; css_animation=&#8221;&#8221;][vc_column_inner width=&#8221;1\/4&#8243;][\/vc_column_inner][vc_column_inner el_class=&#8221;centriraj&#8221; width=&#8221;1\/2&#8243; css=&#8221;.vc_custom_1573635678644{padding-top: 10% !important;padding-right: 5% !important;padding-bottom: 5% !important;padding-left: 5% !important;background-color: rgba(255,255,255,0.9) !important;*background-color: rgb(255,255,255) !important;}&#8221;][vc_column_text]<\/p>\n<h2>Rezervirajte privatnu turu<\/h2>\n<p>[\/vc_column_text][vc_separator type=&#8221;small&#8221; position=&#8221;center&#8221; color=&#8221;#0a0a0a&#8221; transparency=&#8221;1&#8243; thickness=&#8221;1&#8243; width=&#8221;63&#8243; up=&#8221;31&#8243; down=&#8221;48&#8243;]\n<div class=\"wpcf7 no-js\" id=\"wpcf7-f829-o1\" lang=\"en-US\" dir=\"ltr\" data-wpcf7-id=\"829\">\n<div class=\"screen-reader-response\"><p role=\"status\" aria-live=\"polite\" aria-atomic=\"true\"><\/p> <ul><\/ul><\/div>\n<form action=\"\/hr\/wp-json\/wp\/v2\/pages\/817#wpcf7-f829-o1\" method=\"post\" class=\"wpcf7-form init default\" aria-label=\"Contact form\" novalidate=\"novalidate\" data-status=\"init\">\n<fieldset class=\"hidden-fields-container\"><input type=\"hidden\" name=\"_wpcf7\" value=\"829\" \/><input type=\"hidden\" name=\"_wpcf7_version\" value=\"6.1.5\" \/><input type=\"hidden\" name=\"_wpcf7_locale\" value=\"en_US\" \/><input type=\"hidden\" name=\"_wpcf7_unit_tag\" value=\"wpcf7-f829-o1\" \/><input type=\"hidden\" name=\"_wpcf7_container_post\" value=\"0\" \/><input type=\"hidden\" name=\"_wpcf7_posted_data_hash\" value=\"\" \/><input type=\"hidden\" name=\"_wpcf7_recaptcha_response\" value=\"\" \/>\n<\/fieldset>\n<div class=\"bijela-pozadina\">\n\t<p><span class=\"wpcf7-form-control-wrap\" data-name=\"ime\"><input size=\"40\" maxlength=\"400\" class=\"wpcf7-form-control wpcf7-text wpcf7-validates-as-required\" aria-required=\"true\" aria-invalid=\"false\" placeholder=\"Va\u0161e ime*\" value=\"\" type=\"text\" name=\"ime\" \/><\/span>\n\t<\/p>\n<\/div>\n<div class=\"bijela-pozadina\">\n\t<p><span class=\"wpcf7-form-control-wrap\" data-name=\"mail\"><input size=\"40\" maxlength=\"400\" class=\"wpcf7-form-control wpcf7-email wpcf7-validates-as-required wpcf7-text wpcf7-validates-as-email\" aria-required=\"true\" aria-invalid=\"false\" placeholder=\"Va\u0161 e-mail*\" value=\"\" type=\"email\" name=\"mail\" \/><\/span>\n\t<\/p>\n<\/div>\n<div class=\"bijela-pozadina\">\n\t<p><span class=\"wpcf7-form-control-wrap\" data-name=\"dolazak\"><input class=\"wpcf7-form-control wpcf7-date wpcf7-validates-as-required wpcf7-validates-as-date\" aria-required=\"true\" aria-invalid=\"false\" value=\"\" type=\"date\" name=\"dolazak\" \/><\/span>\n\t<\/p>\n<\/div>\n<div class=\"bijela-pozadina\">\n\t<p><span class=\"wpcf7-form-control-wrap\" data-name=\"odlazak\"><input class=\"wpcf7-form-control wpcf7-date wpcf7-validates-as-required wpcf7-validates-as-date\" aria-required=\"true\" aria-invalid=\"false\" value=\"\" type=\"date\" name=\"odlazak\" \/><\/span>\n\t<\/p>\n<\/div>\n<div class=\"bijela-pozadina\">\n\t<p><span class=\"wpcf7-form-control-wrap\" data-name=\"broj\"><input class=\"wpcf7-form-control wpcf7-number wpcf7-validates-as-required wpcf7-validates-as-number\" min=\"1\" max=\"24\" aria-required=\"true\" aria-invalid=\"false\" placeholder=\"Broj ljudi\" value=\"\" type=\"number\" name=\"broj\" \/><\/span>\n\t<\/p>\n<\/div>\n<div class=\"bijela-pozadina\">\n\t<p><span class=\"wpcf7-form-control-wrap\" data-name=\"poruka\"><textarea cols=\"40\" rows=\"10\" maxlength=\"2000\" class=\"wpcf7-form-control wpcf7-textarea\" aria-invalid=\"false\" placeholder=\"Poruka\" name=\"poruka\"><\/textarea><\/span>\n\t<\/p>\n<\/div>\n<div>\n\t<p><span class=\"wpcf7-form-control-wrap\" data-name=\"gdpr-acceptance\"><span class=\"wpcf7-form-control wpcf7-acceptance\"><span class=\"wpcf7-list-item\"><label><input type=\"checkbox\" name=\"gdpr-acceptance\" value=\"1\" aria-invalid=\"false\" \/><span class=\"wpcf7-list-item-label\">Ozna\u010dite da pristajete da se Va\u0161i podaci pohranjuju u skladu s navedenim smjernicama u na\u0161oj <a href=\"https:\/\/villa-pasman.com\/hr\/izjava-o-privatnosti\/\" target=\"_blank\">izjavi o privatnosti<\/a><\/span><\/label><\/span><\/span><\/span>\n\t<\/p>\n<\/div>\n<p><input class=\"wpcf7-form-control wpcf7-submit has-spinner\" type=\"submit\" value=\"Po\u0161alji\" \/>\n<\/p><div class=\"wpcf7-response-output\" aria-hidden=\"true\"><\/div>\n<\/form>\n<\/div>\n[\/vc_column_inner][vc_column_inner width=&#8221;1\/4&#8243;][\/vc_column_inner][\/vc_row_inner][\/vc_column][\/vc_row]<\/p>\n","protected":false},"excerpt":{"rendered":"<p>[vc_row css_animation=&#8221;&#8221; row_type=&#8221;row&#8221; use_row_as_full_screen_section=&#8221;no&#8221; type=&#8221;grid&#8221; angled_section=&#8221;no&#8221; text_align=&#8221;left&#8221; background_image_as_pattern=&#8221;without_pattern&#8221; padding_top=&#8221;30&#8243; padding_bottom=&#8221;30&#8243; z_index=&#8221;&#8221; css=&#8221;.vc_custom_1575558183940{padding-top: 5% !important;padding-bottom: 5% !important;background-color: #f2f2f2 !important;}&#8221;][vc_column][vc_row_inner row_type=&#8221;row&#8221; type=&#8221;full_width&#8221; text_align=&#8221;left&#8221; css_animation=&#8221;&#8221;][vc_column_inner width=&#8221;1\/2&#8243;][vc_column_text] Privatni obilazak otoka brodom [\/vc_column_text][vc_separator type=&#8221;small&#8221; position=&#8221;center&#8221; color=&#8221;#0a0a0a&#8221; transparency=&#8221;1&#8243; thickness=&#8221;1&#8243; width=&#8221;63&#8243; up=&#8221;21&#8243; down=&#8221;20&#8243;][vc_column_text]Jadranska obala nudi obilje prekrasnih lokacija koje ne smijete propustiti&#8230;<\/p>\n","protected":false},"author":1,"featured_media":0,"parent":0,"menu_order":0,"comment_status":"closed","ping_status":"closed","template":"full_width.php","meta":{"footnotes":""},"class_list":["post-817","page","type-page","status-publish","hentry"],"yoast_head":"<!-- This site is optimized with the Yoast SEO plugin v27.5 - https:\/\/yoast.com\/product\/yoast-seo-wordpress\/ -->\n<title>Dodatna usluga | Privatni obilazak otoka brodom | Homes4You<\/title>\n<meta name=\"description\" content=\"U na\u0161oj ponudi imamo razli\u010dita odredi\u0161ta i rute za privatne izlete brodom, koji su savr\u0161ena prilika za istra\u017eivanje i otkrivanje Jadranske obale.\" \/>\n<meta name=\"robots\" content=\"index, follow, max-snippet:-1, max-image-preview:large, max-video-preview:-1\" \/>\n<link rel=\"canonical\" href=\"https:\/\/villa-pasman.com\/hr\/dodatna-usluga\/\" \/>\n<meta property=\"og:locale\" content=\"hr_HR\" \/>\n<meta property=\"og:type\" content=\"article\" \/>\n<meta property=\"og:title\" content=\"Dodatna usluga | Privatni obilazak otoka brodom | Homes4You\" \/>\n<meta property=\"og:description\" content=\"U na\u0161oj ponudi imamo razli\u010dita odredi\u0161ta i rute za privatne izlete brodom, koji su savr\u0161ena prilika za istra\u017eivanje i otkrivanje Jadranske obale.\" \/>\n<meta property=\"og:url\" content=\"https:\/\/villa-pasman.com\/hr\/dodatna-usluga\/\" \/>\n<meta property=\"og:site_name\" content=\"Homes4You Villa Pasman\" \/>\n<meta property=\"article:modified_time\" content=\"2023-06-27T10:20:06+00:00\" \/>\n<meta name=\"twitter:card\" content=\"summary_large_image\" \/>\n<meta name=\"twitter:label1\" content=\"Procijenjeno vrijeme \u010ditanja\" \/>\n\t<meta name=\"twitter:data1\" content=\"2 minute\" \/>\n<script type=\"application\/ld+json\" class=\"yoast-schema-graph\">{\"@context\":\"https:\\\/\\\/schema.org\",\"@graph\":[{\"@type\":\"WebPage\",\"@id\":\"https:\\\/\\\/villa-pasman.com\\\/hr\\\/dodatna-usluga\\\/\",\"url\":\"https:\\\/\\\/villa-pasman.com\\\/hr\\\/dodatna-usluga\\\/\",\"name\":\"Dodatna usluga | Privatni obilazak otoka brodom | Homes4You\",\"isPartOf\":{\"@id\":\"https:\\\/\\\/villa-pasman.com\\\/hr\\\/#website\"},\"datePublished\":\"2019-12-12T17:58:31+00:00\",\"dateModified\":\"2023-06-27T10:20:06+00:00\",\"description\":\"U na\u0161oj ponudi imamo razli\u010dita odredi\u0161ta i rute za privatne izlete brodom, koji su savr\u0161ena prilika za istra\u017eivanje i otkrivanje Jadranske obale.\",\"breadcrumb\":{\"@id\":\"https:\\\/\\\/villa-pasman.com\\\/hr\\\/dodatna-usluga\\\/#breadcrumb\"},\"inLanguage\":\"hr\",\"potentialAction\":[{\"@type\":\"ReadAction\",\"target\":[\"https:\\\/\\\/villa-pasman.com\\\/hr\\\/dodatna-usluga\\\/\"]}]},{\"@type\":\"BreadcrumbList\",\"@id\":\"https:\\\/\\\/villa-pasman.com\\\/hr\\\/dodatna-usluga\\\/#breadcrumb\",\"itemListElement\":[{\"@type\":\"ListItem\",\"position\":1,\"name\":\"Po\u010detna stranica\",\"item\":\"https:\\\/\\\/villa-pasman.com\\\/hr\\\/\"},{\"@type\":\"ListItem\",\"position\":2,\"name\":\"Dodatna usluga\"}]},{\"@type\":\"WebSite\",\"@id\":\"https:\\\/\\\/villa-pasman.com\\\/hr\\\/#website\",\"url\":\"https:\\\/\\\/villa-pasman.com\\\/hr\\\/\",\"name\":\"Homes4You Villa Pasman\",\"description\":\"Rent luxury Villa Complex\",\"potentialAction\":[{\"@type\":\"SearchAction\",\"target\":{\"@type\":\"EntryPoint\",\"urlTemplate\":\"https:\\\/\\\/villa-pasman.com\\\/hr\\\/?s={search_term_string}\"},\"query-input\":{\"@type\":\"PropertyValueSpecification\",\"valueRequired\":true,\"valueName\":\"search_term_string\"}}],\"inLanguage\":\"hr\"}]}<\/script>\n<!-- \/ Yoast SEO plugin. -->","yoast_head_json":{"title":"Dodatna usluga | Privatni obilazak otoka brodom | Homes4You","description":"U na\u0161oj ponudi imamo razli\u010dita odredi\u0161ta i rute za privatne izlete brodom, koji su savr\u0161ena prilika za istra\u017eivanje i otkrivanje Jadranske obale.","robots":{"index":"index","follow":"follow","max-snippet":"max-snippet:-1","max-image-preview":"max-image-preview:large","max-video-preview":"max-video-preview:-1"},"canonical":"https:\/\/villa-pasman.com\/hr\/dodatna-usluga\/","og_locale":"hr_HR","og_type":"article","og_title":"Dodatna usluga | Privatni obilazak otoka brodom | Homes4You","og_description":"U na\u0161oj ponudi imamo razli\u010dita odredi\u0161ta i rute za privatne izlete brodom, koji su savr\u0161ena prilika za istra\u017eivanje i otkrivanje Jadranske obale.","og_url":"https:\/\/villa-pasman.com\/hr\/dodatna-usluga\/","og_site_name":"Homes4You Villa Pasman","article_modified_time":"2023-06-27T10:20:06+00:00","twitter_card":"summary_large_image","twitter_misc":{"Procijenjeno vrijeme \u010ditanja":"2 minute"},"schema":{"@context":"https:\/\/schema.org","@graph":[{"@type":"WebPage","@id":"https:\/\/villa-pasman.com\/hr\/dodatna-usluga\/","url":"https:\/\/villa-pasman.com\/hr\/dodatna-usluga\/","name":"Dodatna usluga | Privatni obilazak otoka brodom | Homes4You","isPartOf":{"@id":"https:\/\/villa-pasman.com\/hr\/#website"},"datePublished":"2019-12-12T17:58:31+00:00","dateModified":"2023-06-27T10:20:06+00:00","description":"U na\u0161oj ponudi imamo razli\u010dita odredi\u0161ta i rute za privatne izlete brodom, koji su savr\u0161ena prilika za istra\u017eivanje i otkrivanje Jadranske obale.","breadcrumb":{"@id":"https:\/\/villa-pasman.com\/hr\/dodatna-usluga\/#breadcrumb"},"inLanguage":"hr","potentialAction":[{"@type":"ReadAction","target":["https:\/\/villa-pasman.com\/hr\/dodatna-usluga\/"]}]},{"@type":"BreadcrumbList","@id":"https:\/\/villa-pasman.com\/hr\/dodatna-usluga\/#breadcrumb","itemListElement":[{"@type":"ListItem","position":1,"name":"Po\u010detna stranica","item":"https:\/\/villa-pasman.com\/hr\/"},{"@type":"ListItem","position":2,"name":"Dodatna usluga"}]},{"@type":"WebSite","@id":"https:\/\/villa-pasman.com\/hr\/#website","url":"https:\/\/villa-pasman.com\/hr\/","name":"Homes4You Villa Pasman","description":"Rent luxury Villa Complex","potentialAction":[{"@type":"SearchAction","target":{"@type":"EntryPoint","urlTemplate":"https:\/\/villa-pasman.com\/hr\/?s={search_term_string}"},"query-input":{"@type":"PropertyValueSpecification","valueRequired":true,"valueName":"search_term_string"}}],"inLanguage":"hr"}]}},"_links":{"self":[{"href":"https:\/\/villa-pasman.com\/hr\/wp-json\/wp\/v2\/pages\/817","targetHints":{"allow":["GET"]}}],"collection":[{"href":"https:\/\/villa-pasman.com\/hr\/wp-json\/wp\/v2\/pages"}],"about":[{"href":"https:\/\/villa-pasman.com\/hr\/wp-json\/wp\/v2\/types\/page"}],"author":[{"embeddable":true,"href":"https:\/\/villa-pasman.com\/hr\/wp-json\/wp\/v2\/users\/1"}],"replies":[{"embeddable":true,"href":"https:\/\/villa-pasman.com\/hr\/wp-json\/wp\/v2\/comments?post=817"}],"version-history":[{"count":7,"href":"https:\/\/villa-pasman.com\/hr\/wp-json\/wp\/v2\/pages\/817\/revisions"}],"predecessor-version":[{"id":1103,"href":"https:\/\/villa-pasman.com\/hr\/wp-json\/wp\/v2\/pages\/817\/revisions\/1103"}],"wp:attachment":[{"href":"https:\/\/villa-pasman.com\/hr\/wp-json\/wp\/v2\/media?parent=817"}],"curies":[{"name":"wp","href":"https:\/\/api.w.org\/{rel}","templated":true}]}}