{"id":821,"date":"2019-12-12T19:11:20","date_gmt":"2019-12-12T18:11:20","guid":{"rendered":"http:\/\/villa-pasman.com\/kontaktirajte-nas\/"},"modified":"2020-11-12T13:30:54","modified_gmt":"2020-11-12T12:30:54","slug":"kontaktirajte-nas","status":"publish","type":"page","link":"https:\/\/villa-pasman.com\/hr\/kontaktirajte-nas\/","title":{"rendered":"Kontaktirajte nas"},"content":{"rendered":"<p>[vc_row css_animation=&#8221;&#8221; row_type=&#8221;row&#8221; use_row_as_full_screen_section=&#8221;no&#8221; type=&#8221;grid&#8221; angled_section=&#8221;no&#8221; text_align=&#8221;left&#8221; background_image_as_pattern=&#8221;without_pattern&#8221; z_index=&#8221;&#8221; el_class=&#8221;redak&#8221; css=&#8221;.vc_custom_1575020545012{padding-top: 116px !important;padding-bottom: 108px !important;}&#8221;][vc_column offset=&#8221;vc_col-md-4&#8243;][qode_elements_holder number_of_columns=&#8221;one_column&#8221;][qode_elements_holder_item advanced_animations=&#8221;no&#8221; item_padding=&#8221;0 0 0 0&#8243; item_padding_600_768=&#8221;0 0 50px 0&#8243; item_padding_480_600=&#8221;0 0 50px 0&#8243; item_padding_480=&#8221;0 0 50px 0&#8243;][vc_column_text]<\/p>\n<h2>Ostanite u kontaktu s nama<\/h2>\n<p>[\/vc_column_text][vc_separator type=&#8221;small&#8221; position=&#8221;left&#8221; color=&#8221;#0a0a0a&#8221; transparency=&#8221;1&#8243; thickness=&#8221;1&#8243; width=&#8221;63&#8243; up=&#8221;19&#8243; down=&#8221;30&#8243;][vc_column_text]Potrebno Vam je vi\u0161e informacija o Vili Pa\u0161man? Slobodno nam po\u0161aljite poruku.[\/vc_column_text][vc_empty_space height=&#8221;36px&#8221;][vc_column_text]<\/p>\n<h4>ID COMPANY D.O.O.<\/h4>\n<p>[\/vc_column_text][vc_empty_space height=&#8221;18px&#8221;][vc_column_text]Brajde 10, Kraj<br \/>\n23212 Tkon, Hrvatska<br \/>\nE-mail: info@homes4you.eu<br \/>\nTelefon: +385 99 600 2000<br \/>\nOIB: 03513259614[\/vc_column_text][vc_empty_space height=&#8221;18px&#8221;]<span class='q_social_icon_holder square_social' data-color=#ffffff data-hover-background-color=#000000 ><a itemprop='url' href='https:\/\/www.facebook.com\/homes4you.eu\/' target='_blank'><span class='fa-stack fa-lg' style='background-color: #afafaf;'><i class=\"qode_icon_font_awesome fa fa-facebook \" style=\"color: #ffffff;\" ><\/i><\/span><\/a><\/span><span class='q_social_icon_holder square_social' data-color=#ffffff data-hover-background-color=#000000 ><a itemprop='url' href='https:\/\/www.instagram.com\/homes4you.eu\/' target='_blank'><span class='fa-stack fa-lg' style='background-color: #afafaf;'><i class=\"qode_icon_font_awesome fa fa-instagram \" style=\"color: #ffffff;\" ><\/i><\/span><\/a><\/span><span class='q_social_icon_holder square_social' data-color=#ffffff data-hover-background-color=#000000 ><a itemprop='url' href='https:\/\/www.tripadvisor.com\/VacationRentalReview-g15247324-d19063829-Homes4You_Complex-Kraj_Pasman_Island_Zadar_County_Dalmatia.html' target='_blank'><span class='fa-stack fa-lg' style='background-color: #afafaf;'><i class=\"qode_icon_font_awesome fa fa-tripadvisor \" style=\"color: #ffffff;\" ><\/i><\/span><\/a><\/span>[\/qode_elements_holder_item][\/qode_elements_holder][\/vc_column][vc_column offset=&#8221;vc_col-md-8&#8243;][qode_elements_holder number_of_columns=&#8221;one_column&#8221;][qode_elements_holder_item advanced_animations=&#8221;no&#8221; item_padding=&#8221;13px 0 0 0&#8243; item_padding_1024_1280=&#8221;0px 0 0 0&#8243; item_padding_768_1024=&#8221;0px 0 0 0&#8243;]\n<div class=\"wpcf7 no-js\" id=\"wpcf7-f831-o1\" lang=\"en-US\" dir=\"ltr\" data-wpcf7-id=\"831\">\n<div class=\"screen-reader-response\"><p role=\"status\" aria-live=\"polite\" aria-atomic=\"true\"><\/p> <ul><\/ul><\/div>\n<form action=\"\/hr\/wp-json\/wp\/v2\/pages\/821#wpcf7-f831-o1\" method=\"post\" class=\"wpcf7-form init cf7_custom_style_2\" aria-label=\"Contact form\" novalidate=\"novalidate\" data-status=\"init\">\n<fieldset class=\"hidden-fields-container\"><input type=\"hidden\" name=\"_wpcf7\" value=\"831\" \/><input type=\"hidden\" name=\"_wpcf7_version\" value=\"6.1.5\" \/><input type=\"hidden\" name=\"_wpcf7_locale\" value=\"en_US\" \/><input type=\"hidden\" name=\"_wpcf7_unit_tag\" value=\"wpcf7-f831-o1\" \/><input type=\"hidden\" name=\"_wpcf7_container_post\" value=\"0\" \/><input type=\"hidden\" name=\"_wpcf7_posted_data_hash\" value=\"\" \/><input type=\"hidden\" name=\"_wpcf7_recaptcha_response\" value=\"\" \/>\n<\/fieldset>\n<div>\n\t<p><span class=\"wpcf7-form-control-wrap\" data-name=\"ime\"><input size=\"40\" maxlength=\"400\" class=\"wpcf7-form-control wpcf7-text wpcf7-validates-as-required\" aria-required=\"true\" aria-invalid=\"false\" placeholder=\"Va\u0161e ime*\" value=\"\" type=\"text\" name=\"ime\" \/><\/span>\n\t<\/p>\n<\/div>\n<div>\n\t<p><span class=\"wpcf7-form-control-wrap\" data-name=\"mail\"><input size=\"40\" maxlength=\"400\" class=\"wpcf7-form-control wpcf7-email wpcf7-validates-as-required wpcf7-text wpcf7-validates-as-email\" aria-required=\"true\" aria-invalid=\"false\" placeholder=\"Va\u0161 e-mail*\" value=\"\" type=\"email\" name=\"mail\" \/><\/span>\n\t<\/p>\n<\/div>\n<div>\n\t<p><span class=\"wpcf7-form-control-wrap\" data-name=\"subject\"><input size=\"40\" maxlength=\"400\" class=\"wpcf7-form-control wpcf7-text wpcf7-validates-as-required\" aria-required=\"true\" aria-invalid=\"false\" placeholder=\"Predmet*\" value=\"\" type=\"text\" name=\"subject\" \/><\/span>\n\t<\/p>\n<\/div>\n<div>\n\t<p><span class=\"wpcf7-form-control-wrap\" data-name=\"poruka\"><textarea cols=\"40\" rows=\"10\" maxlength=\"2000\" class=\"wpcf7-form-control wpcf7-textarea\" aria-invalid=\"false\" placeholder=\"Poruka\" name=\"poruka\"><\/textarea><\/span>\n\t<\/p>\n<\/div>\n<div>\n\t<p><span class=\"wpcf7-form-control-wrap\" data-name=\"gdpr-acceptance\"><span class=\"wpcf7-form-control wpcf7-acceptance\"><span class=\"wpcf7-list-item\"><label><input type=\"checkbox\" name=\"gdpr-acceptance\" value=\"1\" aria-invalid=\"false\" \/><span class=\"wpcf7-list-item-label\">Ozna\u010dite da pristajete da se Va\u0161i podaci pohranjuju u skladu s navedenim smjernicama u na\u0161oj <a href=\"https:\/\/villa-pasman.com\/hr\/izjava-o-privatnosti\/\" target=\"_blank\">izjavi o privatnosti<\/a><\/span><\/label><\/span><\/span><\/span>\n\t<\/p>\n<\/div>\n<p><input class=\"wpcf7-form-control wpcf7-submit has-spinner\" type=\"submit\" value=\"Po\u0161alji\" \/>\n<\/p><div class=\"wpcf7-response-output\" aria-hidden=\"true\"><\/div>\n<\/form>\n<\/div>\n[\/qode_elements_holder_item][\/qode_elements_holder][\/vc_column][\/vc_row]<\/p>\n","protected":false},"excerpt":{"rendered":"<p>[vc_row css_animation=&#8221;&#8221; row_type=&#8221;row&#8221; use_row_as_full_screen_section=&#8221;no&#8221; type=&#8221;grid&#8221; angled_section=&#8221;no&#8221; text_align=&#8221;left&#8221; background_image_as_pattern=&#8221;without_pattern&#8221; z_index=&#8221;&#8221; el_class=&#8221;redak&#8221; css=&#8221;.vc_custom_1575020545012{padding-top: 116px !important;padding-bottom: 108px !important;}&#8221;][vc_column offset=&#8221;vc_col-md-4&#8243;][qode_elements_holder number_of_columns=&#8221;one_column&#8221;][qode_elements_holder_item advanced_animations=&#8221;no&#8221; item_padding=&#8221;0 0 0 0&#8243; item_padding_600_768=&#8221;0 0 50px 0&#8243; item_padding_480_600=&#8221;0 0 50px 0&#8243; item_padding_480=&#8221;0 0 50px 0&#8243;][vc_column_text] Ostanite u kontaktu s nama [\/vc_column_text][vc_separator type=&#8221;small&#8221; position=&#8221;left&#8221; color=&#8221;#0a0a0a&#8221; transparency=&#8221;1&#8243; thickness=&#8221;1&#8243;&#8230;<\/p>\n","protected":false},"author":1,"featured_media":0,"parent":0,"menu_order":0,"comment_status":"closed","ping_status":"closed","template":"full_width.php","meta":{"footnotes":""},"class_list":["post-821","page","type-page","status-publish","hentry"],"yoast_head":"<!-- This site is optimized with the Yoast SEO plugin v27.5 - https:\/\/yoast.com\/product\/yoast-seo-wordpress\/ -->\n<title>Kontaktirajte nas | Homes4You Vila Pa\u0161man | Rezerviraj Vilu Pa\u0161man<\/title>\n<meta name=\"description\" content=\"Sanjate vrhunski odmor na otoku? Na\u0161 kompleks villa Homes4You Vam pru\u017ea odli\u010dno okru\u017eenje upravo za to! Kontaktirajte nas ukoliko imate kakvih pitanja.\" \/>\n<meta name=\"robots\" content=\"index, follow, max-snippet:-1, max-image-preview:large, max-video-preview:-1\" \/>\n<link rel=\"canonical\" href=\"https:\/\/villa-pasman.com\/hr\/kontaktirajte-nas\/\" \/>\n<meta property=\"og:locale\" content=\"hr_HR\" \/>\n<meta property=\"og:type\" content=\"article\" \/>\n<meta property=\"og:title\" content=\"Kontaktirajte nas | Homes4You Vila Pa\u0161man | Rezerviraj Vilu Pa\u0161man\" \/>\n<meta property=\"og:description\" content=\"Sanjate vrhunski odmor na otoku? Na\u0161 kompleks villa Homes4You Vam pru\u017ea odli\u010dno okru\u017eenje upravo za to! Kontaktirajte nas ukoliko imate kakvih pitanja.\" \/>\n<meta property=\"og:url\" content=\"https:\/\/villa-pasman.com\/hr\/kontaktirajte-nas\/\" \/>\n<meta property=\"og:site_name\" content=\"Homes4You Villa Pasman\" \/>\n<meta property=\"article:modified_time\" content=\"2020-11-12T12:30:54+00:00\" \/>\n<meta name=\"twitter:card\" content=\"summary_large_image\" \/>\n<meta name=\"twitter:label1\" content=\"Procijenjeno vrijeme \u010ditanja\" \/>\n\t<meta name=\"twitter:data1\" content=\"2 minute\" \/>\n<script type=\"application\/ld+json\" class=\"yoast-schema-graph\">{\"@context\":\"https:\\\/\\\/schema.org\",\"@graph\":[{\"@type\":\"WebPage\",\"@id\":\"https:\\\/\\\/villa-pasman.com\\\/hr\\\/kontaktirajte-nas\\\/\",\"url\":\"https:\\\/\\\/villa-pasman.com\\\/hr\\\/kontaktirajte-nas\\\/\",\"name\":\"Kontaktirajte nas | Homes4You Vila Pa\u0161man | Rezerviraj Vilu Pa\u0161man\",\"isPartOf\":{\"@id\":\"https:\\\/\\\/villa-pasman.com\\\/hr\\\/#website\"},\"datePublished\":\"2019-12-12T18:11:20+00:00\",\"dateModified\":\"2020-11-12T12:30:54+00:00\",\"description\":\"Sanjate vrhunski odmor na otoku? Na\u0161 kompleks villa Homes4You Vam pru\u017ea odli\u010dno okru\u017eenje upravo za to! Kontaktirajte nas ukoliko imate kakvih pitanja.\",\"breadcrumb\":{\"@id\":\"https:\\\/\\\/villa-pasman.com\\\/hr\\\/kontaktirajte-nas\\\/#breadcrumb\"},\"inLanguage\":\"hr\",\"potentialAction\":[{\"@type\":\"ReadAction\",\"target\":[\"https:\\\/\\\/villa-pasman.com\\\/hr\\\/kontaktirajte-nas\\\/\"]}]},{\"@type\":\"BreadcrumbList\",\"@id\":\"https:\\\/\\\/villa-pasman.com\\\/hr\\\/kontaktirajte-nas\\\/#breadcrumb\",\"itemListElement\":[{\"@type\":\"ListItem\",\"position\":1,\"name\":\"Po\u010detna stranica\",\"item\":\"https:\\\/\\\/villa-pasman.com\\\/hr\\\/\"},{\"@type\":\"ListItem\",\"position\":2,\"name\":\"Kontaktirajte nas\"}]},{\"@type\":\"WebSite\",\"@id\":\"https:\\\/\\\/villa-pasman.com\\\/hr\\\/#website\",\"url\":\"https:\\\/\\\/villa-pasman.com\\\/hr\\\/\",\"name\":\"Homes4You Villa Pasman\",\"description\":\"Rent luxury Villa Complex\",\"potentialAction\":[{\"@type\":\"SearchAction\",\"target\":{\"@type\":\"EntryPoint\",\"urlTemplate\":\"https:\\\/\\\/villa-pasman.com\\\/hr\\\/?s={search_term_string}\"},\"query-input\":{\"@type\":\"PropertyValueSpecification\",\"valueRequired\":true,\"valueName\":\"search_term_string\"}}],\"inLanguage\":\"hr\"}]}<\/script>\n<!-- \/ Yoast SEO plugin. -->","yoast_head_json":{"title":"Kontaktirajte nas | Homes4You Vila Pa\u0161man | Rezerviraj Vilu Pa\u0161man","description":"Sanjate vrhunski odmor na otoku? Na\u0161 kompleks villa Homes4You Vam pru\u017ea odli\u010dno okru\u017eenje upravo za to! Kontaktirajte nas ukoliko imate kakvih pitanja.","robots":{"index":"index","follow":"follow","max-snippet":"max-snippet:-1","max-image-preview":"max-image-preview:large","max-video-preview":"max-video-preview:-1"},"canonical":"https:\/\/villa-pasman.com\/hr\/kontaktirajte-nas\/","og_locale":"hr_HR","og_type":"article","og_title":"Kontaktirajte nas | Homes4You Vila Pa\u0161man | Rezerviraj Vilu Pa\u0161man","og_description":"Sanjate vrhunski odmor na otoku? Na\u0161 kompleks villa Homes4You Vam pru\u017ea odli\u010dno okru\u017eenje upravo za to! Kontaktirajte nas ukoliko imate kakvih pitanja.","og_url":"https:\/\/villa-pasman.com\/hr\/kontaktirajte-nas\/","og_site_name":"Homes4You Villa Pasman","article_modified_time":"2020-11-12T12:30:54+00:00","twitter_card":"summary_large_image","twitter_misc":{"Procijenjeno vrijeme \u010ditanja":"2 minute"},"schema":{"@context":"https:\/\/schema.org","@graph":[{"@type":"WebPage","@id":"https:\/\/villa-pasman.com\/hr\/kontaktirajte-nas\/","url":"https:\/\/villa-pasman.com\/hr\/kontaktirajte-nas\/","name":"Kontaktirajte nas | Homes4You Vila Pa\u0161man | Rezerviraj Vilu Pa\u0161man","isPartOf":{"@id":"https:\/\/villa-pasman.com\/hr\/#website"},"datePublished":"2019-12-12T18:11:20+00:00","dateModified":"2020-11-12T12:30:54+00:00","description":"Sanjate vrhunski odmor na otoku? Na\u0161 kompleks villa Homes4You Vam pru\u017ea odli\u010dno okru\u017eenje upravo za to! Kontaktirajte nas ukoliko imate kakvih pitanja.","breadcrumb":{"@id":"https:\/\/villa-pasman.com\/hr\/kontaktirajte-nas\/#breadcrumb"},"inLanguage":"hr","potentialAction":[{"@type":"ReadAction","target":["https:\/\/villa-pasman.com\/hr\/kontaktirajte-nas\/"]}]},{"@type":"BreadcrumbList","@id":"https:\/\/villa-pasman.com\/hr\/kontaktirajte-nas\/#breadcrumb","itemListElement":[{"@type":"ListItem","position":1,"name":"Po\u010detna stranica","item":"https:\/\/villa-pasman.com\/hr\/"},{"@type":"ListItem","position":2,"name":"Kontaktirajte nas"}]},{"@type":"WebSite","@id":"https:\/\/villa-pasman.com\/hr\/#website","url":"https:\/\/villa-pasman.com\/hr\/","name":"Homes4You Villa Pasman","description":"Rent luxury Villa Complex","potentialAction":[{"@type":"SearchAction","target":{"@type":"EntryPoint","urlTemplate":"https:\/\/villa-pasman.com\/hr\/?s={search_term_string}"},"query-input":{"@type":"PropertyValueSpecification","valueRequired":true,"valueName":"search_term_string"}}],"inLanguage":"hr"}]}},"_links":{"self":[{"href":"https:\/\/villa-pasman.com\/hr\/wp-json\/wp\/v2\/pages\/821","targetHints":{"allow":["GET"]}}],"collection":[{"href":"https:\/\/villa-pasman.com\/hr\/wp-json\/wp\/v2\/pages"}],"about":[{"href":"https:\/\/villa-pasman.com\/hr\/wp-json\/wp\/v2\/types\/page"}],"author":[{"embeddable":true,"href":"https:\/\/villa-pasman.com\/hr\/wp-json\/wp\/v2\/users\/1"}],"replies":[{"embeddable":true,"href":"https:\/\/villa-pasman.com\/hr\/wp-json\/wp\/v2\/comments?post=821"}],"version-history":[{"count":3,"href":"https:\/\/villa-pasman.com\/hr\/wp-json\/wp\/v2\/pages\/821\/revisions"}],"predecessor-version":[{"id":997,"href":"https:\/\/villa-pasman.com\/hr\/wp-json\/wp\/v2\/pages\/821\/revisions\/997"}],"wp:attachment":[{"href":"https:\/\/villa-pasman.com\/hr\/wp-json\/wp\/v2\/media?parent=821"}],"curies":[{"name":"wp","href":"https:\/\/api.w.org\/{rel}","templated":true}]}}