{"id":823,"date":"2019-12-12T19:18:30","date_gmt":"2019-12-12T18:18:30","guid":{"rendered":"http:\/\/villa-pasman.com\/lokacija\/"},"modified":"2019-12-16T16:17:46","modified_gmt":"2019-12-16T15:17:46","slug":"lokacija","status":"publish","type":"page","link":"https:\/\/villa-pasman.com\/hr\/lokacija\/","title":{"rendered":"Lokacija"},"content":{"rendered":"<p>[vc_row css_animation=&#8221;&#8221; row_type=&#8221;row&#8221; use_row_as_full_screen_section=&#8221;no&#8221; type=&#8221;grid&#8221; angled_section=&#8221;no&#8221; text_align=&#8221;left&#8221; background_image_as_pattern=&#8221;without_pattern&#8221; z_index=&#8221;&#8221; el_class=&#8221;redak&#8221; css=&#8221;.vc_custom_1575019723751{padding-top: 134px !important;padding-bottom: 142px !important;}&#8221;][vc_column offset=&#8221;vc_col-md-6&#8243;][qode_elements_holder number_of_columns=&#8221;one_column&#8221;][qode_elements_holder_item advanced_animations=&#8221;no&#8221; item_padding=&#8221;0 23px 0 0&#8243; item_padding_600_768=&#8221;0 0px 0 0&#8243; item_padding_480_600=&#8221;0 0px 0 0&#8243; item_padding_480=&#8221;0 0px 0 0&#8243;][vc_single_image image=&#8221;963&#8243; img_size=&#8221;full&#8221; qode_css_animation=&#8221;&#8221;][\/qode_elements_holder_item][\/qode_elements_holder][\/vc_column][vc_column offset=&#8221;vc_col-md-6&#8243;][qode_elements_holder number_of_columns=&#8221;one_column&#8221;][qode_elements_holder_item advanced_animations=&#8221;no&#8221; item_padding=&#8221;50px 0 0 0&#8243; item_padding_1024_1280=&#8221;70px 0 0 0&#8243; item_padding_768_1024=&#8221;3px 0 0 0&#8243;][vc_column_text]<\/p>\n<h2>Okolica objekta<\/h2>\n<p>[\/vc_column_text][vc_separator type=&#8221;small&#8221; position=&#8221;left&#8221; color=&#8221;#0a0a0a&#8221; transparency=&#8221;1&#8243; thickness=&#8221;1&#8243; width=&#8221;63&#8243; up=&#8221;33&#8243; down=&#8221;45&#8243;][vc_column_text]Homes4You smje\u0161teni su u mirnom dijelu otoka Pa\u0161mana, te su od mora i pla\u017ee udaljeni samo 100 metara!<br \/>\nNajbli\u017ei restorani i trgovine su 2 kilometra udaljeni od Vile Pa\u0161man, do kojih se mo\u017ee do\u0107i za par minuta automobilom.[\/vc_column_text]<a  itemprop=\"url\" href=\"\/hr\/o-pasmanu\/\" target=\"_self\" data-hover-background-color=#424242  class=\"qbutton  medium center default\" style=\"color: #ffffff; margin: 4% 0 0 0; background-color: #070707;\">PRO\u010cITAJ VI\u0160E O OTOKU PA\u0160MANU<\/a>[vc_empty_space][\/qode_elements_holder_item][\/qode_elements_holder][\/vc_column][\/vc_row][vc_row css_animation=&#8221;&#8221; row_type=&#8221;row&#8221; use_row_as_full_screen_section=&#8221;no&#8221; type=&#8221;full_width&#8221; angled_section=&#8221;no&#8221; text_align=&#8221;center&#8221; background_image_as_pattern=&#8221;without_pattern&#8221; padding_top=&#8221;30&#8243; padding_bottom=&#8221;30&#8243; z_index=&#8221;&#8221; css=&#8221;.vc_custom_1574691182575{padding-top: 5% !important;background-color: #f2f2f2 !important;}&#8221;][vc_column][vc_column_text]<\/p>\n<h2>Objekti u blizini<\/h2>\n<p>[\/vc_column_text][vc_separator type=&#8221;small&#8221; position=&#8221;center&#8221; color=&#8221;#0a0a0a&#8221; transparency=&#8221;1&#8243; thickness=&#8221;1&#8243; width=&#8221;63&#8243; up=&#8221;21&#8243; down=&#8221;20&#8243;][vc_row_inner row_type=&#8221;row&#8221; type=&#8221;full_width&#8221; text_align=&#8221;left&#8221; css_animation=&#8221;&#8221; css=&#8221;.vc_custom_1573558542223{padding-top: 5% !important;padding-right: 10% !important;padding-bottom: 5% !important;padding-left: 10% !important;}&#8221;][vc_column_inner width=&#8221;1\/6&#8243;][vc_raw_html]PGRpdiBjbGFzcz0iZmFjaWxpdHkiPjxpIGNsYXNzPSJmYXMgZmEtdW1icmVsbGEtYmVhY2ggaWtvbmEiPjwvaT4gPGg1PlBsYcW+YSAoMTAwIG0pPC9oNT48L2Rpdj4=[\/vc_raw_html][\/vc_column_inner][vc_column_inner width=&#8221;1\/6&#8243;][vc_raw_html]PGRpdiBjbGFzcz0iZmFjaWxpdHkiPjxpIGNsYXNzPSJmYXMgZmEtdXRlbnNpbHMgaWtvbmEiPjwvaT4gPGg1PlJlc3RvcmFuICgyIGttKTwvaDU+PC9kaXY+[\/vc_raw_html][\/vc_column_inner][vc_column_inner width=&#8221;1\/6&#8243;][vc_raw_html]PGRpdiBjbGFzcz0iZmFjaWxpdHkiPjxpIGNsYXNzPSJmYXMgZmEtc2hvcHBpbmctY2FydCBpa29uYSI+PC9pPiA8aDU+VHJnb3ZpbmEgKDIga20pPC9oNT48L2Rpdj4=[\/vc_raw_html][\/vc_column_inner][vc_column_inner width=&#8221;1\/6&#8243;][vc_raw_html]PGRpdiBjbGFzcz0iZmFjaWxpdHkiPjxpIGNsYXNzPSJmYXMgZmEtY2l0eSBpa29uYSI+PC9pPiA8aDU+QmlvZ3JhZCBuYSBNb3J1ICg1LDYga20pPC9oNT48L2Rpdj4=[\/vc_raw_html][\/vc_column_inner][vc_column_inner width=&#8221;1\/6&#8243;][vc_raw_html]PGRpdiBjbGFzcz0iZmFjaWxpdHkiPjxpIGNsYXNzPSJmYXMgZmEtcGxhbmUtZGVwYXJ0dXJlIGlrb25hIj48L2k+IDxoNT5BZXJvZHJvbSBaYWRhciAoMzQsNiBrbSk8L2g1PjwvZGl2Pg==[\/vc_raw_html][\/vc_column_inner][vc_column_inner width=&#8221;1\/6&#8243;][vc_raw_html]PGRpdiBjbGFzcz0iZmFjaWxpdHkiPjxpIGNsYXNzPSJmYXMgZmEtY2l0eSBpa29uYSI+PC9pPiA8aDU+WmFkYXIgKDM1LDMga20pPC9oNT48L2Rpdj4=[\/vc_raw_html][\/vc_column_inner][\/vc_row_inner][\/vc_column][\/vc_row][vc_row css_animation=&#8221;&#8221; row_type=&#8221;row&#8221; use_row_as_full_screen_section=&#8221;no&#8221; type=&#8221;full_width&#8221; angled_section=&#8221;no&#8221; text_align=&#8221;left&#8221; background_image_as_pattern=&#8221;without_pattern&#8221; css=&#8221;.vc_custom_1574691198784{background-color: #f2f2f2 !important;}&#8221; z_index=&#8221;&#8221;][vc_column][vc_gmaps link=&#8221;#E-8_JTNDaWZyYW1lJTIwc3JjJTNEJTIyaHR0cHMlM0ElMkYlMkZ3d3cuZ29vZ2xlLmNvbSUyRm1hcHMlMkZlbWJlZCUzRnBiJTNEJTIxMW0xOCUyMTFtMTIlMjExbTMlMjExZDI4NzMuMzUwODU3MjE4MTQ3NyUyMTJkMTUuMzk0MTY4MDE1NzI5NjE0JTIxM2Q0My45MzE0MTE5NDI0MTMyMzQlMjEybTMlMjExZjAlMjEyZjAlMjEzZjAlMjEzbTIlMjExaTEwMjQlMjEyaTc2OCUyMTRmMTMuMSUyMTNtMyUyMTFtMiUyMTFzMHgxMzM0YjVmOTljYWVhYjYzJTI1M0EweDRhYTI3ODczZWY0ZGY2NDglMjEyc0hvbWVzNHlvdSUyNTIwUGFzbWFuJTIxNWUwJTIxM20yJTIxMXNociUyMTJzaHIlMjE0djE1NzQ2OTA0MTA0ODclMjE1bTIlMjExc2hyJTIxMnNociUyMiUyMHdpZHRoJTNEJTIyNjAwJTIyJTIwaGVpZ2h0JTNEJTIyNDUwJTIyJTIwZnJhbWVib3JkZXIlM0QlMjIwJTIyJTIwc3R5bGUlM0QlMjJib3JkZXIlM0EwJTNCJTIyJTIwYWxsb3dmdWxsc2NyZWVuJTNEJTIyJTIyJTNFJTNDJTJGaWZyYW1lJTNF&#8221;][\/vc_column][\/vc_row][vc_row css_animation=&#8221;&#8221; row_type=&#8221;row&#8221; use_row_as_full_screen_section=&#8221;no&#8221; type=&#8221;grid&#8221; angled_section=&#8221;no&#8221; text_align=&#8221;center&#8221; background_image_as_pattern=&#8221;without_pattern&#8221; padding_top=&#8221;135&#8243; padding_bottom=&#8221;103&#8243; z_index=&#8221;&#8221; css=&#8221;.vc_custom_1575024345045{padding-top: 7% !important;padding-right: 5% !important;padding-bottom: 7% !important;padding-left: 5% !important;background: #f2f0ef url(http:\/\/villa-pasman.com\/wp-content\/uploads\/2019\/11\/enjoying-in-the-sun-pasman-island-villa.jpg?id=563) !important;background-position: center !important;background-repeat: no-repeat !important;background-size: cover !important;}&#8221; el_class=&#8221;centriraj&#8221;][vc_column css=&#8221;.vc_custom_1573634420134{padding-top: 10% !important;padding-right: 2% !important;padding-bottom: 5% !important;padding-left: 2% !important;}&#8221;][vc_row_inner row_type=&#8221;row&#8221; type=&#8221;full_width&#8221; text_align=&#8221;left&#8221; css_animation=&#8221;&#8221;][vc_column_inner width=&#8221;1\/4&#8243;][\/vc_column_inner][vc_column_inner el_class=&#8221;centriraj&#8221; width=&#8221;1\/2&#8243; css=&#8221;.vc_custom_1573635678644{padding-top: 10% !important;padding-right: 5% !important;padding-bottom: 5% !important;padding-left: 5% !important;background-color: rgba(255,255,255,0.9) !important;*background-color: rgb(255,255,255) !important;}&#8221;][vc_column_text]<\/p>\n<h2>Rezerviraj Vilu Pa\u0161man<\/h2>\n<p>&nbsp;[\/vc_column_text][vc_separator type=&#8221;small&#8221; position=&#8221;center&#8221; color=&#8221;#0a0a0a&#8221; transparency=&#8221;1&#8243; thickness=&#8221;1&#8243; width=&#8221;63&#8243; up=&#8221;31&#8243; down=&#8221;48&#8243;][vc_column_text]\u017delite li rezervirati cijeli kompleks Homes4You ili jednu od njegovih luksuznih vila?[\/vc_column_text]<a  itemprop=\"url\" href=\"\/hr\/rezervacija\/\" target=\"_self\" data-hover-background-color=#424242  class=\"qbutton  medium center default\" style=\"color: #ffffff; margin: 4% 0 0 0; background-color: #070707;\">REZERVIRAJ<\/a>[\/vc_column_inner][vc_column_inner width=&#8221;1\/4&#8243;][\/vc_column_inner][\/vc_row_inner][\/vc_column][\/vc_row]<\/p>\n","protected":false},"excerpt":{"rendered":"<p>[vc_row css_animation=&#8221;&#8221; row_type=&#8221;row&#8221; use_row_as_full_screen_section=&#8221;no&#8221; type=&#8221;grid&#8221; angled_section=&#8221;no&#8221; text_align=&#8221;left&#8221; background_image_as_pattern=&#8221;without_pattern&#8221; z_index=&#8221;&#8221; el_class=&#8221;redak&#8221; css=&#8221;.vc_custom_1575019723751{padding-top: 134px !important;padding-bottom: 142px !important;}&#8221;][vc_column offset=&#8221;vc_col-md-6&#8243;][qode_elements_holder number_of_columns=&#8221;one_column&#8221;][qode_elements_holder_item advanced_animations=&#8221;no&#8221; item_padding=&#8221;0 23px 0 0&#8243; item_padding_600_768=&#8221;0 0px 0 0&#8243; item_padding_480_600=&#8221;0 0px 0 0&#8243; item_padding_480=&#8221;0 0px 0 0&#8243;][vc_single_image image=&#8221;963&#8243; img_size=&#8221;full&#8221; qode_css_animation=&#8221;&#8221;][\/qode_elements_holder_item][\/qode_elements_holder][\/vc_column][vc_column offset=&#8221;vc_col-md-6&#8243;][qode_elements_holder number_of_columns=&#8221;one_column&#8221;][qode_elements_holder_item advanced_animations=&#8221;no&#8221; item_padding=&#8221;50px 0 0 0&#8243; item_padding_1024_1280=&#8221;70px&#8230;<\/p>\n","protected":false},"author":1,"featured_media":0,"parent":0,"menu_order":0,"comment_status":"closed","ping_status":"closed","template":"full_width.php","meta":{"footnotes":""},"class_list":["post-823","page","type-page","status-publish","hentry"],"yoast_head":"<!-- This site is optimized with the Yoast SEO plugin v27.5 - https:\/\/yoast.com\/product\/yoast-seo-wordpress\/ -->\n<title>Lokacija | Homes4You Vila Pa\u0161man | Smje\u0161taj na otoku Pa\u0161manu<\/title>\n<meta name=\"description\" content=\"Homes4You smje\u0161teni su u mirnom dijelu otoka Pa\u0161mana, te su od mora i pla\u017ee udaljeni samo 100 metara! U\u017eivajte na svom odmoru u na\u0161oj vili.\" \/>\n<meta name=\"robots\" content=\"index, follow, max-snippet:-1, max-image-preview:large, max-video-preview:-1\" \/>\n<link rel=\"canonical\" href=\"https:\/\/villa-pasman.com\/hr\/lokacija\/\" \/>\n<meta property=\"og:locale\" content=\"hr_HR\" \/>\n<meta property=\"og:type\" content=\"article\" \/>\n<meta property=\"og:title\" content=\"Lokacija | Homes4You Vila Pa\u0161man | Smje\u0161taj na otoku Pa\u0161manu\" \/>\n<meta property=\"og:description\" content=\"Homes4You smje\u0161teni su u mirnom dijelu otoka Pa\u0161mana, te su od mora i pla\u017ee udaljeni samo 100 metara! U\u017eivajte na svom odmoru u na\u0161oj vili.\" \/>\n<meta property=\"og:url\" content=\"https:\/\/villa-pasman.com\/hr\/lokacija\/\" \/>\n<meta property=\"og:site_name\" content=\"Homes4You Villa Pasman\" \/>\n<meta property=\"article:modified_time\" content=\"2019-12-16T15:17:46+00:00\" \/>\n<meta name=\"twitter:card\" content=\"summary_large_image\" \/>\n<meta name=\"twitter:label1\" content=\"Procijenjeno vrijeme \u010ditanja\" \/>\n\t<meta name=\"twitter:data1\" content=\"4 minute\" \/>\n<script type=\"application\/ld+json\" class=\"yoast-schema-graph\">{\"@context\":\"https:\\\/\\\/schema.org\",\"@graph\":[{\"@type\":\"WebPage\",\"@id\":\"https:\\\/\\\/villa-pasman.com\\\/hr\\\/lokacija\\\/\",\"url\":\"https:\\\/\\\/villa-pasman.com\\\/hr\\\/lokacija\\\/\",\"name\":\"Lokacija | Homes4You Vila Pa\u0161man | Smje\u0161taj na otoku Pa\u0161manu\",\"isPartOf\":{\"@id\":\"https:\\\/\\\/villa-pasman.com\\\/hr\\\/#website\"},\"datePublished\":\"2019-12-12T18:18:30+00:00\",\"dateModified\":\"2019-12-16T15:17:46+00:00\",\"description\":\"Homes4You smje\u0161teni su u mirnom dijelu otoka Pa\u0161mana, te su od mora i pla\u017ee udaljeni samo 100 metara! U\u017eivajte na svom odmoru u na\u0161oj vili.\",\"breadcrumb\":{\"@id\":\"https:\\\/\\\/villa-pasman.com\\\/hr\\\/lokacija\\\/#breadcrumb\"},\"inLanguage\":\"hr\",\"potentialAction\":[{\"@type\":\"ReadAction\",\"target\":[\"https:\\\/\\\/villa-pasman.com\\\/hr\\\/lokacija\\\/\"]}]},{\"@type\":\"BreadcrumbList\",\"@id\":\"https:\\\/\\\/villa-pasman.com\\\/hr\\\/lokacija\\\/#breadcrumb\",\"itemListElement\":[{\"@type\":\"ListItem\",\"position\":1,\"name\":\"Po\u010detna stranica\",\"item\":\"https:\\\/\\\/villa-pasman.com\\\/hr\\\/\"},{\"@type\":\"ListItem\",\"position\":2,\"name\":\"Lokacija\"}]},{\"@type\":\"WebSite\",\"@id\":\"https:\\\/\\\/villa-pasman.com\\\/hr\\\/#website\",\"url\":\"https:\\\/\\\/villa-pasman.com\\\/hr\\\/\",\"name\":\"Homes4You Villa Pasman\",\"description\":\"Rent luxury Villa Complex\",\"potentialAction\":[{\"@type\":\"SearchAction\",\"target\":{\"@type\":\"EntryPoint\",\"urlTemplate\":\"https:\\\/\\\/villa-pasman.com\\\/hr\\\/?s={search_term_string}\"},\"query-input\":{\"@type\":\"PropertyValueSpecification\",\"valueRequired\":true,\"valueName\":\"search_term_string\"}}],\"inLanguage\":\"hr\"}]}<\/script>\n<!-- \/ Yoast SEO plugin. -->","yoast_head_json":{"title":"Lokacija | Homes4You Vila Pa\u0161man | Smje\u0161taj na otoku Pa\u0161manu","description":"Homes4You smje\u0161teni su u mirnom dijelu otoka Pa\u0161mana, te su od mora i pla\u017ee udaljeni samo 100 metara! U\u017eivajte na svom odmoru u na\u0161oj vili.","robots":{"index":"index","follow":"follow","max-snippet":"max-snippet:-1","max-image-preview":"max-image-preview:large","max-video-preview":"max-video-preview:-1"},"canonical":"https:\/\/villa-pasman.com\/hr\/lokacija\/","og_locale":"hr_HR","og_type":"article","og_title":"Lokacija | Homes4You Vila Pa\u0161man | Smje\u0161taj na otoku Pa\u0161manu","og_description":"Homes4You smje\u0161teni su u mirnom dijelu otoka Pa\u0161mana, te su od mora i pla\u017ee udaljeni samo 100 metara! U\u017eivajte na svom odmoru u na\u0161oj vili.","og_url":"https:\/\/villa-pasman.com\/hr\/lokacija\/","og_site_name":"Homes4You Villa Pasman","article_modified_time":"2019-12-16T15:17:46+00:00","twitter_card":"summary_large_image","twitter_misc":{"Procijenjeno vrijeme \u010ditanja":"4 minute"},"schema":{"@context":"https:\/\/schema.org","@graph":[{"@type":"WebPage","@id":"https:\/\/villa-pasman.com\/hr\/lokacija\/","url":"https:\/\/villa-pasman.com\/hr\/lokacija\/","name":"Lokacija | Homes4You Vila Pa\u0161man | Smje\u0161taj na otoku Pa\u0161manu","isPartOf":{"@id":"https:\/\/villa-pasman.com\/hr\/#website"},"datePublished":"2019-12-12T18:18:30+00:00","dateModified":"2019-12-16T15:17:46+00:00","description":"Homes4You smje\u0161teni su u mirnom dijelu otoka Pa\u0161mana, te su od mora i pla\u017ee udaljeni samo 100 metara! U\u017eivajte na svom odmoru u na\u0161oj vili.","breadcrumb":{"@id":"https:\/\/villa-pasman.com\/hr\/lokacija\/#breadcrumb"},"inLanguage":"hr","potentialAction":[{"@type":"ReadAction","target":["https:\/\/villa-pasman.com\/hr\/lokacija\/"]}]},{"@type":"BreadcrumbList","@id":"https:\/\/villa-pasman.com\/hr\/lokacija\/#breadcrumb","itemListElement":[{"@type":"ListItem","position":1,"name":"Po\u010detna stranica","item":"https:\/\/villa-pasman.com\/hr\/"},{"@type":"ListItem","position":2,"name":"Lokacija"}]},{"@type":"WebSite","@id":"https:\/\/villa-pasman.com\/hr\/#website","url":"https:\/\/villa-pasman.com\/hr\/","name":"Homes4You Villa Pasman","description":"Rent luxury Villa Complex","potentialAction":[{"@type":"SearchAction","target":{"@type":"EntryPoint","urlTemplate":"https:\/\/villa-pasman.com\/hr\/?s={search_term_string}"},"query-input":{"@type":"PropertyValueSpecification","valueRequired":true,"valueName":"search_term_string"}}],"inLanguage":"hr"}]}},"_links":{"self":[{"href":"https:\/\/villa-pasman.com\/hr\/wp-json\/wp\/v2\/pages\/823","targetHints":{"allow":["GET"]}}],"collection":[{"href":"https:\/\/villa-pasman.com\/hr\/wp-json\/wp\/v2\/pages"}],"about":[{"href":"https:\/\/villa-pasman.com\/hr\/wp-json\/wp\/v2\/types\/page"}],"author":[{"embeddable":true,"href":"https:\/\/villa-pasman.com\/hr\/wp-json\/wp\/v2\/users\/1"}],"replies":[{"embeddable":true,"href":"https:\/\/villa-pasman.com\/hr\/wp-json\/wp\/v2\/comments?post=823"}],"version-history":[{"count":4,"href":"https:\/\/villa-pasman.com\/hr\/wp-json\/wp\/v2\/pages\/823\/revisions"}],"predecessor-version":[{"id":966,"href":"https:\/\/villa-pasman.com\/hr\/wp-json\/wp\/v2\/pages\/823\/revisions\/966"}],"wp:attachment":[{"href":"https:\/\/villa-pasman.com\/hr\/wp-json\/wp\/v2\/media?parent=823"}],"curies":[{"name":"wp","href":"https:\/\/api.w.org\/{rel}","templated":true}]}}