{"id":825,"date":"2019-12-12T19:21:00","date_gmt":"2019-12-12T18:21:00","guid":{"rendered":"http:\/\/villa-pasman.com\/izjava-o-privatnosti\/"},"modified":"2020-11-12T13:41:24","modified_gmt":"2020-11-12T12:41:24","slug":"izjava-o-privatnosti","status":"publish","type":"page","link":"https:\/\/villa-pasman.com\/hr\/izjava-o-privatnosti\/","title":{"rendered":"Izjava o privatnosti"},"content":{"rendered":"<p>[vc_row css_animation=&#8221;&#8221; row_type=&#8221;row&#8221; use_row_as_full_screen_section=&#8221;no&#8221; type=&#8221;full_width&#8221; angled_section=&#8221;no&#8221; text_align=&#8221;left&#8221; background_image_as_pattern=&#8221;without_pattern&#8221;][vc_column][vc_column_text]<\/p>\n<h2>Izjava o privatnosti<\/h2>\n<p>&nbsp;<\/p>\n<p>ID COMPANY D.O.O. (\u201emi\u201c, \u201emi\u201c ili \u201ena\u0161i\u201c) upravlja web stranicom http:\/\/villa-pasman.com\/ (\u201eusluga\u201c).<\/p>\n<p>Ova stranica vas informira o na\u0161im pravilima u vezi sa prikupljanjem, upotrebom i otkrivanjem osobnih podataka pri kori\u0161tenju na\u0161e usluge i izborima koji su povezani s tim podacima.<\/p>\n<p>Va\u0161e podatke koristimo za pru\u017eanje i pobolj\u0161anje usluge. Kori\u0161tenjem Usluge prihva\u0107ate prikupljanje i kori\u0161tenje informacija u skladu s ovim pravilima. Ako nije druga\u010dije odre\u0111eno u ovim Pravilima o privatnosti, izrazi kori\u0161teni u ovim Pravilima o privatnosti imaju isto zna\u010denje kao i u na\u0161im Uvjetima i odredbama, dostupno s http:\/\/villa-pasman.com\/.<\/p>\n<p>&nbsp;<\/p>\n<h2>Prikupljanje i uporaba informacija<\/h2>\n<p>Prikupljamo nekoliko razli\u010ditih vrsta informacija u razli\u010dite svrhe kako bismo vam pru\u017eili i pobolj\u0161ali na\u0161u uslugu.<\/p>\n<h3>Vrste prikupljenih podataka<\/h3>\n<h3>Osobni podaci<\/h3>\n<p>Tijekom kori\u0161tenja na\u0161e usluge, mo\u017eemo od vas tra\u017eiti da nam date odre\u0111ene osobne podatke pomo\u0107u kojih vas mo\u017eemo kontaktirati ili identificirati (&#8220;Osobni podaci&#8221;). Osobno, podaci koji se mogu identificirati mogu obuhva\u0107ati, ali nisu ograni\u010deni na:<\/p>\n<p>Email adresa<br \/>\nIme i prezime<br \/>\nBroj telefona<br \/>\nAdresa, dr\u017eava, pokrajina, po\u0161tanski broj, grad<br \/>\nKola\u010di\u0107i i podaci o upotrebi<\/p>\n<p>&nbsp;<\/p>\n<h3>Podaci o upotrebi<\/h3>\n<p>Tako\u0111er mo\u017eemo prikupljati podatke o na\u010dinu pristupa i upotrebi usluge (\u201ePodaci o kori\u0161tenju\u201c). Ovi podaci o kori\u0161tenju mogu sadr\u017eavati podatke poput adrese internetskog protokola va\u0161eg ra\u010dunala (npr. IP adresa), vrstu preglednika, verziju preglednika, stranice na\u0161e usluge koje posje\u0107ujete, vrijeme i datum posjete, vrijeme provedeno na tim stranicama, jedinstveno identifikatori ure\u0111aja i drugi dijagnosti\u010dki podaci.<\/p>\n<p>&nbsp;<\/p>\n<h3>Podaci za pra\u0107enje i kola\u010di\u0107i<\/h3>\n<p>Koristimo kola\u010di\u0107e i sli\u010dne tehnologije pra\u0107enja za pra\u0107enje aktivnosti na na\u0161em servisu i \u010duvanje odre\u0111enih podataka.<\/p>\n<p>Kola\u010di\u0107i su datoteke s malom koli\u010dinom podataka koje mogu sadr\u017eavati anonimni jedinstveni identifikator. Kola\u010di\u0107i se u va\u0161 preglednik \u0161alju s web mjesta i pohranjuju se na va\u0161em ure\u0111aju. Kori\u0161tene su i tehnologije pra\u0107enja: \u043c\u0430\u044fle, oznake i skripte za prikupljanje i pra\u0107enje informacija te za pobolj\u0161anje i analizu na\u0161e usluge.<\/p>\n<p>Mo\u017eete uputiti preglednik da odbija sve kola\u010di\u0107e ili nazna\u010diti kada se kola\u010di\u0107 \u0161alje. Me\u0111utim, ako ne prihva\u0107ate kola\u010di\u0107e, mo\u017eda ne\u0107ete mo\u0107i koristiti neke dijelove na\u0161e Usluge.<\/p>\n<p>Primjeri kola\u010di\u0107a koje koristimo:<\/p>\n<p>Kola\u010di\u0107i sesija. Za rad na\u0161e usluge koristimo sesijske kola\u010di\u0107e.<br \/>\nKola\u010di\u0107i s preferencijama koristimo kako bismo zapamtili va\u0161e postavke i razne postavke.<br \/>\nSigurnosni kola\u010di\u0107i. Sigurnosne kola\u010di\u0107e koristimo u sigurnosne svrhe.<\/p>\n<p>&nbsp;<\/p>\n<h2>Upotreba podataka<\/h2>\n<p>ID COMPANY D.O.O.\u00a0 prikupljene podatke koristi u razli\u010dite svrhe:<\/p>\n<p>Za pru\u017eanje i odr\u017eavanje usluge<br \/>\nDa bismo vas obavijestili o promjenama u na\u0161oj Usluzi<br \/>\nDa bismo vam omogu\u0107ili sudjelovanje u interaktivnim zna\u010dajkama na\u0161e Usluge kada to odlu\u010dite<br \/>\nKako bi pru\u017eili brigu i podr\u0161ku kupcima<br \/>\nDa bismo pru\u017eili analizu ili vrijedne informacije kako bismo pobolj\u0161ali uslugu<br \/>\nZa pra\u0107enje kori\u0161tenja usluge<br \/>\nZa otkrivanje, spre\u010davanje i rje\u0161avanje tehni\u010dkih problema<\/p>\n<p>&nbsp;<\/p>\n<h2>Prijenos podataka<\/h2>\n<p>Va\u0161i podaci, uklju\u010duju\u0107i osobne podatke, mogu se prenijeti i odr\u017eavati na ra\u010dunalima koja se nalaze izvan va\u0161e dr\u017eave, provincije, dr\u017eave ili druge dr\u017eavne nadle\u017enosti u kojima se zakoni o za\u0161titi podataka mogu razlikovati od onih iz va\u0161e nadle\u017enosti.<\/p>\n<p>Ako se nalazite izvan Hrvatske i odlu\u010dite nam pru\u017eiti podatke, imajte na umu da podatke, uklju\u010duju\u0107i Osobne podatke, prenosimo u Hrvatsku i tamo obra\u0111ujemo.<\/p>\n<p>Va\u0161 pristanak na ovu Politiku privatnosti nakon \u010dega podnesete takve podatke predstavlja va\u0161 pristanak na taj prijenos.<\/p>\n<p>ID COMPANY D.O.O.\u00a0 morat \u0107e poduzeti sve potrebne korake kako bi osigurali da se s va\u0161im podacima postupa na siguran na\u010din i u skladu s ovim Pravilima o privatnosti i da se prijenos osobnih podataka ne\u0107e odvijati u neku organizaciju ili zemlju, osim ako ne postoji odgovaraju\u0107a kontrola, uklju\u010duju\u0107i sigurnost va\u0161ih podataka podaci i drugi osobni podaci.<\/p>\n<p>&nbsp;<\/p>\n<h2>Otkrivanje podataka<\/h2>\n<h3>Zakonski zahtjevi<\/h3>\n<p>ID COMPANY D.O.O. mo\u017ee otkriti svoje osobne podatke u dobroj vjeri da je takva akcija potrebna kako bi:<\/p>\n<p>U skladu s zakonskom obvezom<br \/>\nZa za\u0161titu i obranu prava ili imovine ID COMPANY D.O.O.<br \/>\nZa sprje\u010davanje ili istragu mogu\u0107ih nedjela u vezi s Uslugom<br \/>\nZa za\u0161titu osobne sigurnosti korisnika Usluge ili javnosti<br \/>\nZa za\u0161titu od pravne odgovornosti<\/p>\n<p>&nbsp;<\/p>\n<h2>Sigurnost podataka<\/h2>\n<p>Sigurnost va\u0161ih podataka za nas je va\u017ena, ali imajte na umu da nijedna metoda prijenosa putem Interneta ili na\u010din elektroni\u010dkog pohranjivanja nisu 100% sigurni. Iako se trudimo koristiti komercijalno prihvatljiva sredstva za za\u0161titu va\u0161ih osobnih podataka, ne mo\u017eemo jam\u010diti njegovu apsolutnu sigurnost.<\/p>\n<p>&nbsp;<\/p>\n<h2>Davatelji usluga<\/h2>\n<p>Mo\u017eemo zaposliti tre\u0107e strane tvrtke i pojedince da bi olak\u0161ali na\u0161u uslugu (&#8220;pru\u017eatelji usluga&#8221;), pru\u017eili uslugu u na\u0161e ime, vr\u0161ili usluge povezane s uslugom ili nam pomogli u analizi kako se na\u0161a usluga koristi.<\/p>\n<p>Ove tre\u0107e strane imaju pristup va\u0161im osobnim podacima samo za obavljanje tih zadataka u na\u0161e ime i obvezne su ih ne otkrivati ili koristiti u druge svrhe.<\/p>\n<p>&nbsp;<\/p>\n<h3>Analytics &lt;\/ h3&gt;Mo\u017eemo koristiti davatelje usluga tre\u0107e strane za nadgledanje i analizu upotrebe na\u0161e usluge.<\/h3>\n<p>Google Analytics: Google Analytics usluga je web analitike koju nudi Google koja prati i prijavljuje promet na web mjestu. Google koristi prikupljene podatke za pra\u0107enje i pra\u0107enje kori\u0161tenja na\u0161e usluge. Ti se podaci dijele s ostalim Googleovim uslugama. Google mo\u017ee koristiti prikupljene podatke za kontekstualizaciju i personaliziranje oglasa vlastite ogla\u0161iva\u010dke mre\u017ee. Mo\u017eete isklju\u010diti mogu\u0107nost da svoju aktivnost na Usluzi u\u010dinite dostupnom Google Analytics instaliranjem dodatka preglednika za isklju\u010divanje usluge Google Analytics. Dodatak sprje\u010dava da Google Analytics JavaScript (ga.js, analytics.js i dc.js) dijeli informacije s Google Analyticsom o aktivnosti posjeta. Da biste saznali vi\u0161e o Googleovim pravilima o privatnosti, posjetite internetsku stranicu Google Privacy and Terms.<\/p>\n<p>&nbsp;<\/p>\n<h2>Poveznice na druge stranice<\/h2>\n<p>Na\u0161a usluga mo\u017ee sadr\u017eavati veze na druge web stranice koje mi ne upravljamo. Ako kliknete vezu tre\u0107e strane, bit \u0107ete preusmjereni na web mjesto te tre\u0107e strane. Toplo vam savjetujemo da pregledate Politiku privatnosti svake web stranice koju posjetite.<\/p>\n<p>Mi nemamo kontrolu nad i ne preuzimamo odgovornost za sadr\u017eaj, politike privatnosti ili prakse bilo koje tre\u0107e strane ili usluge tre\u0107ih strana.<\/p>\n<p>&nbsp;<\/p>\n<h2>Privatnost djece<\/h2>\n<p>Na\u0161a se slu\u017eba ne obra\u0107a nikome mla\u0111em od 18 godina (&#8220;djeca&#8221;).<\/p>\n<p>Mi svjesno ne prikupljamo osobne podatke od osoba mla\u0111ih od 18 godina. Ako ste roditelj ili skrbnik i svjesni ste da su nam Va\u0161a djeca pru\u017eila osobne podatke, molimo kontaktirajte nas. Ako postanemo svjesni da smo od djece prikupljali osobne podatke bez ovjere roditeljskog pristanka, poduzimamo korake za uklanjanje tih podataka s na\u0161ih poslu\u017eitelja.<\/p>\n<p>&nbsp;<\/p>\n<h2>Izmjene ovih pravila o privatnosti<\/h2>\n<p>S vremena na vrijeme mo\u017eemo a\u017eurirati svoju Politiku privatnosti. Obavijestit \u0107emo vas o svim promjenama objavljivanjem novih Pravila o privatnosti na ovoj stranici.<\/p>\n<p>Obavijestit \u0107emo vas putem e-po\u0161te i \/ ili istaknute obavijesti o na\u0161oj usluzi, prije nego \u0161to promjene postanu na snazi i a\u017euriramo &#8220;datum stupanja na snagu&#8221; na vrhu ove politike o privatnosti.<\/p>\n<p>Savjetujemo vam da povremeno pregledavate ovu Politiku o privatnosti radi bilo kakvih promjena. Promjene ovih Pravila o privatnosti na snazi su kad su objavljene na ovoj stranici.<\/p>\n<p>&nbsp;<\/p>\n<h2>Kontaktirajte nas<\/h2>\n<p>Ako imate bilo kakvih pitanja u vezi s ovim Pravilima o privatnosti, obratite nam se:<\/p>\n<p>E-po\u0161tom: info@homes4you.eu<br \/>\nTelefonom: +385 (0) 99 600 2000[\/vc_column_text][vc_empty_space height=&#8221;50px&#8221;][\/vc_column][\/vc_row]<\/p>\n","protected":false},"excerpt":{"rendered":"<p>[vc_row css_animation=&#8221;&#8221; row_type=&#8221;row&#8221; use_row_as_full_screen_section=&#8221;no&#8221; type=&#8221;full_width&#8221; angled_section=&#8221;no&#8221; text_align=&#8221;left&#8221; background_image_as_pattern=&#8221;without_pattern&#8221;][vc_column][vc_column_text] Izjava o privatnosti &nbsp; ID COMPANY D.O.O. (\u201emi\u201c, \u201emi\u201c ili \u201ena\u0161i\u201c) upravlja web stranicom http:\/\/villa-pasman.com\/ (\u201eusluga\u201c). Ova stranica vas informira o na\u0161im pravilima u vezi sa prikupljanjem, upotrebom i otkrivanjem osobnih podataka pri kori\u0161tenju na\u0161e usluge i&#8230;<\/p>\n","protected":false},"author":1,"featured_media":0,"parent":0,"menu_order":0,"comment_status":"closed","ping_status":"open","template":"","meta":{"footnotes":""},"class_list":["post-825","page","type-page","status-publish","hentry"],"yoast_head":"<!-- This site is optimized with the Yoast SEO plugin v27.5 - https:\/\/yoast.com\/product\/yoast-seo-wordpress\/ -->\n<title>Izjava o privatnosti | Homes4You Vila Pa\u0161man | Kompleks vila na otoku Pa\u0161manu<\/title>\n<meta name=\"robots\" content=\"index, follow, max-snippet:-1, max-image-preview:large, max-video-preview:-1\" \/>\n<link rel=\"canonical\" href=\"https:\/\/villa-pasman.com\/hr\/izjava-o-privatnosti\/\" \/>\n<meta property=\"og:locale\" content=\"hr_HR\" \/>\n<meta property=\"og:type\" content=\"article\" \/>\n<meta property=\"og:title\" content=\"Izjava o privatnosti | Homes4You Vila Pa\u0161man | Kompleks vila na otoku Pa\u0161manu\" \/>\n<meta property=\"og:description\" content=\"[vc_row css_animation=&#8221;&#8221; row_type=&#8221;row&#8221; use_row_as_full_screen_section=&#8221;no&#8221; type=&#8221;full_width&#8221; angled_section=&#8221;no&#8221; text_align=&#8221;left&#8221; background_image_as_pattern=&#8221;without_pattern&#8221;][vc_column][vc_column_text] Izjava o privatnosti &nbsp; ID COMPANY D.O.O. (\u201emi\u201c, \u201emi\u201c ili \u201ena\u0161i\u201c) upravlja web stranicom http:\/\/villa-pasman.com\/ (\u201eusluga\u201c). Ova stranica vas informira o na\u0161im pravilima u vezi sa prikupljanjem, upotrebom i otkrivanjem osobnih podataka pri kori\u0161tenju na\u0161e usluge i...\" \/>\n<meta property=\"og:url\" content=\"https:\/\/villa-pasman.com\/hr\/izjava-o-privatnosti\/\" \/>\n<meta property=\"og:site_name\" content=\"Homes4You Villa Pasman\" \/>\n<meta property=\"article:modified_time\" content=\"2020-11-12T12:41:24+00:00\" \/>\n<meta name=\"twitter:card\" content=\"summary_large_image\" \/>\n<meta name=\"twitter:label1\" content=\"Procijenjeno vrijeme \u010ditanja\" \/>\n\t<meta name=\"twitter:data1\" content=\"7 minuta\" \/>\n<script type=\"application\/ld+json\" class=\"yoast-schema-graph\">{\"@context\":\"https:\\\/\\\/schema.org\",\"@graph\":[{\"@type\":\"WebPage\",\"@id\":\"https:\\\/\\\/villa-pasman.com\\\/hr\\\/izjava-o-privatnosti\\\/\",\"url\":\"https:\\\/\\\/villa-pasman.com\\\/hr\\\/izjava-o-privatnosti\\\/\",\"name\":\"Izjava o privatnosti | Homes4You Vila Pa\u0161man | Kompleks vila na otoku Pa\u0161manu\",\"isPartOf\":{\"@id\":\"https:\\\/\\\/villa-pasman.com\\\/hr\\\/#website\"},\"datePublished\":\"2019-12-12T18:21:00+00:00\",\"dateModified\":\"2020-11-12T12:41:24+00:00\",\"breadcrumb\":{\"@id\":\"https:\\\/\\\/villa-pasman.com\\\/hr\\\/izjava-o-privatnosti\\\/#breadcrumb\"},\"inLanguage\":\"hr\",\"potentialAction\":[{\"@type\":\"ReadAction\",\"target\":[\"https:\\\/\\\/villa-pasman.com\\\/hr\\\/izjava-o-privatnosti\\\/\"]}]},{\"@type\":\"BreadcrumbList\",\"@id\":\"https:\\\/\\\/villa-pasman.com\\\/hr\\\/izjava-o-privatnosti\\\/#breadcrumb\",\"itemListElement\":[{\"@type\":\"ListItem\",\"position\":1,\"name\":\"Po\u010detna stranica\",\"item\":\"https:\\\/\\\/villa-pasman.com\\\/hr\\\/\"},{\"@type\":\"ListItem\",\"position\":2,\"name\":\"Izjava o privatnosti\"}]},{\"@type\":\"WebSite\",\"@id\":\"https:\\\/\\\/villa-pasman.com\\\/hr\\\/#website\",\"url\":\"https:\\\/\\\/villa-pasman.com\\\/hr\\\/\",\"name\":\"Homes4You Villa Pasman\",\"description\":\"Rent luxury Villa Complex\",\"potentialAction\":[{\"@type\":\"SearchAction\",\"target\":{\"@type\":\"EntryPoint\",\"urlTemplate\":\"https:\\\/\\\/villa-pasman.com\\\/hr\\\/?s={search_term_string}\"},\"query-input\":{\"@type\":\"PropertyValueSpecification\",\"valueRequired\":true,\"valueName\":\"search_term_string\"}}],\"inLanguage\":\"hr\"}]}<\/script>\n<!-- \/ Yoast SEO plugin. -->","yoast_head_json":{"title":"Izjava o privatnosti | Homes4You Vila Pa\u0161man | Kompleks vila na otoku Pa\u0161manu","robots":{"index":"index","follow":"follow","max-snippet":"max-snippet:-1","max-image-preview":"max-image-preview:large","max-video-preview":"max-video-preview:-1"},"canonical":"https:\/\/villa-pasman.com\/hr\/izjava-o-privatnosti\/","og_locale":"hr_HR","og_type":"article","og_title":"Izjava o privatnosti | Homes4You Vila Pa\u0161man | Kompleks vila na otoku Pa\u0161manu","og_description":"[vc_row css_animation=&#8221;&#8221; row_type=&#8221;row&#8221; use_row_as_full_screen_section=&#8221;no&#8221; type=&#8221;full_width&#8221; angled_section=&#8221;no&#8221; text_align=&#8221;left&#8221; background_image_as_pattern=&#8221;without_pattern&#8221;][vc_column][vc_column_text] Izjava o privatnosti &nbsp; ID COMPANY D.O.O. (\u201emi\u201c, \u201emi\u201c ili \u201ena\u0161i\u201c) upravlja web stranicom http:\/\/villa-pasman.com\/ (\u201eusluga\u201c). Ova stranica vas informira o na\u0161im pravilima u vezi sa prikupljanjem, upotrebom i otkrivanjem osobnih podataka pri kori\u0161tenju na\u0161e usluge i...","og_url":"https:\/\/villa-pasman.com\/hr\/izjava-o-privatnosti\/","og_site_name":"Homes4You Villa Pasman","article_modified_time":"2020-11-12T12:41:24+00:00","twitter_card":"summary_large_image","twitter_misc":{"Procijenjeno vrijeme \u010ditanja":"7 minuta"},"schema":{"@context":"https:\/\/schema.org","@graph":[{"@type":"WebPage","@id":"https:\/\/villa-pasman.com\/hr\/izjava-o-privatnosti\/","url":"https:\/\/villa-pasman.com\/hr\/izjava-o-privatnosti\/","name":"Izjava o privatnosti | Homes4You Vila Pa\u0161man | Kompleks vila na otoku Pa\u0161manu","isPartOf":{"@id":"https:\/\/villa-pasman.com\/hr\/#website"},"datePublished":"2019-12-12T18:21:00+00:00","dateModified":"2020-11-12T12:41:24+00:00","breadcrumb":{"@id":"https:\/\/villa-pasman.com\/hr\/izjava-o-privatnosti\/#breadcrumb"},"inLanguage":"hr","potentialAction":[{"@type":"ReadAction","target":["https:\/\/villa-pasman.com\/hr\/izjava-o-privatnosti\/"]}]},{"@type":"BreadcrumbList","@id":"https:\/\/villa-pasman.com\/hr\/izjava-o-privatnosti\/#breadcrumb","itemListElement":[{"@type":"ListItem","position":1,"name":"Po\u010detna stranica","item":"https:\/\/villa-pasman.com\/hr\/"},{"@type":"ListItem","position":2,"name":"Izjava o privatnosti"}]},{"@type":"WebSite","@id":"https:\/\/villa-pasman.com\/hr\/#website","url":"https:\/\/villa-pasman.com\/hr\/","name":"Homes4You Villa Pasman","description":"Rent luxury Villa Complex","potentialAction":[{"@type":"SearchAction","target":{"@type":"EntryPoint","urlTemplate":"https:\/\/villa-pasman.com\/hr\/?s={search_term_string}"},"query-input":{"@type":"PropertyValueSpecification","valueRequired":true,"valueName":"search_term_string"}}],"inLanguage":"hr"}]}},"_links":{"self":[{"href":"https:\/\/villa-pasman.com\/hr\/wp-json\/wp\/v2\/pages\/825","targetHints":{"allow":["GET"]}}],"collection":[{"href":"https:\/\/villa-pasman.com\/hr\/wp-json\/wp\/v2\/pages"}],"about":[{"href":"https:\/\/villa-pasman.com\/hr\/wp-json\/wp\/v2\/types\/page"}],"author":[{"embeddable":true,"href":"https:\/\/villa-pasman.com\/hr\/wp-json\/wp\/v2\/users\/1"}],"replies":[{"embeddable":true,"href":"https:\/\/villa-pasman.com\/hr\/wp-json\/wp\/v2\/comments?post=825"}],"version-history":[{"count":4,"href":"https:\/\/villa-pasman.com\/hr\/wp-json\/wp\/v2\/pages\/825\/revisions"}],"predecessor-version":[{"id":1001,"href":"https:\/\/villa-pasman.com\/hr\/wp-json\/wp\/v2\/pages\/825\/revisions\/1001"}],"wp:attachment":[{"href":"https:\/\/villa-pasman.com\/hr\/wp-json\/wp\/v2\/media?parent=825"}],"curies":[{"name":"wp","href":"https:\/\/api.w.org\/{rel}","templated":true}]}}