{"id":827,"date":"2019-12-12T19:33:19","date_gmt":"2019-12-12T18:33:19","guid":{"rendered":"http:\/\/villa-pasman.com\/naslovnica\/"},"modified":"2023-06-29T09:57:54","modified_gmt":"2023-06-29T07:57:54","slug":"naslovnica","status":"publish","type":"page","link":"https:\/\/villa-pasman.com\/hr\/","title":{"rendered":"Naslovnica"},"content":{"rendered":"<p>[vc_row css_animation=&#8221;&#8221; row_type=&#8221;row&#8221; use_row_as_full_screen_section=&#8221;no&#8221; type=&#8221;full_width&#8221; angled_section=&#8221;no&#8221; text_align=&#8221;left&#8221; background_image_as_pattern=&#8221;without_pattern&#8221; z_index=&#8221;&#8221;][vc_column][rev_slider_vc alias=&#8221;home-slider&#8221;][\/vc_column][\/vc_row][vc_row css_animation=&#8221;&#8221; row_type=&#8221;row&#8221; use_row_as_full_screen_section=&#8221;no&#8221; type=&#8221;grid&#8221; angled_section=&#8221;no&#8221; text_align=&#8221;left&#8221; background_image_as_pattern=&#8221;without_pattern&#8221; z_index=&#8221;&#8221; css=&#8221;.vc_custom_1574962152038{padding-top: 134px !important;padding-bottom: 50px !important;}&#8221; el_class=&#8221;redak&#8221;][vc_column offset=&#8221;vc_col-md-6&#8243;][qode_elements_holder number_of_columns=&#8221;one_column&#8221;][qode_elements_holder_item advanced_animations=&#8221;no&#8221; item_padding=&#8221;0 23px 0 0&#8243; item_padding_600_768=&#8221;0 0px 0 0&#8243; item_padding_480_600=&#8221;0 0px 0 0&#8243; item_padding_480=&#8221;0 0px 0 0&#8243;][vc_single_image image=&#8221;649&#8243; img_size=&#8221;full&#8221; qode_css_animation=&#8221;&#8221;][\/qode_elements_holder_item][\/qode_elements_holder][\/vc_column][vc_column offset=&#8221;vc_col-md-6&#8243;][qode_elements_holder number_of_columns=&#8221;one_column&#8221;][qode_elements_holder_item advanced_animations=&#8221;no&#8221; item_padding=&#8221;0 0 0 0 !important&#8221; item_padding_1024_1280=&#8221;70px 0 0 0&#8243; item_padding_768_1024=&#8221;3px 0 0 0&#8243;][vc_column_text]<\/p>\n<h2>Sanjate vrhunski odmor na otoku?<\/h2>\n<p>[\/vc_column_text][vc_separator type=&#8221;small&#8221; position=&#8221;left&#8221; color=&#8221;#0a0a0a&#8221; transparency=&#8221;1&#8243; thickness=&#8221;1&#8243; width=&#8221;63&#8243; up=&#8221;33&#8243; down=&#8221;45&#8243;][vc_column_text]Na\u0161 kompleks villa Homes4You Vam pru\u017ea odli\u010dno okru\u017eenje upravo za to!<br \/>\nSmje\u0161tene na prekrasnom otoku Pa\u0161manu, lako dostupnom trajektom iz Zadra ili Biograda, na samo pola sata udaljenosti od me\u0111unarodne zra\u010dne luke Zadar, na\u0161e vile nude savr\u0161enu priliku za odmor iz snova.[\/vc_column_text][vc_empty_space][\/qode_elements_holder_item][\/qode_elements_holder][\/vc_column][\/vc_row][vc_row css_animation=&#8221;&#8221; row_type=&#8221;row&#8221; use_row_as_full_screen_section=&#8221;no&#8221; type=&#8221;grid&#8221; angled_section=&#8221;no&#8221; text_align=&#8221;center&#8221; background_image_as_pattern=&#8221;without_pattern&#8221; z_index=&#8221;&#8221; css=&#8221;.vc_custom_1574962844669{padding-top: 142px !important;padding-bottom: 50px !important;background-color: #f2f0ef !important;}&#8221; el_class=&#8221;redak&#8221;][vc_column][vc_column_text]<\/p>\n<h2>Smje\u0161taj<\/h2>\n<p>[\/vc_column_text][vc_separator type=&#8221;small&#8221; position=&#8221;center&#8221; color=&#8221;#0a0a0a&#8221; transparency=&#8221;1&#8243; thickness=&#8221;1&#8243; width=&#8221;63&#8243; up=&#8221;21&#8243; down=&#8221;20&#8243;][vc_column_text]Luksuzni kompleks Homes4You \u010dine \u010detiri vile visoke klase. Svaka od privatnih vila ima svoj privatni parking, bazen i sun\u010dali\u0161te opremljeno le\u017ealjkama. Unutar svake vile mo\u017eete prona\u0107i u potpunosti opremljenu kuhinju, tri spava\u0107e sobe i dvije kupaonice, kao i ro\u0161tilj koji vam pru\u017ea savr\u0161enu priliku da sami isprobate i pripremite neke od lokalnih specijaliteta. [\/vc_column_text][\/vc_column][\/vc_row][vc_row css_animation=&#8221;&#8221; row_type=&#8221;row&#8221; use_row_as_full_screen_section=&#8221;no&#8221; type=&#8221;grid&#8221; angled_section=&#8221;no&#8221; text_align=&#8221;left&#8221; background_image_as_pattern=&#8221;without_pattern&#8221; padding_bottom=&#8221;117&#8243; z_index=&#8221;&#8221; css=&#8221;.vc_custom_1573553876632{background-color: #f2f0ef !important;}&#8221;][vc_column offset=&#8221;vc_col-md-4&#8243;][vc_single_image image=&#8221;342&#8243; img_size=&#8221;full&#8221; qode_css_animation=&#8221;&#8221; qode_hover_animation=&#8221;zoom_in&#8221;][vc_empty_space height=&#8221;25px&#8221;][vc_column_text]<\/p>\n<h3>Kuhinja<\/h3>\n<p>[\/vc_column_text][vc_empty_space height=&#8221;5px&#8221;][vc_column_text]<\/p>\n<h5>Interijer<\/h5>\n<p>[\/vc_column_text][vc_empty_space height=&#8221;30px&#8221;][\/vc_column][vc_column offset=&#8221;vc_col-md-4&#8243;][vc_single_image image=&#8221;344&#8243; img_size=&#8221;full&#8221; qode_css_animation=&#8221;&#8221; qode_hover_animation=&#8221;zoom_in&#8221;][vc_empty_space height=&#8221;25px&#8221;][vc_column_text]<\/p>\n<h3>Spava\u0107a soba<\/h3>\n<p>[\/vc_column_text][vc_empty_space height=&#8221;5px&#8221;][vc_column_text]<\/p>\n<h5>Interijer<\/h5>\n<p>[\/vc_column_text][vc_empty_space height=&#8221;30px&#8221;][\/vc_column][vc_column offset=&#8221;vc_col-md-4&#8243;][vc_single_image image=&#8221;346&#8243; img_size=&#8221;full&#8221; qode_css_animation=&#8221;&#8221; qode_hover_animation=&#8221;zoom_in&#8221;][vc_empty_space height=&#8221;25px&#8221;][vc_column_text]<\/p>\n<h3>Kupaonica<\/h3>\n<p>[\/vc_column_text][vc_empty_space height=&#8221;5px&#8221;][vc_column_text]<\/p>\n<h5>Interijer<\/h5>\n<p>[\/vc_column_text][vc_empty_space height=&#8221;30px&#8221;][\/vc_column][\/vc_row][vc_row css_animation=&#8221;&#8221; row_type=&#8221;row&#8221; use_row_as_full_screen_section=&#8221;no&#8221; type=&#8221;grid&#8221; angled_section=&#8221;no&#8221; text_align=&#8221;center&#8221; background_image_as_pattern=&#8221;without_pattern&#8221; padding_top=&#8221;135&#8243; padding_bottom=&#8221;103&#8243; z_index=&#8221;&#8221; css=&#8221;.vc_custom_1573576771268{background: #f2f0ef url(http:\/\/villa-pasman.com\/wp-content\/uploads\/2019\/11\/towels-on-the-bed.jpg?id=367) !important;background-position: center !important;background-repeat: no-repeat !important;background-size: cover !important;}&#8221;][vc_column][vc_row_inner row_type=&#8221;row&#8221; type=&#8221;full_width&#8221; text_align=&#8221;left&#8221; css_animation=&#8221;&#8221; css=&#8221;.vc_custom_1573561254474{padding-right: 10% !important;padding-left: 10% !important;}&#8221;][vc_column_inner width=&#8221;1\/4&#8243;][\/vc_column_inner][vc_column_inner width=&#8221;1\/2&#8243; css=&#8221;.vc_custom_1573576841523{padding-top: 10% !important;padding-right: 15% !important;padding-bottom: 5% !important;padding-left: 15% !important;background-color: #f2f2f2 !important;}&#8221;][vc_column_text]<\/p>\n<h3 class=\"centriraj\">Pravila smje\u0161tajnog objekta<\/h3>\n<p>[\/vc_column_text][vc_separator type=&#8221;small&#8221; position=&#8221;center&#8221; color=&#8221;#0a0a0a&#8221; transparency=&#8221;1&#8243; thickness=&#8221;1&#8243; width=&#8221;63&#8243; up=&#8221;31&#8243; down=&#8221;48&#8243;][vc_column_text]<\/p>\n<p class=\"centriraj\">Prijava: 16:00<br \/>\nOdjava: 10:00<br \/>\nAkontacija: 30% ukupnog iznosa<br \/>\nBoravi\u0161na pristojba: Uklju\u010dena u cijenu<br \/>\nOblici pla\u0107anja: Kreditna kartica i bankovni transfer<br \/>\nMax. broj gostiju: 6<br \/>\nLjubimci su dozvoljeni<\/p>\n<p>\u00a0[\/vc_column_text][\/vc_column_inner][vc_column_inner width=&#8221;1\/4&#8243;][\/vc_column_inner][\/vc_row_inner][\/vc_column][\/vc_row][vc_row css_animation=&#8221;&#8221; row_type=&#8221;row&#8221; use_row_as_full_screen_section=&#8221;no&#8221; type=&#8221;full_width&#8221; angled_section=&#8221;no&#8221; text_align=&#8221;center&#8221; background_image_as_pattern=&#8221;without_pattern&#8221; padding_top=&#8221;30&#8243; padding_bottom=&#8221;30&#8243; z_index=&#8221;&#8221; css=&#8221;.vc_custom_1573561885055{padding-top: 5% !important;}&#8221;][vc_column][vc_column_text]<\/p>\n<h3>Svaka pojedina vila sadr\u017ei:<\/h3>\n<p>[\/vc_column_text][vc_row_inner row_type=&#8221;row&#8221; type=&#8221;full_width&#8221; text_align=&#8221;left&#8221; css_animation=&#8221;&#8221; css=&#8221;.vc_custom_1573558542223{padding-top: 5% !important;padding-right: 10% !important;padding-bottom: 5% !important;padding-left: 10% !important;}&#8221;][vc_column_inner width=&#8221;1\/6&#8243;][vc_raw_html]JTNDZGl2JTIwY2xhc3MlM0QlMjJmYWNpbGl0eSUyMiUzRSUzQ2klMjBjbGFzcyUzRCUyMmZhcyUyMGZhLXN3aW1taW5nLXBvb2wlMjBpa29uYSUyMiUzRSUzQyUyRmklM0UlMjAlM0NoNSUzRVByaXZhdG5pJTIwYmF6ZW4lM0MlMkZoNSUzRSUzQyUyRmRpdiUzRQ==[\/vc_raw_html][\/vc_column_inner][vc_column_inner width=&#8221;1\/6&#8243;][vc_raw_html]PGRpdiBjbGFzcz0iZmFjaWxpdHkiPjxpIGNsYXNzPSJmYXMgZmEtcGFya2luZyBpa29uYSI+PC9pPiA8aDU+UHJpdmF0bmkgcGFya2luZzwvaDU+PC9kaXY+[\/vc_raw_html][\/vc_column_inner][vc_column_inner width=&#8221;1\/6&#8243;][vc_raw_html]PGRpdiBjbGFzcz0iZmFjaWxpdHkiPjxpIGNsYXNzPSJmYXMgZmEtYmVkIGlrb25hIj48L2k+IDxoNT4zIHNwYXZhxIdlIHNvYmU8L2g1PjwvZGl2Pg==[\/vc_raw_html][\/vc_column_inner][vc_column_inner width=&#8221;1\/6&#8243;][vc_raw_html]PGRpdiBjbGFzcz0iZmFjaWxpdHkiPjxpIGNsYXNzPSJmYXMgZmEtYmF0aCBpa29uYSI+PC9pPiA8aDU+MiBrdXBhb25pY2UgKDEgdmxhc3RpdGEpPC9oNT48L2Rpdj4=[\/vc_raw_html][\/vc_column_inner][vc_column_inner width=&#8221;1\/6&#8243;][vc_raw_html]PGRpdiBjbGFzcz0iZmFjaWxpdHkiPjxpIGNsYXNzPSJmYXMgZmEtdXRlbnNpbHMgaWtvbmEiPjwvaT4gPGg1PlUgcG90cHVub3N0aSBvcHJlbWxqZW5hIGt1aGluamE8L2g1PjwvZGl2Pg==[\/vc_raw_html][\/vc_column_inner][vc_column_inner width=&#8221;1\/6&#8243;][vc_raw_html]PGRpdiBjbGFzcz0iZmFjaWxpdHkiPjxpIGNsYXNzPSJmYXMgZmEtY291Y2ggaWtvbmEiPjwvaT4gPGg1PjkwIG0yIHN0YW1iZW5vZyBwcm9zdG9yYSBzIGRuZXZuaW0gYm9yYXZrb20gbmEgb3R2b3Jlbm9tPC9oNT48L2Rpdj4=[\/vc_raw_html][\/vc_column_inner][\/vc_row_inner][\/vc_column][\/vc_row][vc_row row_type=&#8221;parallax&#8221; parallax_content_width=&#8221;in_grid&#8221; text_align=&#8221;left&#8221; full_screen_section_height=&#8221;no&#8221; background_image=&#8221;336&#8243; el_class=&#8221;sakrij&#8221;][vc_column][vc_row_inner row_type=&#8221;row&#8221; type=&#8221;full_width&#8221; text_align=&#8221;left&#8221; css_animation=&#8221;&#8221; padding_top=&#8221;152&#8243; padding_bottom=&#8221;163&#8243;][vc_column_inner offset=&#8221;vc_col-md-8&#8243; css=&#8221;.vc_custom_1521111506571{margin-left: -10px !important;}&#8221;][qode_elements_holder number_of_columns=&#8221;one_column&#8221;][qode_elements_holder_item vertical_alignment=&#8221;middle&#8221; horizontal_alignment=&#8221;center&#8221; advanced_animations=&#8221;no&#8221; background_image=&#8221;334&#8243; item_padding=&#8221;21% 0 21% 0&#8243; custom_class=&#8221;video-div&#8221;]<div class=\"qode_video_box disabled_hover_overlay disabled_hover_zoom\">\n\t<a itemprop=\"image\" class=\"qode_video_image\" href=\"https:\/\/www.youtube.com\/watch?v=42RFqmfeHLE\" data-rel=\"prettyPhoto\">\n\t\t\t\n\t\t\t<img decoding=\"async\" src=\"https:\/\/villa-pasman.com\/wp-content\/uploads\/2018\/03\/video-box-1.png\" \/>\n\t\t\t<span class=\"qode_video_box_button_holder\">\n\t\t\t\t<span class=\"qode_video_box_button\">\n\t\t\t\t\t<span class=\"qode_video_box_button_arrow\">\n\t\t\t\t\t<\/span>\n\t\t\t\t<\/span>\n\t\t\t<\/span>\n\t\t\t<\/a>\n<\/div>[\/qode_elements_holder_item][\/qode_elements_holder][\/vc_column_inner][vc_column_inner offset=&#8221;vc_col-md-4&#8243;][qode_elements_holder number_of_columns=&#8221;one_column&#8221;][qode_elements_holder_item advanced_animations=&#8221;no&#8221; item_padding=&#8221;89px 0 0 10px&#8221; item_padding_1024_1280=&#8221;40px 0 0 0&#8243; item_padding_768_1024=&#8221;0px 0 0 0&#8243; item_padding_600_768=&#8221;70px 0 0 0&#8243; item_padding_480_600=&#8221;70px 0 0 0&#8243; item_padding_480=&#8221;70px 0 0 0&#8243;][vc_column_text]<\/p>\n<h1><span style=\"color: #ffffff;\">O Pa\u0161manu<\/span><\/h1>\n<p>[\/vc_column_text][vc_separator type=&#8221;small&#8221; position=&#8221;left&#8221; color=&#8221;#ffffff&#8221; transparency=&#8221;1&#8243; thickness=&#8221;1&#8243; width=&#8221;63&#8243; up=&#8221;24&#8243; down=&#8221;35&#8243;][vc_column_text]<span style=\"color: #ffffff;\">Otok Pa\u0161man je savr\u0161ena destinacija za opu\u0161tanje. Bogat brojnim pje\u0161\u010danim pla\u017eama, uvalama i mediteranskom florom i faunom, otok ostavlja dojam sigurnosti i privla\u010dnosti.<\/span>[\/vc_column_text][\/qode_elements_holder_item][\/qode_elements_holder][\/vc_column_inner][\/vc_row_inner][\/vc_column][\/vc_row][vc_row css_animation=&#8221;&#8221; row_type=&#8221;row&#8221; use_row_as_full_screen_section=&#8221;no&#8221; type=&#8221;grid&#8221; angled_section=&#8221;no&#8221; text_align=&#8221;center&#8221; background_image_as_pattern=&#8221;without_pattern&#8221; padding_top=&#8221;135&#8243; padding_bottom=&#8221;103&#8243; z_index=&#8221;&#8221; css=&#8221;.vc_custom_1573634098171{padding-top: 15% !important;padding-right: 5% !important;padding-bottom: 15% !important;padding-left: 5% !important;background: #f2f0ef url(http:\/\/villa-pasman.com\/wp-content\/uploads\/2019\/11\/villa-pasman-homes4you-pool.jpg?id=375) !important;background-position: center !important;background-repeat: no-repeat !important;background-size: cover !important;}&#8221; el_class=&#8221;centriraj&#8221;][vc_column css=&#8221;.vc_custom_1573634420134{padding-top: 10% !important;padding-right: 2% !important;padding-bottom: 5% !important;padding-left: 2% !important;}&#8221;][vc_row_inner row_type=&#8221;row&#8221; type=&#8221;full_width&#8221; text_align=&#8221;left&#8221; css_animation=&#8221;&#8221;][vc_column_inner width=&#8221;1\/4&#8243;][\/vc_column_inner][vc_column_inner el_class=&#8221;centriraj&#8221; width=&#8221;1\/2&#8243; css=&#8221;.vc_custom_1573635678644{padding-top: 10% !important;padding-right: 5% !important;padding-bottom: 5% !important;padding-left: 5% !important;background-color: rgba(255,255,255,0.9) !important;*background-color: rgb(255,255,255) !important;}&#8221;][vc_column_text]<\/p>\n<h2>Rezerviraj Vilu Pa\u0161man<\/h2>\n<p>[\/vc_column_text][vc_separator type=&#8221;small&#8221; position=&#8221;center&#8221; color=&#8221;#0a0a0a&#8221; transparency=&#8221;1&#8243; thickness=&#8221;1&#8243; width=&#8221;63&#8243; up=&#8221;31&#8243; down=&#8221;48&#8243;][vc_column_text]\u017delite li rezervirati cijeli kompleks Homes4You ili jednu od njegovih luksuznih vila?[\/vc_column_text]<a  itemprop=\"url\" href=\"\/hr\/rezervacija\/\" target=\"_self\" data-hover-background-color=#424242  class=\"qbutton  medium center default\" style=\"color: #ffffff; margin: 4% 0 0 0; background-color: #070707;\">REZERVIRAJ<\/a>[\/vc_column_inner][vc_column_inner width=&#8221;1\/4&#8243;][\/vc_column_inner][\/vc_row_inner][\/vc_column][\/vc_row]<\/p>\n","protected":false},"excerpt":{"rendered":"<p>[vc_row css_animation=&#8221;&#8221; row_type=&#8221;row&#8221; use_row_as_full_screen_section=&#8221;no&#8221; type=&#8221;full_width&#8221; angled_section=&#8221;no&#8221; text_align=&#8221;left&#8221; background_image_as_pattern=&#8221;without_pattern&#8221; z_index=&#8221;&#8221;][vc_column][rev_slider_vc alias=&#8221;home-slider&#8221;][\/vc_column][\/vc_row][vc_row css_animation=&#8221;&#8221; row_type=&#8221;row&#8221; use_row_as_full_screen_section=&#8221;no&#8221; type=&#8221;grid&#8221; angled_section=&#8221;no&#8221; text_align=&#8221;left&#8221; background_image_as_pattern=&#8221;without_pattern&#8221; z_index=&#8221;&#8221; css=&#8221;.vc_custom_1574962152038{padding-top: 134px !important;padding-bottom: 50px !important;}&#8221; el_class=&#8221;redak&#8221;][vc_column offset=&#8221;vc_col-md-6&#8243;][qode_elements_holder number_of_columns=&#8221;one_column&#8221;][qode_elements_holder_item advanced_animations=&#8221;no&#8221; item_padding=&#8221;0 23px 0 0&#8243; item_padding_600_768=&#8221;0 0px 0 0&#8243; item_padding_480_600=&#8221;0 0px 0 0&#8243; item_padding_480=&#8221;0 0px 0 0&#8243;][vc_single_image image=&#8221;649&#8243; img_size=&#8221;full&#8221;&#8230;<\/p>\n","protected":false},"author":1,"featured_media":0,"parent":0,"menu_order":0,"comment_status":"closed","ping_status":"closed","template":"full_width.php","meta":{"footnotes":""},"class_list":["post-827","page","type-page","status-publish","hentry"],"yoast_head":"<!-- This site is optimized with the Yoast SEO plugin v27.5 - https:\/\/yoast.com\/product\/yoast-seo-wordpress\/ -->\n<title>Homes4You Kompleks vila | Vila Pa\u0161man | Smje\u0161taj<\/title>\n<meta name=\"description\" content=\"Smje\u0161tene na prekrasnom otoku Pa\u0161manu, lako dostupnom trajektom iz Zadra ili Biograda, na\u0161e vile nude savr\u0161enu priliku za odmor iz snova.\" \/>\n<meta name=\"robots\" content=\"index, follow, max-snippet:-1, max-image-preview:large, max-video-preview:-1\" \/>\n<link rel=\"canonical\" href=\"https:\/\/villa-pasman.com\/hr\/\" \/>\n<meta property=\"og:locale\" content=\"hr_HR\" \/>\n<meta property=\"og:type\" content=\"article\" \/>\n<meta property=\"og:title\" content=\"Homes4You Kompleks vila | Vila Pa\u0161man | Smje\u0161taj\" \/>\n<meta property=\"og:description\" content=\"Smje\u0161tene na prekrasnom otoku Pa\u0161manu, lako dostupnom trajektom iz Zadra ili Biograda, na\u0161e vile nude savr\u0161enu priliku za odmor iz snova.\" \/>\n<meta property=\"og:url\" content=\"https:\/\/villa-pasman.com\/hr\/\" \/>\n<meta property=\"og:site_name\" content=\"Homes4You Villa Pasman\" \/>\n<meta property=\"article:modified_time\" content=\"2023-06-29T07:57:54+00:00\" \/>\n<meta name=\"twitter:card\" content=\"summary_large_image\" \/>\n<meta name=\"twitter:label1\" content=\"Procijenjeno vrijeme \u010ditanja\" \/>\n\t<meta name=\"twitter:data1\" content=\"3 minute\" \/>\n<script type=\"application\/ld+json\" class=\"yoast-schema-graph\">{\"@context\":\"https:\\\/\\\/schema.org\",\"@graph\":[{\"@type\":\"WebPage\",\"@id\":\"https:\\\/\\\/villa-pasman.com\\\/hr\\\/\",\"url\":\"https:\\\/\\\/villa-pasman.com\\\/hr\\\/\",\"name\":\"Homes4You Kompleks vila | Vila Pa\u0161man | Smje\u0161taj\",\"isPartOf\":{\"@id\":\"https:\\\/\\\/villa-pasman.com\\\/hr\\\/#website\"},\"datePublished\":\"2019-12-12T18:33:19+00:00\",\"dateModified\":\"2023-06-29T07:57:54+00:00\",\"description\":\"Smje\u0161tene na prekrasnom otoku Pa\u0161manu, lako dostupnom trajektom iz Zadra ili Biograda, na\u0161e vile nude savr\u0161enu priliku za odmor iz snova.\",\"breadcrumb\":{\"@id\":\"https:\\\/\\\/villa-pasman.com\\\/hr\\\/#breadcrumb\"},\"inLanguage\":\"hr\",\"potentialAction\":[{\"@type\":\"ReadAction\",\"target\":[\"https:\\\/\\\/villa-pasman.com\\\/hr\\\/\"]}]},{\"@type\":\"BreadcrumbList\",\"@id\":\"https:\\\/\\\/villa-pasman.com\\\/hr\\\/#breadcrumb\",\"itemListElement\":[{\"@type\":\"ListItem\",\"position\":1,\"name\":\"Po\u010detna stranica\",\"item\":\"https:\\\/\\\/villa-pasman.com\\\/hr\\\/\"},{\"@type\":\"ListItem\",\"position\":2,\"name\":\"Naslovnica\"}]},{\"@type\":\"WebSite\",\"@id\":\"https:\\\/\\\/villa-pasman.com\\\/hr\\\/#website\",\"url\":\"https:\\\/\\\/villa-pasman.com\\\/hr\\\/\",\"name\":\"Homes4You Villa Pasman\",\"description\":\"Rent luxury Villa Complex\",\"potentialAction\":[{\"@type\":\"SearchAction\",\"target\":{\"@type\":\"EntryPoint\",\"urlTemplate\":\"https:\\\/\\\/villa-pasman.com\\\/hr\\\/?s={search_term_string}\"},\"query-input\":{\"@type\":\"PropertyValueSpecification\",\"valueRequired\":true,\"valueName\":\"search_term_string\"}}],\"inLanguage\":\"hr\"}]}<\/script>\n<!-- \/ Yoast SEO plugin. -->","yoast_head_json":{"title":"Homes4You Kompleks vila | Vila Pa\u0161man | Smje\u0161taj","description":"Smje\u0161tene na prekrasnom otoku Pa\u0161manu, lako dostupnom trajektom iz Zadra ili Biograda, na\u0161e vile nude savr\u0161enu priliku za odmor iz snova.","robots":{"index":"index","follow":"follow","max-snippet":"max-snippet:-1","max-image-preview":"max-image-preview:large","max-video-preview":"max-video-preview:-1"},"canonical":"https:\/\/villa-pasman.com\/hr\/","og_locale":"hr_HR","og_type":"article","og_title":"Homes4You Kompleks vila | Vila Pa\u0161man | Smje\u0161taj","og_description":"Smje\u0161tene na prekrasnom otoku Pa\u0161manu, lako dostupnom trajektom iz Zadra ili Biograda, na\u0161e vile nude savr\u0161enu priliku za odmor iz snova.","og_url":"https:\/\/villa-pasman.com\/hr\/","og_site_name":"Homes4You Villa Pasman","article_modified_time":"2023-06-29T07:57:54+00:00","twitter_card":"summary_large_image","twitter_misc":{"Procijenjeno vrijeme \u010ditanja":"3 minute"},"schema":{"@context":"https:\/\/schema.org","@graph":[{"@type":"WebPage","@id":"https:\/\/villa-pasman.com\/hr\/","url":"https:\/\/villa-pasman.com\/hr\/","name":"Homes4You Kompleks vila | Vila Pa\u0161man | Smje\u0161taj","isPartOf":{"@id":"https:\/\/villa-pasman.com\/hr\/#website"},"datePublished":"2019-12-12T18:33:19+00:00","dateModified":"2023-06-29T07:57:54+00:00","description":"Smje\u0161tene na prekrasnom otoku Pa\u0161manu, lako dostupnom trajektom iz Zadra ili Biograda, na\u0161e vile nude savr\u0161enu priliku za odmor iz snova.","breadcrumb":{"@id":"https:\/\/villa-pasman.com\/hr\/#breadcrumb"},"inLanguage":"hr","potentialAction":[{"@type":"ReadAction","target":["https:\/\/villa-pasman.com\/hr\/"]}]},{"@type":"BreadcrumbList","@id":"https:\/\/villa-pasman.com\/hr\/#breadcrumb","itemListElement":[{"@type":"ListItem","position":1,"name":"Po\u010detna stranica","item":"https:\/\/villa-pasman.com\/hr\/"},{"@type":"ListItem","position":2,"name":"Naslovnica"}]},{"@type":"WebSite","@id":"https:\/\/villa-pasman.com\/hr\/#website","url":"https:\/\/villa-pasman.com\/hr\/","name":"Homes4You Villa Pasman","description":"Rent luxury Villa Complex","potentialAction":[{"@type":"SearchAction","target":{"@type":"EntryPoint","urlTemplate":"https:\/\/villa-pasman.com\/hr\/?s={search_term_string}"},"query-input":{"@type":"PropertyValueSpecification","valueRequired":true,"valueName":"search_term_string"}}],"inLanguage":"hr"}]}},"_links":{"self":[{"href":"https:\/\/villa-pasman.com\/hr\/wp-json\/wp\/v2\/pages\/827","targetHints":{"allow":["GET"]}}],"collection":[{"href":"https:\/\/villa-pasman.com\/hr\/wp-json\/wp\/v2\/pages"}],"about":[{"href":"https:\/\/villa-pasman.com\/hr\/wp-json\/wp\/v2\/types\/page"}],"author":[{"embeddable":true,"href":"https:\/\/villa-pasman.com\/hr\/wp-json\/wp\/v2\/users\/1"}],"replies":[{"embeddable":true,"href":"https:\/\/villa-pasman.com\/hr\/wp-json\/wp\/v2\/comments?post=827"}],"version-history":[{"count":4,"href":"https:\/\/villa-pasman.com\/hr\/wp-json\/wp\/v2\/pages\/827\/revisions"}],"predecessor-version":[{"id":1113,"href":"https:\/\/villa-pasman.com\/hr\/wp-json\/wp\/v2\/pages\/827\/revisions\/1113"}],"wp:attachment":[{"href":"https:\/\/villa-pasman.com\/hr\/wp-json\/wp\/v2\/media?parent=827"}],"curies":[{"name":"wp","href":"https:\/\/api.w.org\/{rel}","templated":true}]}}